{"id":101,"date":"2026-04-13T03:05:07","date_gmt":"2026-04-13T03:05:07","guid":{"rendered":"https:\/\/fun88dt.com\/index.php\/rut-tien-fun88\/"},"modified":"2026-04-13T03:11:37","modified_gmt":"2026-04-13T03:11:37","slug":"rut-tien-fun88","status":"publish","type":"page","link":"https:\/\/fun88dt.com\/index.php\/rut-tien-fun88\/","title":{"rendered":"R\u00fat Ti\u1ec1n FUN88 &#8211; Nhanh Ch\u00f3ng V\u1edbi Quy Tr\u00ecnh Chu\u1ea9n X\u00e1c"},"content":{"rendered":"<p style=\"text-align: justify;\"><a href=\"https:\/\/fun88dt.com\/rut-tien-fun88\/\" target=\"_blank\" rel=\"noopener\"><strong>R\u00fat ti\u1ec1n FUN88<\/strong><\/a> l\u00e0 b\u01b0\u1edbc cu\u1ed1i c\u00f9ng \u0111\u1ec3 hi\u1ec7n th\u1ef1c h\u00f3a nh\u1eefng n\u1ed7 l\u1ef1c c\u00e1 c\u01b0\u1ee3c c\u1ee7a ng\u01b0\u1eddi ch\u01a1i th\u00e0nh nh\u1eefng kho\u1ea3n ti\u1ec1n m\u1eb7t th\u1ef1c t\u1ebf trong t\u00e0i kho\u1ea3n c\u00e1 nh\u00e2n. Vi\u1ec7c n\u1eafm v\u1eefng tr\u00ecnh t\u1ef1 th\u1ef1c hi\u1ec7n kh\u00f4ng ch\u1ec9 gi\u00fap ti\u1ebft ki\u1ec7m th\u1eddi gian m\u00e0 c\u00f2n \u0111\u1ea3m b\u1ea3o d\u00f2ng v\u1ed1n c\u1ee7a b\u1ea1n lu\u00f4n \u0111\u01b0\u1ee3c lu\u00e2n chuy\u1ec3n m\u1ed9t c\u00e1ch an to\u00e0n. T\u1ea1i th\u1ecb tr\u01b0\u1eddng gi\u1ea3i tr\u00ed tr\u1ef1c tuy\u1ebfn \u0111\u1ea7y s\u00f4i \u0111\u1ed9ng, h\u1ec7 th\u1ed1ng thanh to\u00e1n c\u1ee7a <a href=\"https:\/\/fun88dt.com\/\" target=\"_blank\" rel=\"noopener\"><strong>nh\u00e0 c\u00e1i FUN88<\/strong><\/a> lu\u00f4n \u0111\u01b0\u1ee3c \u0111\u00e1nh gi\u00e1 cao nh\u1edd s\u1ef1 minh b\u1ea1ch v\u00e0 t\u1ed1c \u0111\u1ed9 x\u1eed l\u00fd v\u01b0\u1ee3t tr\u1ed9i.<\/p>\n<h2 style=\"text-align: justify;\"><strong>T\u1ed5ng quan v\u1ec1 d\u1ecbch v\u1ee5 r\u00fat ti\u1ec1n FUN88 hi\u1ec7n nay<\/strong><\/h2>\n<figure id=\"attachment_59\" aria-describedby=\"caption-attachment-59\" style=\"width: 800px\" class=\"wp-caption aligncenter\"><img loading=\"lazy\" decoding=\"async\" class=\"wp-image-59 size-full\" src=\"https:\/\/fun88dt.com\/wp-content\/uploads\/2026\/04\/quy-trinh-thuc-hien-lenh-rut-tien-fun88-an-toan.webp\" alt=\"Quy tr\u00ecnh th\u1ef1c hi\u1ec7n l\u1ec7nh r\u00fat ti\u1ec1n FUN88 an to\u00e0n\" width=\"800\" height=\"400\" srcset=\"https:\/\/fun88dt.com\/wp-content\/uploads\/2026\/04\/quy-trinh-thuc-hien-lenh-rut-tien-fun88-an-toan.webp 800w, https:\/\/fun88dt.com\/wp-content\/uploads\/2026\/04\/quy-trinh-thuc-hien-lenh-rut-tien-fun88-an-toan-300x150.webp 300w, https:\/\/fun88dt.com\/wp-content\/uploads\/2026\/04\/quy-trinh-thuc-hien-lenh-rut-tien-fun88-an-toan-768x384.webp 768w\" sizes=\"auto, (max-width: 800px) 100vw, 800px\" \/><figcaption id=\"caption-attachment-59\" class=\"wp-caption-text\">Quy tr\u00ecnh th\u1ef1c hi\u1ec7n l\u1ec7nh r\u00fat ti\u1ec1n FUN88 an to\u00e0n<\/figcaption><\/figure>\n<p style=\"text-align: justify;\">\u0110\u1ec3 mang l\u1ea1i s\u1ef1 ti\u1ec7n l\u1ee3i t\u1ed1i \u0111a cho c\u00e1c th\u00e0nh vi\u00ean, nh\u00e0 c\u00e1i \u0111\u00e3 thi\u1ebft l\u1eadp m\u1ed9t h\u1ec7 th\u1ed1ng giao d\u1ecbch \u0111a k\u00eanh v\u1edbi c\u00f4ng ngh\u1ec7 m\u00e3 h\u00f3a d\u1eef li\u1ec7u ti\u00ean ti\u1ebfn nh\u1ea5t. Vi\u1ec7c th\u1ef1c hi\u1ec7n l\u1ec7nh <strong>r\u00fat ti\u1ec1n FUN88<\/strong> kh\u00f4ng ch\u1ec9 gi\u1edbi h\u1ea1n \u1edf m\u1ed9t ph\u01b0\u01a1ng th\u1ee9c duy nh\u1ea5t m\u00e0 \u0111\u01b0\u1ee3c m\u1edf r\u1ed9ng qua nhi\u1ec1u c\u1ed5ng thanh to\u00e1n hi\u1ec7n \u0111\u1ea1i. D\u01b0\u1edbi \u0111\u00e2y l\u00e0 b\u1ea3ng th\u1ed1ng k\u00ea chi ti\u1ebft v\u1ec1 c\u00e1c th\u00f4ng s\u1ed1 k\u1ef9 thu\u1eadt c\u0169ng nh\u01b0 th\u1eddi gian x\u1eed l\u00fd cho t\u1eebng ph\u01b0\u01a1ng th\u1ee9c giao d\u1ecbch c\u1ee5 th\u1ec3 t\u1ea1i h\u1ec7 th\u1ed1ng:<\/p>\n<p style=\"text-align: justify;\">M\u1ecdi l\u1ec7nh chuy\u1ec3n ti\u1ec1n \u0111\u1ec1u \u0111\u01b0\u1ee3c gi\u00e1m s\u00e1t b\u1edfi \u0111\u1ed9i ng\u0169 chuy\u00ean gia t\u00e0i ch\u00ednh nh\u1eb1m ng\u0103n ch\u1eb7n c\u00e1c h\u00e0nh vi gian l\u1eadn v\u00e0 \u0111\u1ea3m b\u1ea3o t\u00ednh c\u00f4ng b\u1eb1ng. Khi th\u1ef1c hi\u1ec7n giao d\u1ecbch, ng\u01b0\u1eddi d\u00f9ng c\u1ea7n l\u01b0u \u00fd \u0111\u1ebfn c\u00e1c khung gi\u1edd b\u1ea3o tr\u00ec c\u1ee7a ng\u00e2n h\u00e0ng \u0111\u1ec3 tr\u00e1nh nh\u1eefng s\u1ef1 c\u1ed1 ch\u1eadm tr\u1ec5 kh\u00f4ng \u0111\u00e1ng c\u00f3.<\/p>\n<h2 style=\"text-align: justify;\"><strong>C\u00e1c \u0111i\u1ec1u ki\u1ec7n c\u1ea7n thi\u1ebft \u0111\u1ec3 th\u1ef1c hi\u1ec7n r\u00fat ti\u1ec1n FUN88<\/strong><\/h2>\n<figure id=\"attachment_63\" aria-describedby=\"caption-attachment-63\" style=\"width: 800px\" class=\"wp-caption aligncenter\"><img loading=\"lazy\" decoding=\"async\" class=\"wp-image-63 size-full\" src=\"https:\/\/fun88dt.com\/wp-content\/uploads\/2026\/04\/tuan-thu-cac-quy-dinh-rut-von-tai-he-thong.webp\" alt=\"Tu\u00e2n th\u1ee7 c\u00e1c quy \u0111\u1ecbnh r\u00fat v\u1ed1n t\u1ea1i h\u1ec7 th\u1ed1ng\" width=\"800\" height=\"400\" srcset=\"https:\/\/fun88dt.com\/wp-content\/uploads\/2026\/04\/tuan-thu-cac-quy-dinh-rut-von-tai-he-thong.webp 800w, https:\/\/fun88dt.com\/wp-content\/uploads\/2026\/04\/tuan-thu-cac-quy-dinh-rut-von-tai-he-thong-300x150.webp 300w, https:\/\/fun88dt.com\/wp-content\/uploads\/2026\/04\/tuan-thu-cac-quy-dinh-rut-von-tai-he-thong-768x384.webp 768w\" sizes=\"auto, (max-width: 800px) 100vw, 800px\" \/><figcaption id=\"caption-attachment-63\" class=\"wp-caption-text\">Tu\u00e2n th\u1ee7 c\u00e1c quy \u0111\u1ecbnh r\u00fat v\u1ed1n t\u1ea1i h\u1ec7 th\u1ed1ng<\/figcaption><\/figure>\n<p style=\"text-align: justify;\">\u0110\u1ec3 l\u1ec7nh chuy\u1ec3n ti\u1ec1n \u0111\u01b0\u1ee3c ph\u00ea duy\u1ec7t nhanh nh\u1ea5t, ng\u01b0\u1eddi ch\u01a1i <strong>r\u00fat ti\u1ec1n FUN88 <\/strong>c\u1ea7n \u0111\u1ea3m b\u1ea3o s\u1ed1 d\u01b0 kh\u1ea3 d\u1ee5ng v\u01b0\u1ee3t m\u1ee9c t\u1ed1i thi\u1ec3u quy \u0111\u1ecbnh. \u0110\u1ed3ng th\u1eddi, m\u1ecdi th\u00f4ng tin v\u1ec1 t\u00e0i kho\u1ea3n th\u1ee5 h\u01b0\u1edfng ph\u1ea3i tr\u00f9ng kh\u1edbp ho\u00e0n to\u00e0n v\u1edbi d\u1eef li\u1ec7u \u0111\u00e3 \u0111\u0103ng k\u00fd ban \u0111\u1ea7u.<\/p>\n<ul style=\"text-align: justify;\">\n<li>T\u00e0i kho\u1ea3n c\u00e1 c\u01b0\u1ee3c ph\u1ea3i ho\u00e0n th\u00e0nh \u0111\u1ea7y \u0111\u1ee7 c\u00e1c y\u00eau c\u1ea7u v\u1ec1 t\u1ed5ng doanh thu v\u00f2ng c\u01b0\u1ee3c theo quy \u0111\u1ecbnh c\u1ee7a t\u1eebng ch\u01b0\u01a1ng tr\u00ecnh khuy\u1ebfn m\u00e3i.<\/li>\n<li>Th\u00f4ng tin t\u00ean ch\u1ee7 t\u00e0i kho\u1ea3n ng\u00e2n h\u00e0ng ph\u1ea3i vi\u1ebft hoa kh\u00f4ng d\u1ea5u v\u00e0 tuy\u1ec7t \u0111\u1ed1i kh\u00f4ng \u0111\u01b0\u1ee3c s\u1eed d\u1ee5ng t\u00e0i kho\u1ea3n c\u1ee7a ng\u01b0\u1eddi th\u1ee9 ba.<\/li>\n<li>S\u1ed1 ti\u1ec1n mu\u1ed1n r\u00fat ph\u1ea3i n\u1eb1m trong ph\u1ea1m vi gi\u1edbi h\u1ea1n cho ph\u00e9p c\u1ee7a h\u1ec7 th\u1ed1ng v\u00e0 kh\u00f4ng v\u01b0\u1ee3t qu\u00e1 s\u1ed1 d\u01b0 th\u1ef1c t\u1ebf trong v\u00ed ch\u00ednh.<\/li>\n<li>Ng\u01b0\u1eddi ch\u01a1i c\u1ea7n th\u1ef1c hi\u1ec7n x\u00e1c minh danh t\u00ednh qua s\u1ed1 \u0111i\u1ec7n tho\u1ea1i ho\u1eb7c email n\u1ebfu h\u1ec7 th\u1ed1ng y\u00eau c\u1ea7u \u0111\u1ec3 t\u0103ng c\u01b0\u1eddng b\u1ea3o m\u1eadt.<\/li>\n<li>Trong v\u00f2ng 24 gi\u1edd, m\u1ed7i th\u00e0nh vi\u00ean s\u1ebd c\u00f3 m\u1ed9t s\u1ed1 l\u01b0\u1ee3ng l\u01b0\u1ee3t giao d\u1ecbch mi\u1ec5n ph\u00ed nh\u1ea5t \u0111\u1ecbnh theo c\u1ea5p \u0111\u1ed9 t\u00e0i kho\u1ea3n VIP ho\u1eb7c th\u01b0\u1eddng.<\/li>\n<li>Tuy\u1ec7t \u0111\u1ed1i kh\u00f4ng c\u00f3 h\u00e0nh vi gian l\u1eadn ho\u1eb7c vi ph\u1ea1m c\u00e1c \u0111i\u1ec1u kho\u1ea3n chung m\u00e0 nh\u00e0 c\u00e1i \u0111\u00e3 thi\u1ebft l\u1eadp t\u1eeb th\u1eddi \u0111i\u1ec3m \u0111\u0103ng k\u00fd t\u00e0i kho\u1ea3n.<\/li>\n<\/ul>\n<p style=\"text-align: justify;\">Vi\u1ec7c tu\u00e2n th\u1ee7 nghi\u00eam ng\u1eb7t c\u00e1c quy t\u1eafc n\u00e0y gi\u00fap qu\u00e1 tr\u00ecnh x\u00e9t duy\u1ec7t l\u1ec7nh <strong>r\u00fat ti\u1ec1n FUN88<\/strong> di\u1ec5n ra t\u1ef1 \u0111\u1ed9ng v\u00e0 gi\u1ea3m thi\u1ec3u r\u1ee7i ro b\u1ecb t\u1eeb ch\u1ed1i. N\u1ebfu c\u00f3 b\u1ea5t k\u1ef3 sai l\u1ec7ch n\u00e0o v\u1ec1 th\u00f4ng tin, h\u1ec7 th\u1ed1ng s\u1ebd t\u1ea1m d\u1eebng giao d\u1ecbch \u0111\u1ec3 y\u00eau c\u1ea7u cung c\u1ea5p th\u00eam t\u00e0i li\u1ec7u x\u00e1c th\u1ef1c c\u1ea7n thi\u1ebft.<\/p>\n<h2 style=\"text-align: justify;\"><strong>C\u00e1c b\u01b0\u1edbc th\u1ef1c hi\u1ec7n l\u1ec7nh r\u00fat ti\u1ec1n FUN88 chi ti\u1ebft<\/strong><\/h2>\n<figure id=\"attachment_60\" aria-describedby=\"caption-attachment-60\" style=\"width: 800px\" class=\"wp-caption aligncenter\"><img loading=\"lazy\" decoding=\"async\" class=\"wp-image-60 size-full\" src=\"https:\/\/fun88dt.com\/wp-content\/uploads\/2026\/04\/thao-tac-chuyen-tien-ve-ngan-hang-dia-phuong.webp\" alt=\"Thao t\u00e1c chuy\u1ec3n ti\u1ec1n v\u1ec1 ng\u00e2n h\u00e0ng \u0111\u1ecba ph\u01b0\u01a1ng\" width=\"800\" height=\"400\" srcset=\"https:\/\/fun88dt.com\/wp-content\/uploads\/2026\/04\/thao-tac-chuyen-tien-ve-ngan-hang-dia-phuong.webp 800w, https:\/\/fun88dt.com\/wp-content\/uploads\/2026\/04\/thao-tac-chuyen-tien-ve-ngan-hang-dia-phuong-300x150.webp 300w, https:\/\/fun88dt.com\/wp-content\/uploads\/2026\/04\/thao-tac-chuyen-tien-ve-ngan-hang-dia-phuong-768x384.webp 768w\" sizes=\"auto, (max-width: 800px) 100vw, 800px\" \/><figcaption id=\"caption-attachment-60\" class=\"wp-caption-text\">Thao t\u00e1c chuy\u1ec3n ti\u1ec1n v\u1ec1 ng\u00e2n h\u00e0ng \u0111\u1ecba ph\u01b0\u01a1ng<\/figcaption><\/figure>\n<p style=\"text-align: justify;\">Quy tr\u00ecnh th\u1ef1c hi\u1ec7n giao d\u1ecbch <strong>r\u00fat ti\u1ec1n FUN88 <\/strong>\u0111\u01b0\u1ee3c thi\u1ebft k\u1ebf t\u1ed1i gi\u1ea3n gi\u00fap th\u00e0nh vi\u00ean d\u1ec5 d\u00e0ng thao t\u00e1c ngay t\u1eeb l\u1ea7n \u0111\u1ea7u ti\u00ean. Ch\u1ec9 c\u1ea7n truy c\u1eadp v\u00e0o m\u1ee5c t\u00e0i ch\u00ednh tr\u00ean thanh menu ch\u00ednh, b\u1ea1n c\u00f3 th\u1ec3 nhanh ch\u00f3ng b\u1eaft \u0111\u1ea7u vi\u1ec7c chuy\u1ec3n \u0111\u1ed5i \u0111i\u1ec3m th\u01b0\u1edfng th\u00e0nh ti\u1ec1n m\u1eb7t t\u1ea1i <strong>FUN88<\/strong>.<\/p>\n<h3 style=\"text-align: justify;\"><strong>\u0110\u0103ng nh\u1eadp v\u00e0 ch\u1ecdn chuy\u1ec3n qu\u1ef9<\/strong><\/h3>\n<p style=\"text-align: justify;\">Tr\u01b0\u1edbc khi ti\u1ebfn h\u00e0nh l\u1ec7nh r\u00fat, th\u00e0nh vi\u00ean c\u1ea7n th\u1ef1c hi\u1ec7n thao t\u00e1c chuy\u1ec3n s\u1ed1 d\u01b0 t\u1eeb c\u00e1c v\u00ed game ph\u1ee5 nh\u01b0 Th\u1ec3 thao, Casino v\u1ec1 v\u00ed ch\u00ednh. \u0110\u00e2y l\u00e0 b\u01b0\u1edbc \u0111\u1ec7m b\u1eaft bu\u1ed9c \u0111\u1ec3 h\u1ec7 th\u1ed1ng ghi nh\u1eadn t\u1ed5ng s\u1ed1 ti\u1ec1n m\u00e0 ng\u01b0\u1eddi ch\u01a1i mu\u1ed1n quy \u0111\u1ed5i ra ti\u1ec1n m\u1eb7t. Vi\u1ec7c qu\u1ea3n l\u00fd v\u1ed1n t\u1eadp trung gi\u00fap b\u1ea1n ki\u1ec3m so\u00e1t d\u00f2ng ti\u1ec1n t\u1ed1t h\u01a1n v\u00e0 tr\u00e1nh nh\u1eefng sai s\u00f3t khi nh\u1eadp con s\u1ed1 c\u1ee5 th\u1ec3.<\/p>\n<h3 style=\"text-align: justify;\"><strong>\u0110i\u1ec1n th\u00f4ng tin<\/strong><\/h3>\n<p style=\"text-align: justify;\">Sau khi \u0111\u00e3 t\u1eadp trung ti\u1ec1n v\u00e0o v\u00ed ch\u00ednh, ng\u01b0\u1eddi d\u00f9ng ch\u1ecdn m\u1ee5c r\u00fat ti\u1ec1n v\u00e0 ch\u1ecdn ph\u01b0\u01a1ng th\u1ee9c thanh to\u00e1n ph\u00f9 h\u1ee3p v\u1edbi nhu c\u1ea7u. B\u1ea1n c\u1ea7n nh\u1eadp ch\u00ednh x\u00e1c s\u1ed1 ti\u1ec1n mu\u1ed1n r\u00fat theo \u0111\u01a1n v\u1ecb quy \u0111\u1ed5i m\u00e0 h\u1ec7 th\u1ed1ng y\u00eau c\u1ea7u, th\u00f4ng th\u01b0\u1eddng s\u1ebd b\u1ecf b\u1edbt ba ch\u1eef s\u1ed1 kh\u00f4ng \u1edf cu\u1ed1i. H\u00e3y ki\u1ec3m tra l\u1ea1i s\u1ed1 t\u00e0i kho\u1ea3n ng\u00e2n h\u00e0ng v\u00e0 t\u00ean chi nh\u00e1nh \u0111\u1ec3 \u0111\u1ea3m b\u1ea3o l\u1ec7nh chuy\u1ec3n \u0111i kh\u00f4ng b\u1ecb nh\u1ea7m l\u1eabn v\u00e0o t\u00e0i kho\u1ea3n kh\u00e1c.<\/p>\n<h3 style=\"text-align: justify;\"><strong>X\u00e1c nh\u1eadn y\u00eau c\u1ea7u r\u00fat ti\u1ec1n FUN88 cu\u1ed1i c\u00f9ng<\/strong><\/h3>\n<p style=\"text-align: justify;\">Khi c\u00e1c th\u00f4ng tin \u0111\u00e3 \u0111\u01b0\u1ee3c \u0111i\u1ec1n \u0111\u1ea7y \u0111\u1ee7 v\u00e0 ch\u00ednh x\u00e1c, ng\u01b0\u1eddi ch\u01a1i ch\u1ec9 c\u1ea7n nh\u1ea5n v\u00e0o n\u00fat x\u00e1c nh\u1eadn \u0111\u1ec3 g\u1eedi l\u1ec7nh \u0111i. H\u1ec7 th\u1ed1ng s\u1ebd ti\u1ebfp nh\u1eadn v\u00e0 \u0111\u01b0a v\u00e0o h\u00e0ng ch\u1edd x\u1eed l\u00fd d\u1ef1a tr\u00ean th\u1ee9 t\u1ef1 th\u1eddi gian c\u1ee7a c\u00e1c th\u00e0nh vi\u00ean kh\u00e1c \u0111ang th\u1ef1c hi\u1ec7n. Trong giai \u0111o\u1ea1n n\u00e0y, b\u1ea1n c\u00f3 th\u1ec3 theo d\u00f5i tr\u1ea1ng th\u00e1i giao d\u1ecbch trong m\u1ee5c l\u1ecbch s\u1eed t\u00e0i ch\u00ednh \u0111\u1ec3 bi\u1ebft \u0111\u01b0\u1ee3c ti\u1ebfn \u0111\u1ed9 ho\u00e0n th\u00e0nh l\u1ec7nh <strong>r\u00fat ti\u1ec1n FUN88<\/strong>.<\/p>\n<h3 style=\"text-align: justify;\"><strong>Ch\u1edd \u0111\u1ee3i h\u1ec7 th\u1ed1ng x\u1eed l\u00fd giao d\u1ecbch<\/strong><\/h3>\n<p style=\"text-align: justify;\">Th\u1eddi gian trung b\u00ecnh \u0111\u1ec3 m\u1ed9t l\u1ec7nh r\u00fat \u0111\u01b0\u1ee3c ph\u00ea duy\u1ec7t th\u00e0nh c\u00f4ng th\u01b0\u1eddng r\u01a1i v\u00e0o kho\u1ea3ng t\u1eeb m\u01b0\u1eddi l\u0103m \u0111\u1ebfn ba m\u01b0\u01a1i ph\u00fat l\u00e0m vi\u1ec7c. N\u1ebfu qu\u00e1 th\u1eddi gian quy \u0111\u1ecbnh m\u00e0 ti\u1ec1n v\u1eabn ch\u01b0a v\u1ec1 t\u00e0i kho\u1ea3n, ng\u01b0\u1eddi ch\u01a1i n\u00ean li\u00ean h\u1ec7 v\u1edbi b\u1ed9 ph\u1eadn ch\u0103m s\u00f3c kh\u00e1ch h\u00e0ng \u0111\u1ec3 \u0111\u01b0\u1ee3c tr\u1ee3 gi\u00fap. \u0110\u1ed9i ng\u0169 k\u1ef9 thu\u1eadt vi\u00ean s\u1ebd r\u00e0 so\u00e1t l\u1ea1i quy tr\u00ecnh v\u00e0 gi\u1ea3i quy\u1ebft tri\u1ec7t \u0111\u1ec3 c\u00e1c v\u01b0\u1edbng m\u1eafc m\u00e0 ng\u01b0\u1eddi tham gia \u0111ang g\u1eb7p ph\u1ea3i.<\/p>\n<h2 style=\"text-align: justify;\"><strong>K\u1ebft lu\u1eadn<\/strong><\/h2>\n<p style=\"text-align: justify;\"><strong>R\u00fat ti\u1ec1n FUN88<\/strong> th\u00e0nh c\u00f4ng l\u00e0 minh ch\u1ee9ng r\u00f5 r\u00e0ng nh\u1ea5t cho uy t\u00edn v\u00e0 v\u1ecb th\u1ebf v\u1eefng ch\u1eafc c\u1ee7a nh\u00e0 c\u00e1i h\u00e0ng \u0111\u1ea7u ch\u00e2u \u00c1 trong l\u00f2ng c\u01b0\u1ee3c th\u1ee7. H\u00e3y lu\u00f4n ki\u1ec3m tra k\u1ef9 c\u00e1c th\u00f4ng s\u1ed1 giao d\u1ecbch tr\u01b0\u1edbc khi x\u00e1c nh\u1eadn \u0111\u1ec3 d\u00f2ng ti\u1ec1n c\u1ee7a b\u1ea1n lu\u00f4n \u0111\u01b0\u1ee3c l\u01b0u th\u00f4ng m\u1ed9t c\u00e1ch tr\u01a1n tru v\u00e0 an to\u00e0n nh\u1ea5t t\u1ea1i FUN88. \u0110\u0103ng k\u00fd ngay h\u00f4m nay \u0111\u1ec3 t\u1eadn h\u01b0\u1edfng nh\u1eefng d\u1ecbch v\u1ee5 \u0111\u1ed5i th\u01b0\u1edfng \u0111\u1eb3ng c\u1ea5p nh\u1ea5t th\u1ecb tr\u01b0\u1eddng hi\u1ec7n nay c\u00f9ng v\u1edbi h\u1ec7 th\u1ed1ng FUN88 danh ti\u1ebfng.<\/p>\n","protected":false},"excerpt":{"rendered":"<p>R\u00fat ti\u1ec1n FUN88 l\u00e0 b\u01b0\u1edbc cu\u1ed1i c\u00f9ng \u0111\u1ec3 hi\u1ec7n th\u1ef1c h\u00f3a nh\u1eefng n\u1ed7 l\u1ef1c c\u00e1 c\u01b0\u1ee3c c\u1ee7a ng\u01b0\u1eddi ch\u01a1i th\u00e0nh nh\u1eefng kho\u1ea3n ti\u1ec1n m\u1eb7t th\u1ef1c t\u1ebf trong t\u00e0i kho\u1ea3n c\u00e1 nh\u00e2n. Vi\u1ec7c n\u1eafm v\u1eefng tr\u00ecnh t\u1ef1 th\u1ef1c hi\u1ec7n kh\u00f4ng ch\u1ec9 gi\u00fap ti\u1ebft ki\u1ec7m th\u1eddi gian m\u00e0 c\u00f2n \u0111\u1ea3m b\u1ea3o d\u00f2ng v\u1ed1n c\u1ee7a b\u1ea1n lu\u00f4n \u0111\u01b0\u1ee3c [&#8230;]\n","protected":false},"author":1,"featured_media":61,"parent":0,"menu_order":0,"comment_status":"closed","ping_status":"closed","template":"","meta":{"footnotes":""},"class_list":["post-101","page","type-page","status-publish","has-post-thumbnail","hentry"],"_links":{"self":[{"href":"https:\/\/fun88dt.com\/index.php\/wp-json\/wp\/v2\/pages\/101","targetHints":{"allow":["GET"]}}],"collection":[{"href":"https:\/\/fun88dt.com\/index.php\/wp-json\/wp\/v2\/pages"}],"about":[{"href":"https:\/\/fun88dt.com\/index.php\/wp-json\/wp\/v2\/types\/page"}],"author":[{"embeddable":true,"href":"https:\/\/fun88dt.com\/index.php\/wp-json\/wp\/v2\/users\/1"}],"replies":[{"embeddable":true,"href":"https:\/\/fun88dt.com\/index.php\/wp-json\/wp\/v2\/comments?post=101"}],"version-history":[{"count":1,"href":"https:\/\/fun88dt.com\/index.php\/wp-json\/wp\/v2\/pages\/101\/revisions"}],"predecessor-version":[{"id":121,"href":"https:\/\/fun88dt.com\/index.php\/wp-json\/wp\/v2\/pages\/101\/revisions\/121"}],"wp:featuredmedia":[{"embeddable":true,"href":"https:\/\/fun88dt.com\/index.php\/wp-json\/wp\/v2\/media\/61"}],"wp:attachment":[{"href":"https:\/\/fun88dt.com\/index.php\/wp-json\/wp\/v2\/media?parent=101"}],"curies":[{"name":"wp","href":"https:\/\/api.w.org\/{rel}","templated":true}]}}