{"id":102,"date":"2026-04-13T03:05:19","date_gmt":"2026-04-13T03:05:19","guid":{"rendered":"https:\/\/fun88dt.com\/index.php\/casino-fun88\/"},"modified":"2026-04-13T03:08:50","modified_gmt":"2026-04-13T03:08:50","slug":"casino-fun88","status":"publish","type":"page","link":"https:\/\/fun88dt.com\/index.php\/casino-fun88\/","title":{"rendered":"Casino FUN88 &#8211; \u0110\u1eb3ng C\u1ea5p C\u00e1 C\u01b0\u1ee3c Tr\u1ef1c Tuy\u1ebfn H\u00e0ng \u0110\u1ea7u"},"content":{"rendered":"<p style=\"text-align: justify;\"><a href=\"https:\/\/fun88dt.com\/casino-fun88\/\" target=\"_blank\" rel=\"noopener\"><strong>Casino FUN88<\/strong><\/a> hi\u1ec7n nay \u0111ang tr\u1edf th\u00e0nh t\u00e2m \u0111i\u1ec3m ch\u00fa \u00fd c\u1ee7a c\u1ed9ng \u0111\u1ed3ng bet th\u1ee7 nh\u1edd v\u00e0o s\u1ef1 \u0111a d\u1ea1ng trong c\u00e1c s\u1ea3nh ch\u01a1i c\u0169ng nh\u01b0 t\u00ednh minh b\u1ea1ch tuy\u1ec7t \u0111\u1ed1i trong m\u1ecdi giao d\u1ecbch. H\u1ec7 th\u1ed1ng n\u00e0y t\u00edch h\u1ee3p h\u01a1n 500 b\u00e0n c\u01b0\u1ee3c tr\u1ef1c tuy\u1ebfn v\u1edbi s\u1ef1 h\u1ed7 tr\u1ee3 c\u1ee7a nh\u1eefng Dealer chuy\u00ean nghi\u1ec7p v\u00e0 c\u00f4ng ngh\u1ec7 truy\u1ec1n t\u1ea3i h\u00ecnh \u1ea3nh 4K s\u1eafc n\u00e9t nh\u1ea5t th\u1ecb tr\u01b0\u1eddng hi\u1ec7n nay. \u0110\u00e2y ch\u00ednh l\u00e0 \u0111i\u1ec3m \u0111\u1ebfn l\u00fd t\u01b0\u1edfng \u0111\u1ec3 ng\u01b0\u1eddi ch\u01a1i tr\u1ea3i nghi\u1ec7m c\u1ea3m gi\u00e1c nh\u01b0 \u0111ang ng\u1ed3i t\u1ea1i c\u00e1c s\u00f2ng b\u00e0i Las Vegas th\u1ef1c th\u1ee5 c\u00f9ng th\u01b0\u01a1ng hi\u1ec7u <a href=\"https:\/\/fun88dt.com\/\" target=\"_blank\" rel=\"noopener\"><strong>FUN88<\/strong><\/a>.<\/p>\n<h2 style=\"text-align: justify;\"><strong>Nh\u1eefng s\u1ea3nh ch\u01a1i ch\u1ee7 \u0111\u1ea1o t\u1ea1i h\u1ec7 th\u1ed1ng casino FUN88 hi\u1ec7n nay<\/strong><\/h2>\n<figure id=\"attachment_55\" aria-describedby=\"caption-attachment-55\" style=\"width: 800px\" class=\"wp-caption aligncenter\"><img loading=\"lazy\" decoding=\"async\" class=\"wp-image-55 size-full\" src=\"https:\/\/fun88dt.com\/wp-content\/uploads\/2026\/04\/trai-nghiem-cac-sanh-cuoc-da-dang-tai-casino-fun88.webp\" alt=\"Tr\u1ea3i nghi\u1ec7m c\u00e1c s\u1ea3nh c\u01b0\u1ee3c \u0111a d\u1ea1ng t\u1ea1i casino FUN88\" width=\"800\" height=\"400\" srcset=\"https:\/\/fun88dt.com\/wp-content\/uploads\/2026\/04\/trai-nghiem-cac-sanh-cuoc-da-dang-tai-casino-fun88.webp 800w, https:\/\/fun88dt.com\/wp-content\/uploads\/2026\/04\/trai-nghiem-cac-sanh-cuoc-da-dang-tai-casino-fun88-300x150.webp 300w, https:\/\/fun88dt.com\/wp-content\/uploads\/2026\/04\/trai-nghiem-cac-sanh-cuoc-da-dang-tai-casino-fun88-768x384.webp 768w\" sizes=\"auto, (max-width: 800px) 100vw, 800px\" \/><figcaption id=\"caption-attachment-55\" class=\"wp-caption-text\">Tr\u1ea3i nghi\u1ec7m c\u00e1c s\u1ea3nh c\u01b0\u1ee3c \u0111a d\u1ea1ng t\u1ea1i casino FUN88<\/figcaption><\/figure>\n<p style=\"text-align: justify;\">Ng\u01b0\u1eddi ch\u01a1i khi truy c\u1eadp v\u00e0o h\u1ec7 th\u1ed1ng <strong>casino FUN88 <\/strong>s\u1ebd b\u1ecb cho\u00e1ng ng\u1ee3p b\u1edfi quy m\u00f4 \u0111\u1ea7u t\u01b0 v\u00f4 c\u00f9ng ho\u00e0nh tr\u00e1ng c\u1ee7a c\u00e1c \u0111\u1ed1i t\u00e1c cung c\u1ea5p n\u1ec1n t\u1ea3ng gi\u1ea3i tr\u00ed tr\u1ef1c tuy\u1ebfn h\u00e0ng \u0111\u1ea7u th\u1ebf gi\u1edbi. M\u1ed7i khu v\u1ef1c gi\u1ea3i tr\u00ed \u0111\u1ec1u s\u1edf h\u1eefu nh\u1eefng n\u00e9t \u0111\u1eb7c tr\u01b0ng ri\u00eang bi\u1ec7t v\u1ec1 phong c\u00e1ch thi\u1ebft k\u1ebf c\u0169ng nh\u01b0 c\u00e1c h\u1ea1n m\u1ee9c \u0111\u1eb7t c\u01b0\u1ee3c linh ho\u1ea1t ph\u00f9 h\u1ee3p v\u1edbi t\u00e0i ch\u00ednh c\u1ee7a t\u1eebng \u0111\u1ed1i t\u01b0\u1ee3ng kh\u00e1ch h\u00e0ng kh\u00e1c nhau.<\/p>\n<h3 style=\"text-align: justify;\"><strong>S\u1ea3nh c\u01b0\u1ee3c ho\u00e0ng gia \u0111\u1eb3ng c\u1ea5p<\/strong><\/h3>\n<p style=\"text-align: justify;\">T\u1ea1i \u0111\u00e2y, ng\u01b0\u1eddi ch\u01a1i s\u1ebd t\u00ecm th\u1ea5y c\u00e1c b\u00e0n c\u01b0\u1ee3c Baccarat v\u00e0 Roulette v\u1edbi gi\u1edbi h\u1ea1n ti\u1ec1n c\u01b0\u1ee3c c\u1ef1c k\u1ef3 linh ho\u1ea1t, \u0111\u00e1p \u1ee9ng nhu c\u1ea7u c\u1ee7a c\u1ea3 nh\u1eefng ng\u01b0\u1eddi ch\u01a1i ph\u1ed5 th\u00f4ng l\u1eabn gi\u1edbi th\u01b0\u1ee3ng l\u01b0u mu\u1ed1n chinh ph\u1ee5c m\u1ee9c th\u01b0\u1edfng l\u1edbn. Kh\u00f4ng gian \u0111\u01b0\u1ee3c thi\u1ebft k\u1ebf v\u00f4 c\u00f9ng sang tr\u1ecdng, t\u00e1i hi\u1ec7n l\u1ea1i m\u1ed9t c\u00e1ch ch\u00e2n th\u1ef1c nh\u1ea5t nh\u1eefng s\u00f2ng b\u00e0i danh ti\u1ebfng b\u1eadc nh\u1ea5t t\u1ea1i Macau hay Philippines th\u00f4ng qua m\u00e0n h\u00ecnh m\u00e1y t\u00ednh c\u1ee7a b\u1ea1n.<\/p>\n<h3 style=\"text-align: justify;\"><strong>Khu v\u1ef1c gi\u1ea3i tr\u00ed \u0111a s\u1eafc m\u00e0u<\/strong><\/h3>\n<p style=\"text-align: justify;\">N\u01a1i \u0111\u00e2y t\u1eadp trung nh\u1eefng tr\u00f2 ch\u01a1i mang \u0111\u1eadm t\u00ednh gi\u1ea3i tr\u00ed v\u1edbi s\u1ef1 h\u1ed7 tr\u1ee3 t\u1eeb c\u00f4ng ngh\u1ec7 th\u1ef1c t\u1ebf \u1ea3o gi\u00fap tr\u1ea3i nghi\u1ec7m t\u1ea1i <strong>casino FUN88<\/strong> tr\u1edf n\u00ean sinh \u0111\u1ed9ng v\u00e0 l\u00f4i cu\u1ed1n h\u01a1n bao gi\u1edd h\u1ebft. S\u1ef1 k\u1ebft h\u1ee3p gi\u1eefa \u00e2m thanh trung th\u1ef1c v\u00e0 h\u00ecnh \u1ea3nh s\u1ed1ng \u0111\u1ed9ng c\u1ee7a c\u00e1c Dealer xinh \u0111\u1eb9p s\u1ebd gi\u00fap b\u1ea1n c\u00f3 nh\u1eefng gi\u00e2y ph\u00fat th\u01b0 gi\u00e3n tuy\u1ec7t v\u1eddi sau nh\u1eefng gi\u1edd l\u00e0m vi\u1ec7c m\u1ec7t m\u1ecfi v\u00e0 c\u0103ng th\u1eb3ng.<\/p>\n<h3 style=\"text-align: justify;\"><strong>Th\u1ebf gi\u1edbi game b\u00e0i phong ph\u00fa<\/strong><\/h3>\n<p style=\"text-align: justify;\">T\u1eadn h\u01b0\u1edfng kho tr\u00f2 ch\u01a1i kh\u1ed5ng l\u1ed3 v\u1edbi s\u1ef1 g\u00f3p m\u1eb7t c\u1ee7a \u0111\u1ea7y \u0111\u1ee7 c\u00e1c th\u1ec3 lo\u1ea1i t\u1eeb truy\u1ec1n th\u1ed1ng \u0111\u1ebfn hi\u1ec7n \u0111\u1ea1i nh\u01b0 Poker, Blackjack hay c\u00e1c tr\u00f2 ch\u01a1i d\u00e2n gian \u0111\u01b0\u1ee3c bi\u1ebfn t\u1ea5u \u0111\u1ea7y s\u00e1ng t\u1ea1o. M\u1ed7i v\u00e1n b\u00e0i \u0111\u1ec1u \u0111\u01b0\u1ee3c gi\u00e1m s\u00e1t b\u1edfi h\u1ec7 th\u1ed1ng ki\u1ec3m \u0111\u1ecbnh \u0111\u1ed9c l\u1eadp nh\u1eb1m \u0111\u1ea3m b\u1ea3o t\u00ednh c\u00f4ng b\u1eb1ng tuy\u1ec7t \u0111\u1ed1i cho m\u1ecdi th\u00e0nh vi\u00ean tham gia c\u00e1 c\u01b0\u1ee3c tr\u1ef1c tuy\u1ebfn t\u1ea1i \u0111\u00e2y.<\/p>\n<h2 style=\"text-align: justify;\"><strong>B\u00ed quy\u1ebft t\u1ed1i \u01b0u h\u00f3a l\u1ee3i nhu\u1eadn khi tr\u1ea3i nghi\u1ec7m casino FUN88<\/strong><\/h2>\n<figure id=\"attachment_58\" aria-describedby=\"caption-attachment-58\" style=\"width: 800px\" class=\"wp-caption aligncenter\"><img loading=\"lazy\" decoding=\"async\" class=\"wp-image-58 size-full\" src=\"https:\/\/fun88dt.com\/wp-content\/uploads\/2026\/04\/cach-thuc-gianh-chien-thang-khi-tham-gia-dat-cuoc.webp\" alt=\"C\u00e1ch th\u1ee9c gi\u00e0nh chi\u1ebfn th\u1eafng khi tham gia \u0111\u1eb7t c\u01b0\u1ee3c\" width=\"800\" height=\"400\" srcset=\"https:\/\/fun88dt.com\/wp-content\/uploads\/2026\/04\/cach-thuc-gianh-chien-thang-khi-tham-gia-dat-cuoc.webp 800w, https:\/\/fun88dt.com\/wp-content\/uploads\/2026\/04\/cach-thuc-gianh-chien-thang-khi-tham-gia-dat-cuoc-300x150.webp 300w, https:\/\/fun88dt.com\/wp-content\/uploads\/2026\/04\/cach-thuc-gianh-chien-thang-khi-tham-gia-dat-cuoc-768x384.webp 768w\" sizes=\"auto, (max-width: 800px) 100vw, 800px\" \/><figcaption id=\"caption-attachment-58\" class=\"wp-caption-text\">C\u00e1ch th\u1ee9c gi\u00e0nh chi\u1ebfn th\u1eafng khi tham gia \u0111\u1eb7t c\u01b0\u1ee3c<\/figcaption><\/figure>\n<p style=\"text-align: justify;\">Vi\u1ec7c n\u1eafm v\u1eefng c\u00e1c quy t\u1eafc c\u01a1 b\u1ea3n v\u00e0 \u00e1p d\u1ee5ng chi\u1ebfn thu\u1eadt qu\u1ea3n l\u00fd v\u1ed1n th\u00f4ng minh l\u00e0 ch\u00eca kh\u00f3a then ch\u1ed1t d\u1eabn \u0111\u1ebfn th\u00e0nh c\u00f4ng b\u1ec1n v\u1eefng cho m\u1ecdi th\u00e0nh vi\u00ean khi tham gia \u0111\u1eb7t c\u01b0\u1ee3c. Th\u01b0\u01a1ng hi\u1ec7u <strong>FUN88<\/strong> lu\u00f4n khuy\u1ebfn kh\u00edch th\u00e0nh vi\u00ean t\u00ecm hi\u1ec3u k\u1ef9 lu\u1eadt ch\u01a1i c\u0169ng nh\u01b0 c\u00e1c t\u1ef7 l\u1ec7 thanh to\u00e1n c\u1ee7a t\u1eebng lo\u1ea1i h\u00ecnh gi\u1ea3i tr\u00ed tr\u01b0\u1edbc khi quy\u1ebft \u0111\u1ecbnh xu\u1ed1ng ti\u1ec1n \u0111\u1ec3 tr\u00e1nh nh\u1eefng r\u1ee7i ro kh\u00f4ng \u0111\u00e1ng c\u00f3.<\/p>\n<h3 style=\"text-align: justify;\"><strong>Ph\u00e2n b\u1ed5 ng\u00e2n s\u00e1ch c\u00e1 c\u01b0\u1ee3c<\/strong><\/h3>\n<p style=\"text-align: justify;\">M\u1ed9t trong nh\u1eefng nguy\u00ean t\u1eafc v\u00e0ng \u0111\u1ec3 t\u1ed3n t\u1ea1i l\u00e2u d\u00e0i ch\u00ednh l\u00e0 vi\u1ec7c chia nh\u1ecf ngu\u1ed3n v\u1ed1n m\u00ecnh \u0111ang c\u00f3 v\u00e0o nhi\u1ec1u phi\u00ean c\u01b0\u1ee3c kh\u00e1c nhau thay v\u00ec d\u1ed3n to\u00e0n b\u1ed9 s\u1ed1 ti\u1ec1n v\u00e0o m\u1ed9t v\u00e1n duy nh\u1ea5t \u0111\u1ea7y r\u1ee7i ro. Vi\u1ec7c ki\u1ec3m so\u00e1t t\u1ed1t d\u00f2ng ti\u1ec1n s\u1ebd gi\u00fap b\u1ea1n duy tr\u00ec \u0111\u01b0\u1ee3c s\u1ef1 \u1ed5n \u0111\u1ecbnh v\u1ec1 m\u1eb7t t\u00e2m l\u00fd v\u00e0 c\u00f3 \u0111\u1ee7 c\u01a1 h\u1ed9i \u0111\u1ec3 xoay chuy\u1ec3n c\u1ee5c di\u1ec7n trong nh\u1eefng t\u00ecnh hu\u1ed1ng g\u1eb7p ph\u1ea3i chu\u1ed7i thua l\u1ed7 t\u1ea1m th\u1eddi.<\/p>\n<h3 style=\"text-align: justify;\"><strong>Ch\u1ecdn tr\u00f2 ch\u01a1i ph\u00f9 h\u1ee3p nh\u1ea5t<\/strong><\/h3>\n<p style=\"text-align: justify;\">M\u1ed7i c\u00e1 nh\u00e2n n\u00ean t\u00ecm ki\u1ebfm cho m\u00ecnh m\u1ed9t d\u00f2ng s\u1ea3n ph\u1ea9m s\u1edf tr\u01b0\u1eddng t\u1ea1i <strong>casino FUN88<\/strong> thay v\u00ec tham gia d\u00e0n tr\u1ea3i v\u00e0o qu\u00e1 nhi\u1ec1u tr\u00f2 ch\u01a1i m\u00e0 b\u1ea3n th\u00e2n kh\u00f4ng am hi\u1ec3u r\u00f5 v\u1ec1 c\u00e1ch th\u1ee9c v\u1eadn h\u00e0nh. S\u1ef1 chuy\u00ean s\u00e2u v\u00e0o m\u1ed9t l\u0129nh v\u1ef1c c\u1ee5 th\u1ec3 s\u1ebd gi\u00fap ng\u01b0\u1eddi ch\u01a1i t\u00edch l\u0169y \u0111\u01b0\u1ee3c nhi\u1ec1u kinh nghi\u1ec7m th\u1ef1c chi\u1ebfn qu\u00fd b\u00e1u v\u00e0 d\u1ec5 d\u00e0ng nh\u1eadn di\u1ec7n \u0111\u01b0\u1ee3c c\u00e1c quy lu\u1eadt xu\u1ea5t hi\u1ec7n c\u1ee7a nh\u1eefng l\u00e1 b\u00e0i hay con s\u1ed1.<\/p>\n<h3 style=\"text-align: justify;\"><strong>Gi\u1eef v\u1eefng t\u00e2m l\u00fd khi ch\u01a1i casino FUN88<\/strong><\/h3>\n<p style=\"text-align: justify;\">S\u1ef1 b\u00ecnh t\u0129nh v\u00e0 kh\u1ea3 n\u0103ng ph\u00e2n t\u00edch logic ch\u00ednh l\u00e0 v\u0169 kh\u00ed l\u1ee3i h\u1ea1i nh\u1ea5t gi\u00fap b\u1ea1n \u0111\u01b0a ra nh\u1eefng quy\u1ebft \u0111\u1ecbnh \u0111\u1eb7t c\u01b0\u1ee3c s\u00e1ng su\u1ed1t ngay c\u1ea3 khi \u0111ang \u0111\u1ee9ng tr\u01b0\u1edbc nh\u1eefng \u00e1p l\u1ef1c l\u1edbn t\u1eeb ph\u00eda nh\u00e0 c\u00e1i. M\u1ed9t c\u00e1i \u0111\u1ea7u l\u1ea1nh s\u1ebd gi\u00fap ng\u01b0\u1eddi ch\u01a1i tr\u00e1nh kh\u1ecfi c\u00e1i b\u1eaby c\u1ea3m gi\u00e1c mu\u1ed1n g\u1ee1 g\u1ea1c sau m\u1ed7i l\u1ea7n th\u1ea5t b\u1ea1i, t\u1eeb \u0111\u00f3 b\u1ea3o to\u00e0n \u0111\u01b0\u1ee3c ngu\u1ed3n v\u1ed1n v\u00e0 ch\u1edd \u0111\u1ee3i th\u1eddi c\u01a1 ch\u00edn mu\u1ed3i \u0111\u1ec3 ph\u1ea3n c\u00f4ng.<\/p>\n<h2 style=\"text-align: justify;\"><strong>Quy tr\u00ecnh tham gia gi\u1ea3i tr\u00ed an to\u00e0n t\u1ea1i casino FUN88 m\u1ed7i ng\u00e0y<\/strong><\/h2>\n<figure id=\"attachment_57\" aria-describedby=\"caption-attachment-57\" style=\"width: 800px\" class=\"wp-caption aligncenter\"><img loading=\"lazy\" decoding=\"async\" class=\"wp-image-57 size-full\" src=\"https:\/\/fun88dt.com\/wp-content\/uploads\/2026\/04\/huong-dan-cac-buoc-truy-cap-he-thong-ca-cuoc.webp\" alt=\"H\u01b0\u1edbng d\u1eabn c\u00e1c b\u01b0\u1edbc truy c\u1eadp h\u1ec7 th\u1ed1ng c\u00e1 c\u01b0\u1ee3c\" width=\"800\" height=\"400\" srcset=\"https:\/\/fun88dt.com\/wp-content\/uploads\/2026\/04\/huong-dan-cac-buoc-truy-cap-he-thong-ca-cuoc.webp 800w, https:\/\/fun88dt.com\/wp-content\/uploads\/2026\/04\/huong-dan-cac-buoc-truy-cap-he-thong-ca-cuoc-300x150.webp 300w, https:\/\/fun88dt.com\/wp-content\/uploads\/2026\/04\/huong-dan-cac-buoc-truy-cap-he-thong-ca-cuoc-768x384.webp 768w\" sizes=\"auto, (max-width: 800px) 100vw, 800px\" \/><figcaption id=\"caption-attachment-57\" class=\"wp-caption-text\">H\u01b0\u1edbng d\u1eabn c\u00e1c b\u01b0\u1edbc truy c\u1eadp h\u1ec7 th\u1ed1ng c\u00e1 c\u01b0\u1ee3c<\/figcaption><\/figure>\n<p style=\"text-align: justify;\">\u0110\u1ec3 b\u1eaft \u0111\u1ea7u h\u00e0nh tr\u00ecnh chinh ph\u1ee5c nh\u1eefng ph\u1ea7n th\u01b0\u1edfng l\u1edbn, kh\u00e1ch h\u00e0ng ch\u1ec9 c\u1ea7n th\u1ef1c hi\u1ec7n v\u00e0i thao t\u00e1c \u0111\u01a1n gi\u1ea3n theo \u0111\u00fang tr\u00ecnh t\u1ef1 h\u01b0\u1edbng d\u1eabn \u0111\u01b0\u1ee3c ni\u00eam y\u1ebft c\u00f4ng khai tr\u00ean trang ch\u1ee7. H\u1ec7 th\u1ed1ng b\u1ea3o m\u1eadt c\u1ee7a <strong>FUN88<\/strong> cam k\u1ebft b\u1ea3o v\u1ec7 th\u00f4ng tin c\u00e1 nh\u00e2n v\u00e0 l\u1ecbch s\u1eed giao d\u1ecbch c\u1ee7a b\u1ea1n m\u1ed9t c\u00e1ch tuy\u1ec7t \u0111\u1ed1i th\u00f4ng qua c\u00f4ng ngh\u1ec7 m\u00e3 h\u00f3a d\u1eef li\u1ec7u \u0111a t\u1ea7ng hi\u1ec7n \u0111\u1ea1i nh\u1ea5t th\u1ebf gi\u1edbi.<\/p>\n<p style=\"text-align: justify;\">D\u01b0\u1edbi \u0111\u00e2y l\u00e0 m\u1ed9t s\u1ed1 b\u01b0\u1edbc quan tr\u1ecdng m\u00e0 ng\u01b0\u1eddi ch\u01a1i c\u1ea7n l\u01b0u \u00fd \u0111\u1ec3 qu\u00e1 tr\u00ecnh tr\u1ea3i nghi\u1ec7m t\u1ea1i s\u00f2ng b\u00e0i tr\u1ef1c tuy\u1ebfn di\u1ec5n ra m\u1ed9t c\u00e1ch thu\u1eadn l\u1ee3i v\u00e0 kh\u00f4ng g\u1eb7p ph\u1ea3i b\u1ea5t k\u1ef3 tr\u1edf ng\u1ea1i n\u00e0o:<\/p>\n<ul style=\"text-align: justify;\">\n<li>Ti\u1ebfn h\u00e0nh truy c\u1eadp v\u00e0o \u0111\u01b0\u1eddng li\u00ean k\u1ebft ch\u00ednh th\u1ee9c kh\u00f4ng b\u1ecb ch\u1eb7n \u0111\u1ec3 \u0111\u1ea3m b\u1ea3o quy\u1ec1n l\u1ee3i h\u1ed9i vi\u00ean v\u00e0 tr\u00e1nh g\u1eb7p ph\u1ea3i r\u1ee7i ro t\u1eeb c\u00e1c trang web gi\u1ea3 m\u1ea1o th\u01b0\u01a1ng hi\u1ec7u \u0111ang tr\u00e0n lan tr\u00ean m\u1ea1ng.<\/li>\n<li>N\u1ea1p m\u1ed9t kho\u1ea3n ng\u00e2n s\u00e1ch ph\u00f9 h\u1ee3p v\u00e0o v\u00ed \u0111i\u1ec7n t\u1eed t\u1ea1i <strong>casino FUN88<\/strong> th\u00f4ng qua c\u00e1c c\u1ed5ng thanh to\u00e1n linh ho\u1ea1t nh\u01b0 ng\u00e2n h\u00e0ng n\u1ed9i \u0111\u1ecba, v\u00ed Momo ho\u1eb7c c\u00e1c lo\u1ea1i th\u1ebb c\u00e0o \u0111i\u1ec7n tho\u1ea1i ph\u1ed5 bi\u1ebfn tr\u00ean th\u1ecb tr\u01b0\u1eddng.<\/li>\n<li>Theo d\u00f5i s\u00e1t sao l\u1ecbch s\u1eed \u0111\u1eb7t c\u01b0\u1ee3c \u0111\u1ec3 c\u00f3 nh\u1eefng \u0111i\u1ec1u ch\u1ec9nh k\u1ecbp th\u1eddi v\u1ec1 m\u1eb7t chi\u1ebfn thu\u1eadt c\u0169ng nh\u01b0 m\u1ee9c ti\u1ec1n c\u01b0\u1ee3c sao cho ph\u00f9 h\u1ee3p v\u1edbi di\u1ec5n bi\u1ebfn th\u1ef1c t\u1ebf c\u1ee7a t\u1eebng b\u00e0n ch\u01a1i m\u00e0 b\u1ea1n \u0111ang tham gia.<\/li>\n<\/ul>\n<h2 style=\"text-align: justify;\"><strong>K\u1ebft lu\u1eadn<\/strong><\/h2>\n<p style=\"text-align: justify;\"><strong>Casino FUN88<\/strong> kh\u00f4ng ch\u1ec9 \u0111\u01a1n thu\u1ea7n l\u00e0 m\u1ed9t n\u1ec1n t\u1ea3ng gi\u1ea3i tr\u00ed tr\u1ef1c tuy\u1ebfn m\u00e0 c\u00f2n l\u00e0 n\u01a1i kh\u1eb3ng \u0111\u1ecbnh b\u1ea3n l\u0129nh c\u0169ng nh\u01b0 kh\u1ea3 n\u0103ng ph\u00e1n \u0111o\u00e1n nh\u1ea1y b\u00e9n c\u1ee7a nh\u1eefng ng\u01b0\u1eddi \u0111am m\u00ea c\u00e1c con s\u1ed1 v\u00e0 l\u00e1 b\u00e0i. H\u00e3y gia nh\u1eadp c\u1ed9ng \u0111\u1ed3ng h\u1ed9i vi\u00ean <strong>FUN88<\/strong> ngay h\u00f4m nay \u0111\u1ec3 kh\u00f4ng b\u1ecf l\u1ee1 nh\u1eefng c\u01a1 h\u1ed9i ph\u00e1t t\u00e0i nhanh ch\u00f3ng v\u00e0 t\u1eadn h\u01b0\u1edfng kh\u00f4ng gian c\u00e1 c\u01b0\u1ee3c chuy\u00ean nghi\u1ec7p nh\u1ea5t.<\/p>\n","protected":false},"excerpt":{"rendered":"<p>Casino FUN88 hi\u1ec7n nay \u0111ang tr\u1edf th\u00e0nh t\u00e2m \u0111i\u1ec3m ch\u00fa \u00fd c\u1ee7a c\u1ed9ng \u0111\u1ed3ng bet th\u1ee7 nh\u1edd v\u00e0o s\u1ef1 \u0111a d\u1ea1ng trong c\u00e1c s\u1ea3nh ch\u01a1i c\u0169ng nh\u01b0 t\u00ednh minh b\u1ea1ch tuy\u1ec7t \u0111\u1ed1i trong m\u1ecdi giao d\u1ecbch. H\u1ec7 th\u1ed1ng n\u00e0y t\u00edch h\u1ee3p h\u01a1n 500 b\u00e0n c\u01b0\u1ee3c tr\u1ef1c tuy\u1ebfn v\u1edbi s\u1ef1 h\u1ed7 tr\u1ee3 c\u1ee7a nh\u1eefng Dealer chuy\u00ean [&#8230;]\n","protected":false},"author":1,"featured_media":56,"parent":0,"menu_order":0,"comment_status":"closed","ping_status":"closed","template":"","meta":{"footnotes":""},"class_list":["post-102","page","type-page","status-publish","has-post-thumbnail","hentry"],"_links":{"self":[{"href":"https:\/\/fun88dt.com\/index.php\/wp-json\/wp\/v2\/pages\/102","targetHints":{"allow":["GET"]}}],"collection":[{"href":"https:\/\/fun88dt.com\/index.php\/wp-json\/wp\/v2\/pages"}],"about":[{"href":"https:\/\/fun88dt.com\/index.php\/wp-json\/wp\/v2\/types\/page"}],"author":[{"embeddable":true,"href":"https:\/\/fun88dt.com\/index.php\/wp-json\/wp\/v2\/users\/1"}],"replies":[{"embeddable":true,"href":"https:\/\/fun88dt.com\/index.php\/wp-json\/wp\/v2\/comments?post=102"}],"version-history":[{"count":1,"href":"https:\/\/fun88dt.com\/index.php\/wp-json\/wp\/v2\/pages\/102\/revisions"}],"predecessor-version":[{"id":114,"href":"https:\/\/fun88dt.com\/index.php\/wp-json\/wp\/v2\/pages\/102\/revisions\/114"}],"wp:featuredmedia":[{"embeddable":true,"href":"https:\/\/fun88dt.com\/index.php\/wp-json\/wp\/v2\/media\/56"}],"wp:attachment":[{"href":"https:\/\/fun88dt.com\/index.php\/wp-json\/wp\/v2\/media?parent=102"}],"curies":[{"name":"wp","href":"https:\/\/api.w.org\/{rel}","templated":true}]}}