{"id":103,"date":"2026-04-13T03:05:31","date_gmt":"2026-04-13T03:05:31","guid":{"rendered":"https:\/\/fun88dt.com\/index.php\/the-thao-fun88\/"},"modified":"2026-04-13T03:11:51","modified_gmt":"2026-04-13T03:11:51","slug":"the-thao-fun88","status":"publish","type":"page","link":"https:\/\/fun88dt.com\/index.php\/the-thao-fun88\/","title":{"rendered":"Th\u1ec3 Thao FUN88 &#8211; S\u00e2n Ch\u01a1i C\u00e1 C\u01b0\u1ee3c \u0110\u1eb3ng C\u1ea5p Ch\u00e2u \u00c1 2026"},"content":{"rendered":"<p style=\"text-align: justify;\"><a href=\"https:\/\/fun88dt.com\/the-thao-fun88\/\" target=\"_blank\" rel=\"noopener\"><strong>Th\u1ec3 thao FUN88<\/strong><\/a> mang t\u1edbi kh\u00f4ng gian gi\u1ea3i tr\u00ed k\u1ecbch t\u00ednh v\u1edbi h\u00e0ng lo\u1ea1t c\u00e1c b\u1ed9 m\u00f4n thi \u0111\u1ea5u t\u1eeb b\u00f3ng \u0111\u00e1 \u0111\u1ebfn tennis chuy\u00ean nghi\u1ec7p b\u1eadc nh\u1ea5t hi\u1ec7n nay. Ng\u01b0\u1eddi d\u00f9ng d\u1ec5 d\u00e0ng ti\u1ebfp c\u1eadn c\u00e1c t\u1ef7 l\u1ec7 k\u00e8o \u0111\u01b0\u1ee3c t\u00ednh to\u00e1n d\u1ef1a tr\u00ean thu\u1eadt to\u00e1n ph\u00e2n t\u00edch d\u1eef li\u1ec7u chuy\u00ean s\u00e2u t\u1eeb nh\u1eefng chuy\u00ean gia h\u00e0ng \u0111\u1ea7u. Kh\u00e1m ph\u00e1 th\u1ebf gi\u1edbi gi\u1ea3i tr\u00ed kh\u00f4ng gi\u1edbi h\u1ea1n c\u00f9ng nh\u00e0 c\u00e1i <a href=\"https:\/\/fun88dt.com\/\" target=\"_blank\" rel=\"noopener\"><strong>FUN88<\/strong><\/a>.<\/p>\n<h2 style=\"text-align: justify;\"><strong>S\u1ee9c h\u00fat m\u00e3nh li\u1ec7t t\u1eeb s\u1ea3nh c\u01b0\u1ee3c th\u1ec3 thao FUN88 tr\u1ef1c tuy\u1ebfn<\/strong><\/h2>\n<figure id=\"attachment_53\" aria-describedby=\"caption-attachment-53\" style=\"width: 800px\" class=\"wp-caption aligncenter\"><img loading=\"lazy\" decoding=\"async\" class=\"wp-image-53 size-full\" src=\"https:\/\/fun88dt.com\/wp-content\/uploads\/2026\/04\/dac-diem-noi-bat-tai-chuyen-muc-the-thao-fun88.webp\" alt=\"\u0110\u1eb7c \u0111i\u1ec3m n\u1ed5i b\u1eadt t\u1ea1i chuy\u00ean m\u1ee5c th\u1ec3 thao FUN88\" width=\"800\" height=\"400\" srcset=\"https:\/\/fun88dt.com\/wp-content\/uploads\/2026\/04\/dac-diem-noi-bat-tai-chuyen-muc-the-thao-fun88.webp 800w, https:\/\/fun88dt.com\/wp-content\/uploads\/2026\/04\/dac-diem-noi-bat-tai-chuyen-muc-the-thao-fun88-300x150.webp 300w, https:\/\/fun88dt.com\/wp-content\/uploads\/2026\/04\/dac-diem-noi-bat-tai-chuyen-muc-the-thao-fun88-768x384.webp 768w\" sizes=\"auto, (max-width: 800px) 100vw, 800px\" \/><figcaption id=\"caption-attachment-53\" class=\"wp-caption-text\">\u0110\u1eb7c \u0111i\u1ec3m n\u1ed5i b\u1eadt t\u1ea1i chuy\u00ean m\u1ee5c th\u1ec3 thao FUN88<\/figcaption><\/figure>\n<p style=\"text-align: justify;\">S\u1ea3nh ch\u01a1i <strong>th\u1ec3 thao FUN88<\/strong> ghi d\u1ea5u \u1ea5n \u0111\u1eadm n\u00e9t nh\u1edd s\u1ef1 k\u1ebft h\u1ee3p gi\u1eefa c\u00f4ng ngh\u1ec7 truy\u1ec1n t\u1ea3i d\u1eef li\u1ec7u t\u1ed1c \u0111\u1ed9 cao v\u00e0 c\u00e1c lo\u1ea1i h\u00ecnh k\u00e8o \u0111a d\u1ea1ng. S\u1ef1 minh b\u1ea1ch trong t\u1eebng phi\u00ean c\u01b0\u1ee3c gi\u00fap ng\u01b0\u1eddi ch\u01a1i an t\u00e2m h\u01a1n khi th\u1ef1c hi\u1ec7n c\u00e1c giao d\u1ecbch t\u00e0i ch\u00ednh v\u1edbi gi\u00e1 tr\u1ecb l\u1edbn. D\u01b0\u1edbi \u0111\u00e2y l\u00e0 b\u1ea3ng th\u00f4ng s\u1ed1 so s\u00e1nh c\u00e1c s\u1ea3nh cung c\u1ea5p d\u1ecbch v\u1ee5 c\u00e1 c\u01b0\u1ee3c t\u1ea1i h\u1ec7 th\u1ed1ng <strong>FUN88<\/strong> \u0111\u1ec3 b\u1ea1n c\u00f3 c\u00e1i nh\u00ecn kh\u00e1ch quan nh\u1ea5t.<\/p>\n<p style=\"text-align: justify;\">Vi\u1ec7c t\u00edch h\u1ee3p s\u1ea3nh c\u01b0\u1ee3c <strong>th\u1ec3 thao FUN88<\/strong> gi\u00fap h\u1ec7 th\u1ed1ng t\u1ed1i \u01b0u h\u00f3a quy tr\u00ecnh \u0111\u1eb7t l\u1ec7nh c\u1ee7a kh\u00e1ch h\u00e0ng m\u1ed9t c\u00e1ch nhanh ch\u00f3ng nh\u1ea5t. Ng\u01b0\u1eddi ch\u01a1i c\u00f3 th\u1ec3 theo d\u00f5i bi\u1ebfn \u0111\u1ed9ng t\u1ef7 l\u1ec7 k\u00e8o theo th\u1eddi gian th\u1ef1c v\u1edbi \u0111\u1ed9 tr\u1ec5 g\u1ea7n nh\u01b0 b\u1eb1ng kh\u00f4ng so v\u1edbi di\u1ec5n bi\u1ebfn t\u00fac c\u1ea7u th\u1ef1c t\u1ebf tr\u00ean s\u00e2n c\u1ecf.<\/p>\n<p style=\"text-align: justify;\">\u0110\u01a1n v\u1ecb n\u00e0y lu\u00f4n n\u1ed7 l\u1ef1c thi\u1ebft l\u1eadp c\u00e1c ti\u00eau chu\u1ea9n m\u1edbi trong ng\u00e0nh gi\u1ea3i tr\u00ed tr\u1ef1c tuy\u1ebfn b\u1eb1ng c\u00e1ch h\u1ee3p t\u00e1c v\u1edbi nh\u1eefng \u0111\u1ed1i t\u00e1c cung c\u1ea5p d\u1eef li\u1ec7u th\u1ec3 thao h\u00e0ng \u0111\u1ea7u th\u1ebf gi\u1edbi. M\u1ed7i tr\u1eadn \u0111\u1ea5u di\u1ec5n ra \u0111\u1ec1u \u0111\u01b0\u1ee3c gi\u00e1m s\u00e1t b\u1edfi c\u00e1c t\u1ed5 ch\u1ee9c ki\u1ec3m \u0111\u1ecbnh \u0111\u1ed9c l\u1eadp \u0111\u1ec3 \u0111\u1ea3m b\u1ea3o t\u00ednh c\u00f4ng b\u1eb1ng tuy\u1ec7t \u0111\u1ed1i cho m\u1ecdi th\u00e0nh vi\u00ean tham gia.<\/p>\n<h2 style=\"text-align: justify;\"><strong>Nh\u1eefng \u01b0u th\u1ebf v\u01b0\u1ee3t tr\u1ed9i t\u1ea1i h\u1ec7 th\u1ed1ng th\u1ec3 thao FUN88 hi\u1ec7n nay<\/strong><\/h2>\n<figure id=\"attachment_52\" aria-describedby=\"caption-attachment-52\" style=\"width: 800px\" class=\"wp-caption aligncenter\"><img loading=\"lazy\" decoding=\"async\" class=\"wp-image-52 size-full\" src=\"https:\/\/fun88dt.com\/wp-content\/uploads\/2026\/04\/the-manh-canh-tranh-cua-sanh-cuoc-truc-tuyen.webp\" alt=\"Th\u1ebf m\u1ea1nh c\u1ea1nh tranh c\u1ee7a s\u1ea3nh c\u01b0\u1ee3c tr\u1ef1c tuy\u1ebfn\" width=\"800\" height=\"400\" srcset=\"https:\/\/fun88dt.com\/wp-content\/uploads\/2026\/04\/the-manh-canh-tranh-cua-sanh-cuoc-truc-tuyen.webp 800w, https:\/\/fun88dt.com\/wp-content\/uploads\/2026\/04\/the-manh-canh-tranh-cua-sanh-cuoc-truc-tuyen-300x150.webp 300w, https:\/\/fun88dt.com\/wp-content\/uploads\/2026\/04\/the-manh-canh-tranh-cua-sanh-cuoc-truc-tuyen-768x384.webp 768w\" sizes=\"auto, (max-width: 800px) 100vw, 800px\" \/><figcaption id=\"caption-attachment-52\" class=\"wp-caption-text\">Th\u1ebf m\u1ea1nh c\u1ea1nh tranh c\u1ee7a s\u1ea3nh c\u01b0\u1ee3c tr\u1ef1c tuy\u1ebfn<\/figcaption><\/figure>\n<p style=\"text-align: justify;\">S\u1ef1 v\u01b0\u1ee3t tr\u1ed9i c\u1ee7a n\u1ec1n t\u1ea3ng n\u00e0y \u0111\u1ebfn t\u1eeb vi\u1ec7c \u00e1p d\u1ee5ng c\u00e1c ti\u00eau chu\u1ea9n qu\u1ea3n l\u00fd r\u1ee7i ro hi\u1ec7n \u0111\u1ea1i b\u1eadc nh\u1ea5t ng\u00e0nh c\u00e1 c\u01b0\u1ee3c. H\u1ec7 th\u1ed1ng v\u1eadn h\u00e0nh li\u00ean t\u1ee5c 24\/7 nh\u1eb1m \u0111\u1ea3m b\u1ea3o m\u1ecdi th\u1eafc m\u1eafc c\u1ee7a ng\u01b0\u1eddi d\u00f9ng v\u1ec1 s\u1ea3nh <strong>th\u1ec3 thao FUN88<\/strong> \u0111\u1ec1u \u0111\u01b0\u1ee3c x\u1eed l\u00fd k\u1ecbp th\u1eddi.<\/p>\n<ul style=\"text-align: justify;\">\n<li>C\u01a1 ch\u1ebf thanh kho\u1ea3n si\u00eau t\u1ed1c cho ph\u00e9p ng\u01b0\u1eddi d\u00f9ng r\u00fat ti\u1ec1n l\u1ee3i nhu\u1eadn v\u1ec1 t\u00e0i kho\u1ea3n ng\u00e2n h\u00e0ng ch\u1ec9 trong kho\u1ea3ng th\u1eddi gian t\u1eeb 5 \u0111\u1ebfn 10 ph\u00fat.<\/li>\n<li>Giao di\u1ec7n ng\u01b0\u1eddi d\u00f9ng \u0111\u01b0\u1ee3c thi\u1ebft k\u1ebf theo xu h\u01b0\u1edbng t\u1ed1i gi\u1ea3n h\u00f3a nh\u01b0ng v\u1eabn \u0111\u1ea3m b\u1ea3o \u0111\u1ea7y \u0111\u1ee7 c\u00e1c t\u00ednh n\u0103ng ph\u00e2n t\u00edch th\u1ed1ng k\u00ea tr\u1eadn \u0111\u1ea5u chuy\u00ean s\u00e2u.<\/li>\n<li>C\u00e1c ch\u01b0\u01a1ng tr\u00ecnh khuy\u1ebfn m\u00e3i \u0111\u1ecbnh k\u1ef3 \u0111\u01b0\u1ee3c tri\u1ec3n khai th\u01b0\u1eddng xuy\u00ean gi\u00fap gia t\u0103ng qu\u1ef9 v\u1ed1n \u0111\u1eb7t c\u01b0\u1ee3c cho nh\u1eefng th\u00e0nh vi\u00ean m\u1edbi gia nh\u1eadp <strong>FUN88<\/strong>.<\/li>\n<li>\u1ee8ng d\u1ee5ng di \u0111\u1ed9ng ho\u1ea1t \u0111\u1ed9ng m\u01b0\u1ee3t m\u00e0 tr\u00ean c\u1ea3 hai h\u1ec7 \u0111i\u1ec1u h\u00e0nh ph\u1ed5 bi\u1ebfn nh\u1ea5t hi\u1ec7n nay l\u00e0 Android v\u00e0 iOS v\u1edbi dung l\u01b0\u1ee3ng c\u00e0i \u0111\u1eb7t c\u1ef1c nh\u1eb9.<\/li>\n<li>\u0110\u1ed9i ng\u0169 chuy\u00ean gia soi k\u00e8o t\u1ea1i s\u1ea3nh c\u01b0\u1ee3c <strong>th\u1ec3 thao FUN88<\/strong> li\u00ean t\u1ee5c c\u1eadp nh\u1eadt c\u00e1c b\u1ea3n tin nh\u1eadn \u0111\u1ecbnh c\u00f3 \u0111\u1ed9 ch\u00ednh x\u00e1c l\u00ean t\u1edbi h\u01a1n 85% m\u1ed7i ng\u00e0y.<\/li>\n<\/ul>\n<h2 style=\"text-align: justify;\"><strong>C\u00e1c lo\u1ea1i h\u00ecnh c\u00e1 c\u01b0\u1ee3c th\u1ec3 thao FUN88 ph\u1ed5 bi\u1ebfn nh\u1ea5t<\/strong><\/h2>\n<figure id=\"attachment_51\" aria-describedby=\"caption-attachment-51\" style=\"width: 800px\" class=\"wp-caption aligncenter\"><img loading=\"lazy\" decoding=\"async\" class=\"wp-image-51 size-full\" src=\"https:\/\/fun88dt.com\/wp-content\/uploads\/2026\/04\/danh-muc-tro-choi-giai-tri-day-kich-tinh.webp\" alt=\"Danh m\u1ee5c tr\u00f2 ch\u01a1i gi\u1ea3i tr\u00ed \u0111\u1ea7y k\u1ecbch t\u00ednh\" width=\"800\" height=\"400\" srcset=\"https:\/\/fun88dt.com\/wp-content\/uploads\/2026\/04\/danh-muc-tro-choi-giai-tri-day-kich-tinh.webp 800w, https:\/\/fun88dt.com\/wp-content\/uploads\/2026\/04\/danh-muc-tro-choi-giai-tri-day-kich-tinh-300x150.webp 300w, https:\/\/fun88dt.com\/wp-content\/uploads\/2026\/04\/danh-muc-tro-choi-giai-tri-day-kich-tinh-768x384.webp 768w\" sizes=\"auto, (max-width: 800px) 100vw, 800px\" \/><figcaption id=\"caption-attachment-51\" class=\"wp-caption-text\">Danh m\u1ee5c tr\u00f2 ch\u01a1i gi\u1ea3i tr\u00ed \u0111\u1ea7y k\u1ecbch t\u00ednh<\/figcaption><\/figure>\n<p style=\"text-align: justify;\">M\u1ed7i lo\u1ea1i h\u00ecnh thi \u0111\u1ea5u t\u1ea1i \u0111\u00e2y \u0111\u1ec1u s\u1edf h\u1eefu nh\u1eefng \u0111\u1eb7c \u0111i\u1ec3m ri\u00eang bi\u1ec7t nh\u1eb1m ph\u1ee5c v\u1ee5 t\u1ed1i \u0111a s\u1edf th\u00edch phong ph\u00fa c\u1ee7a c\u1ed9ng \u0111\u1ed3ng th\u00e0nh vi\u00ean. H\u1ec7 th\u1ed1ng <strong>th\u1ec3 thao FUN88<\/strong> kh\u00f4ng ng\u1eebng m\u1edf r\u1ed9ng danh m\u1ee5c s\u1ea3n ph\u1ea9m \u0111\u1ec3 mang \u0111\u1ebfn nh\u1eefng tr\u1ea3i nghi\u1ec7m m\u1edbi m\u1ebb v\u00e0 kh\u00e1c bi\u1ec7t cho ng\u01b0\u1eddi tham gia.<\/p>\n<h3 style=\"text-align: justify;\"><strong>C\u00e1 \u0111\u1ed9 b\u00f3ng \u0111\u00e1 s\u00f4i \u0111\u1ed9ng<\/strong><\/h3>\n<p style=\"text-align: justify;\">B\u00f3ng \u0111\u00e1 lu\u00f4n gi\u1eef v\u1ecb th\u1ebf \u0111\u1ed9c t\u00f4n v\u1edbi s\u1ed1 l\u01b0\u1ee3ng ng\u01b0\u1eddi tham gia \u0111\u1eb7t c\u01b0\u1ee3c \u0111\u00f4ng \u0111\u1ea3o nh\u1ea5t nh\u1edd v\u00e0o s\u1ef1 \u0111a d\u1ea1ng c\u1ee7a c\u00e1c gi\u1ea3i \u0111\u1ea5u l\u1edbn. B\u1ea1n c\u00f3 th\u1ec3 d\u1ec5 d\u00e0ng t\u00ecm th\u1ea5y c\u00e1c k\u00e8o c\u01b0\u1ee3c t\u1ea1i Ngo\u1ea1i h\u1ea1ng Anh, Champions League hay c\u00e1c gi\u1ea3i v\u00f4 \u0111\u1ecbch qu\u1ed1c gia h\u00e0ng \u0111\u1ea7u kh\u00e1c v\u1edbi t\u1ef7 l\u1ec7 \u0103n ti\u1ec1n c\u1ef1c cao.<\/p>\n<h3 style=\"text-align: justify;\"><strong>B\u00f3ng r\u1ed5 chuy\u00ean nghi\u1ec7p<\/strong><\/h3>\n<p style=\"text-align: justify;\">C\u00e1c gi\u1ea3i \u0111\u1ea5u b\u00f3ng r\u1ed5 nh\u00e0 ngh\u1ec1 nh\u01b0 NBA hay EuroLeague mang \u0111\u1ebfn nh\u1eefng gi\u00e2y ph\u00fat h\u1ed3i h\u1ed9p v\u1edbi s\u1ef1 bi\u1ebfn \u0111\u1ed9ng \u0111i\u1ec3m s\u1ed1 li\u00ean t\u1ee5c trong t\u1eebng gi\u00e2y thi \u0111\u1ea5u. H\u1ec7 th\u1ed1ng cung c\u1ea5p c\u00e1c lo\u1ea1i k\u00e8o ch\u1ea5p \u0111i\u1ec3m, k\u00e8o t\u00e0i x\u1ec9u t\u1ed5ng \u0111i\u1ec3m tr\u1eadn \u0111\u1ea5u ho\u1eb7c k\u00e8o c\u00e1 c\u01b0\u1ee3c theo t\u1eebng hi\u1ec7p thi \u0111\u1ea5u ri\u00eang bi\u1ec7t r\u1ea5t th\u00fa v\u1ecb.<\/p>\n<h3 style=\"text-align: justify;\"><strong>Gi\u1ea3i tr\u00ed th\u1ec3 thao FUN88 \u0111i\u1ec7n t\u1eed<\/strong><\/h3>\n<p style=\"text-align: justify;\">Xu h\u01b0\u1edbng c\u00e1 c\u01b0\u1ee3c Esports \u0111ang b\u00f9ng n\u1ed5 m\u1ea1nh m\u1ebd v\u1edbi c\u00e1c t\u1ef1a game \u0111\u00ecnh \u0111\u00e1m nh\u01b0 League of Legends, Dota 2 hay CS:GO \u0111\u01b0\u1ee3c t\u00edch h\u1ee3p \u0111\u1ea7y \u0111\u1ee7. Ng\u01b0\u1eddi ch\u01a1i t\u1ea1i <strong>FUN88<\/strong> c\u00f3 th\u1ec3 theo d\u00f5i tr\u1ef1c ti\u1ebfp c\u00e1c tr\u1eadn \u0111\u1ea5u \u0111\u1ec9nh cao qua livestream ch\u1ea5t l\u01b0\u1ee3ng HD ngay tr\u00ean trang ch\u1ee7 \u0111\u1ec3 \u0111\u1eb7t c\u01b0\u1ee3c ch\u00ednh x\u00e1c h\u01a1n.<\/p>\n<h3 style=\"text-align: justify;\"><strong>Qu\u1ea7n v\u1ee3t v\u00e0 c\u00e1c m\u00f4n kh\u00e1c<\/strong><\/h3>\n<p style=\"text-align: justify;\">S\u1ea3nh c\u01b0\u1ee3c c\u00f2n m\u1edf r\u1ed9ng sang c\u00e1c b\u1ed9 m\u00f4n nh\u01b0 qu\u1ea7n v\u1ee3t, b\u00f3ng chuy\u1ec1n v\u00e0 \u0111ua xe c\u00f4ng th\u1ee9c 1 v\u1edbi quy tr\u00ecnh tr\u1ea3 th\u01b0\u1edfng minh b\u1ea1ch v\u00e0 nhanh ch\u00f3ng. T\u1eebng c\u00fa giao b\u00f3ng hay nh\u1eefng pha b\u1ee9t ph\u00e1 tr\u00ean \u0111\u01b0\u1eddng \u0111ua \u0111\u1ec1u \u0111\u01b0\u1ee3c c\u1eadp nh\u1eadt th\u00f4ng s\u1ed1 chi ti\u1ebft \u0111\u1ec3 ng\u01b0\u1eddi ch\u01a1i d\u1ec5 d\u00e0ng \u0111\u01b0a ra quy\u1ebft \u0111\u1ecbnh \u0111\u1eb7t ti\u1ec1n.<\/p>\n<h2 style=\"text-align: justify;\"><strong>K\u1ebft lu\u1eadn<\/strong><\/h2>\n<p style=\"text-align: justify;\"><strong>Th\u1ec3 thao FUN88<\/strong> l\u00e0 s\u1ef1 l\u1ef1a ch\u1ecdn ho\u00e0n h\u1ea3o cho nh\u1eefng ai \u0111ang t\u00ecm ki\u1ebfm m\u1ed9t \u0111\u1ecba ch\u1ec9 c\u00e1 c\u01b0\u1ee3c minh b\u1ea1ch v\u1edbi t\u1ef7 l\u1ec7 tr\u1ea3 th\u01b0\u1edfng cao b\u1eadc nh\u1ea5t. Vi\u1ec7c th\u1ea5u hi\u1ec3u c\u00e1c quy lu\u1eadt bi\u1ebfn \u0111\u1ed9ng c\u1ee7a s\u00e0n giao d\u1ecbch s\u1ebd gi\u00fap b\u1ea1n t\u1ed1i \u01b0u h\u00f3a c\u01a1 h\u1ed9i chi\u1ebfn th\u1eafng trong t\u1eebng phi\u00ean c\u01b0\u1ee3c k\u1ecbch t\u00ednh. H\u00e3y \u0111\u0103ng k\u00fd t\u00e0i kho\u1ea3n t\u1ea1i <strong>FUN88<\/strong> \u0111\u1ec3 tr\u1ea3i nghi\u1ec7m s\u1ef1 kh\u00e1c bi\u1ec7t v\u00e0 nh\u1eadn v\u1ec1 nh\u1eefng ph\u1ea7n qu\u00e0 gi\u00e1 tr\u1ecb ngay h\u00f4m nay.<\/p>\n","protected":false},"excerpt":{"rendered":"<p>Th\u1ec3 thao FUN88 mang t\u1edbi kh\u00f4ng gian gi\u1ea3i tr\u00ed k\u1ecbch t\u00ednh v\u1edbi h\u00e0ng lo\u1ea1t c\u00e1c b\u1ed9 m\u00f4n thi \u0111\u1ea5u t\u1eeb b\u00f3ng \u0111\u00e1 \u0111\u1ebfn tennis chuy\u00ean nghi\u1ec7p b\u1eadc nh\u1ea5t hi\u1ec7n nay. Ng\u01b0\u1eddi d\u00f9ng d\u1ec5 d\u00e0ng ti\u1ebfp c\u1eadn c\u00e1c t\u1ef7 l\u1ec7 k\u00e8o \u0111\u01b0\u1ee3c t\u00ednh to\u00e1n d\u1ef1a tr\u00ean thu\u1eadt to\u00e1n ph\u00e2n t\u00edch d\u1eef li\u1ec7u chuy\u00ean s\u00e2u t\u1eeb nh\u1eefng [&#8230;]\n","protected":false},"author":1,"featured_media":54,"parent":0,"menu_order":0,"comment_status":"closed","ping_status":"closed","template":"","meta":{"footnotes":""},"class_list":["post-103","page","type-page","status-publish","has-post-thumbnail","hentry"],"_links":{"self":[{"href":"https:\/\/fun88dt.com\/index.php\/wp-json\/wp\/v2\/pages\/103","targetHints":{"allow":["GET"]}}],"collection":[{"href":"https:\/\/fun88dt.com\/index.php\/wp-json\/wp\/v2\/pages"}],"about":[{"href":"https:\/\/fun88dt.com\/index.php\/wp-json\/wp\/v2\/types\/page"}],"author":[{"embeddable":true,"href":"https:\/\/fun88dt.com\/index.php\/wp-json\/wp\/v2\/users\/1"}],"replies":[{"embeddable":true,"href":"https:\/\/fun88dt.com\/index.php\/wp-json\/wp\/v2\/comments?post=103"}],"version-history":[{"count":1,"href":"https:\/\/fun88dt.com\/index.php\/wp-json\/wp\/v2\/pages\/103\/revisions"}],"predecessor-version":[{"id":123,"href":"https:\/\/fun88dt.com\/index.php\/wp-json\/wp\/v2\/pages\/103\/revisions\/123"}],"wp:featuredmedia":[{"embeddable":true,"href":"https:\/\/fun88dt.com\/index.php\/wp-json\/wp\/v2\/media\/54"}],"wp:attachment":[{"href":"https:\/\/fun88dt.com\/index.php\/wp-json\/wp\/v2\/media?parent=103"}],"curies":[{"name":"wp","href":"https:\/\/api.w.org\/{rel}","templated":true}]}}