{"id":104,"date":"2026-04-13T03:05:43","date_gmt":"2026-04-13T03:05:43","guid":{"rendered":"https:\/\/fun88dt.com\/index.php\/ban-ca-fun88\/"},"modified":"2026-04-13T03:08:07","modified_gmt":"2026-04-13T03:08:07","slug":"ban-ca-fun88","status":"publish","type":"page","link":"https:\/\/fun88dt.com\/index.php\/ban-ca-fun88\/","title":{"rendered":"B\u1eafn C\u00e1 FUN88 &#8211; Chinh Ph\u1ee5c \u0110\u1ea1i D\u01b0\u01a1ng Nh\u1eadn Th\u01b0\u1edfng L\u1edbn"},"content":{"rendered":"<p style=\"text-align: justify;\"><a href=\"https:\/\/fun88dt.com\/ban-ca-fun88\/\" target=\"_blank\" rel=\"noopener\"><strong>B\u1eafn c\u00e1 FUN88<\/strong><\/a> hi\u1ec7n \u0111ang d\u1eabn \u0111\u1ea7u xu h\u01b0\u1edbng gi\u1ea3i tr\u00ed tr\u1ef1c tuy\u1ebfn nh\u1edd v\u00e0o s\u1ef1 k\u1ebft h\u1ee3p ho\u00e0n m\u1ef9 gi\u1eefa h\u00ecnh \u1ea3nh s\u1eafc n\u00e9t v\u00e0 \u00e2m thanh ch\u00e2n th\u1ef1c. Ng\u01b0\u1eddi ch\u01a1i c\u00f3 c\u01a1 h\u1ed9i tr\u1ea3i nghi\u1ec7m h\u01a1n 50 lo\u00e0i sinh v\u1eadt bi\u1ec3n kh\u00e1c nhau v\u1edbi c\u00e1c m\u1ee9c nh\u00e2n h\u1ec7 s\u1ed1 th\u01b0\u1edfng \u0111a d\u1ea1ng t\u1eeb x2 \u0111\u1ebfn x500 l\u1ea7n. \u0110\u00e2y ch\u00ednh l\u00e0 thi\u00ean \u0111\u01b0\u1eddng s\u0103n th\u01b0\u1edfng l\u00fd t\u01b0\u1edfng m\u00e0 b\u1ea1n kh\u00f4ng n\u00ean b\u1ecf l\u1ee1 khi gh\u00e9 th\u0103m <a href=\"https:\/\/fun88dt.com\/\" target=\"_blank\" rel=\"noopener\"><strong>FUN88<\/strong><\/a>.<\/p>\n<h2 style=\"text-align: justify;\"><strong>Nh\u1eefng \u01b0u \u0111i\u1ec3m v\u01b0\u1ee3t tr\u1ed9i khi ch\u01a1i b\u1eafn c\u00e1 FUN88<\/strong><\/h2>\n<figure id=\"attachment_49\" aria-describedby=\"caption-attachment-49\" style=\"width: 800px\" class=\"wp-caption aligncenter\"><img loading=\"lazy\" decoding=\"async\" class=\"wp-image-49 size-full\" src=\"https:\/\/fun88dt.com\/wp-content\/uploads\/2026\/04\/trai-nghiem-cac-tinh-nang-uu-viet-cua-ban-ca-fun88.webp\" alt=\"Tr\u1ea3i nghi\u1ec7m c\u00e1c t\u00ednh n\u0103ng \u01b0u vi\u1ec7t c\u1ee7a b\u1eafn c\u00e1 FUN88\" width=\"800\" height=\"400\" srcset=\"https:\/\/fun88dt.com\/wp-content\/uploads\/2026\/04\/trai-nghiem-cac-tinh-nang-uu-viet-cua-ban-ca-fun88.webp 800w, https:\/\/fun88dt.com\/wp-content\/uploads\/2026\/04\/trai-nghiem-cac-tinh-nang-uu-viet-cua-ban-ca-fun88-300x150.webp 300w, https:\/\/fun88dt.com\/wp-content\/uploads\/2026\/04\/trai-nghiem-cac-tinh-nang-uu-viet-cua-ban-ca-fun88-768x384.webp 768w\" sizes=\"auto, (max-width: 800px) 100vw, 800px\" \/><figcaption id=\"caption-attachment-49\" class=\"wp-caption-text\">Tr\u1ea3i nghi\u1ec7m c\u00e1c t\u00ednh n\u0103ng \u01b0u vi\u1ec7t c\u1ee7a b\u1eafn c\u00e1 FUN88<\/figcaption><\/figure>\n<p style=\"text-align: justify;\">Tr\u00f2 ch\u01a1i n\u00e0y kh\u00f4ng ch\u1ec9 \u0111\u01a1n thu\u1ea7n l\u00e0 gi\u1ea3i tr\u00ed m\u00e0 c\u00f2n l\u00e0 c\u01a1 h\u1ed9i \u0111\u1ec3 t\u00edch l\u0169y t\u00e0i s\u1ea3n th\u00f4ng qua k\u1ef9 n\u0103ng c\u00e1 nh\u00e2n. D\u01b0\u1edbi \u0111\u00e2y l\u00e0 b\u1ea3ng s\u1ed1 li\u1ec7u chi ti\u1ebft v\u1ec1 c\u00e1c th\u00f4ng s\u1ed1 k\u1ef9 thu\u1eadt v\u00e0 c\u01a1 c\u1ea5u gi\u1ea3i th\u01b0\u1edfng m\u00e0 ng\u01b0 th\u1ee7 <strong>b\u1eafn c\u00e1 FUN88 <\/strong>c\u1ea7n n\u1eafm v\u1eefng \u0111\u1ec3 t\u1ed1i \u01b0u h\u00f3a l\u1ee3i nhu\u1eadn.<\/p>\n<p style=\"text-align: justify;\">H\u1ec7 th\u1ed1ng ghi nh\u1eadn m\u1ed7i ng\u00e0y c\u00f3 h\u01a1n 10.000 l\u01b0\u1ee3t truy c\u1eadp v\u00e0o c\u00e1c s\u1ea3nh s\u0103n c\u00e1 kh\u00e1c nhau. Vi\u1ec7c \u00e1p d\u1ee5ng c\u00f4ng ngh\u1ec7 \u0111\u1ed3 h\u1ecda m\u1edbi nh\u1ea5t gi\u00fap c\u00e1c chuy\u1ec3n \u0111\u1ed9ng c\u1ee7a c\u00e1 tr\u1edf n\u00ean m\u01b0\u1ee3t m\u00e0, kh\u00f4ng g\u00e2y m\u1ecfi m\u1eaft cho game th\u1ee7 khi tr\u1ea3i nghi\u1ec7m l\u00e2u d\u00e0i.<\/p>\n<h2 style=\"text-align: justify;\"><strong>Kh\u00e1m ph\u00e1 c\u00e1c s\u1ea3nh ch\u01a1i b\u1eafn c\u00e1 FUN88 hi\u1ec7n \u0111\u1ea1i<\/strong><\/h2>\n<figure id=\"attachment_48\" aria-describedby=\"caption-attachment-48\" style=\"width: 800px\" class=\"wp-caption aligncenter\"><img loading=\"lazy\" decoding=\"async\" class=\"wp-image-48 size-full\" src=\"https:\/\/fun88dt.com\/wp-content\/uploads\/2026\/04\/tim-hieu-cac-khong-gian-giai-tri-dai-duong-dac-sac.webp\" alt=\"T\u00ecm hi\u1ec3u c\u00e1c kh\u00f4ng gian gi\u1ea3i tr\u00ed \u0111\u1ea1i d\u01b0\u01a1ng \u0111\u1eb7c s\u1eafc\" width=\"800\" height=\"400\" srcset=\"https:\/\/fun88dt.com\/wp-content\/uploads\/2026\/04\/tim-hieu-cac-khong-gian-giai-tri-dai-duong-dac-sac.webp 800w, https:\/\/fun88dt.com\/wp-content\/uploads\/2026\/04\/tim-hieu-cac-khong-gian-giai-tri-dai-duong-dac-sac-300x150.webp 300w, https:\/\/fun88dt.com\/wp-content\/uploads\/2026\/04\/tim-hieu-cac-khong-gian-giai-tri-dai-duong-dac-sac-768x384.webp 768w\" sizes=\"auto, (max-width: 800px) 100vw, 800px\" \/><figcaption id=\"caption-attachment-48\" class=\"wp-caption-text\">T\u00ecm hi\u1ec3u c\u00e1c kh\u00f4ng gian gi\u1ea3i tr\u00ed \u0111\u1ea1i d\u01b0\u01a1ng \u0111\u1eb7c s\u1eafc<\/figcaption><\/figure>\n<p style=\"text-align: justify;\">M\u1ed7i s\u1ea3nh game t\u1ea1i <strong>b\u1eafn c\u00e1 FUN88<\/strong> \u0111\u1ec1u mang m\u1ed9t m\u00e0u s\u1eafc ri\u00eang bi\u1ec7t nh\u1eb1m \u0111\u00e1p \u1ee9ng nhu c\u1ea7u kh\u1eaft khe c\u1ee7a c\u1ed9ng \u0111\u1ed3ng c\u01b0\u1ee3c th\u1ee7. B\u1ea1n s\u1ebd \u0111\u01b0\u1ee3c \u0111\u1eafm ch\u00ecm trong c\u00e1c k\u1ecbch b\u1ea3n s\u0103n b\u1eaft \u0111\u1ea7y k\u1ecbch t\u00ednh v\u1edbi m\u1ee9c th\u01b0\u1edfng v\u00f4 c\u00f9ng h\u00e0o ph\u00f3ng t\u1eeb nh\u00e0 c\u00e1i.<\/p>\n<ul style=\"text-align: justify;\">\n<li>S\u1ea3nh JILI mang \u0111\u1ebfn giao di\u1ec7n hi\u1ec7n \u0111\u1ea1i c\u00f9ng nhi\u1ec1u lo\u1ea1i c\u00e1 \u0111\u1eb7c th\u00f9 gi\u00fap game th\u1ee7 kh\u00f4ng bao gi\u1edd c\u1ea3m th\u1ea5y nh\u00e0m ch\u00e1n khi tham gia s\u0103n th\u01b0\u1edfng.<\/li>\n<li>Chuy\u00ean m\u1ee5c <strong>b\u1eafn c\u00e1 FUN88<\/strong> t\u1ea1i s\u1ea3nh CQ9 t\u1eadp trung v\u00e0o c\u00e1c lo\u00e0i sinh v\u1eadt huy\u1ec1n tho\u1ea1i v\u1edbi k\u1ef9 n\u0103ng \u0111\u1eb7c bi\u1ec7t gi\u00fap ng\u01b0\u1eddi ch\u01a1i nh\u00e2n \u0111\u00f4i \u0111i\u1ec3m s\u1ed1 d\u1ec5 d\u00e0ng.<\/li>\n<li>Khu v\u1ef1c c\u1ee7a <strong>FUN88<\/strong> h\u1ee3p t\u00e1c c\u00f9ng SG cho ph\u00e9p ng\u01b0 th\u1ee7 s\u1eed d\u1ee5ng c\u00e1c lo\u1ea1i v\u0169 kh\u00ed h\u1ea1ng n\u1eb7ng nh\u01b0 bom h\u1ea1t nh\u00e2n \u0111\u1ec3 qu\u00e9t s\u1ea1ch b\u1ea3n \u0111\u1ed3 trong t\u00edch t\u1eafc.<\/li>\n<li>S\u1ea3nh JDB n\u1ed5i ti\u1ebfng v\u1edbi t\u00ednh n\u0103ng t\u00edch l\u0169y r\u01b0\u01a1ng b\u00e1u t\u1ea1o th\u00eam \u0111\u1ed9ng l\u1ef1c cho c\u00e1c tay s\u0103n ki\u00ean tr\u00ec b\u00e1m tr\u1ee5 \u0111\u1ec3 nh\u1eadn ph\u1ea7n qu\u00e0 jackpot gi\u00e1 tr\u1ecb.<\/li>\n<li>Ng\u01b0\u1eddi ch\u01a1i c\u00f3 th\u1ec3 l\u1ef1a ch\u1ecdn ch\u1ebf \u0111\u1ed9 ch\u01a1i th\u1eed t\u1ea1i s\u1ea3nh th\u1eed nghi\u1ec7m \u0111\u1ec3 l\u00e0m quen v\u1edbi nh\u1ecbp \u0111\u1ed9 c\u0169ng nh\u01b0 c\u00e1ch th\u1ee9c v\u1eadn h\u00e0nh c\u1ee7a t\u1eebng lo\u1ea1i v\u0169 kh\u00ed.<\/li>\n<li>Vi\u1ec7c \u0111a d\u1ea1ng h\u00f3a c\u00e1c s\u1ea3nh ch\u01a1i gi\u00fap gi\u1ea3m t\u1ea3i t\u00ecnh tr\u1ea1ng ngh\u1ebdn m\u1ea1ng v\u00e0o gi\u1edd cao \u0111i\u1ec3m, \u0111\u1ea3m b\u1ea3o h\u00e0nh tr\u00ecnh s\u0103n c\u00e1 c\u1ee7a b\u1ea1n lu\u00f4n th\u00f4ng su\u1ed1t.<\/li>\n<\/ul>\n<h2 style=\"text-align: justify;\"><strong>Chi\u1ebfn thu\u1eadt th\u00f4ng minh gi\u00fap th\u1eafng l\u1edbn b\u1eafn c\u00e1 FUN88<\/strong><\/h2>\n<figure id=\"attachment_50\" aria-describedby=\"caption-attachment-50\" style=\"width: 800px\" class=\"wp-caption aligncenter\"><img loading=\"lazy\" decoding=\"async\" class=\"wp-image-50 size-full\" src=\"https:\/\/fun88dt.com\/wp-content\/uploads\/2026\/04\/ap-dung-meo-hay-nang-cao-hieu-suat-san-ca.webp\" alt=\"\u00c1p d\u1ee5ng m\u1eb9o hay n\u00e2ng cao hi\u1ec7u su\u1ea5t s\u0103n c\u00e1\" width=\"800\" height=\"400\" srcset=\"https:\/\/fun88dt.com\/wp-content\/uploads\/2026\/04\/ap-dung-meo-hay-nang-cao-hieu-suat-san-ca.webp 800w, https:\/\/fun88dt.com\/wp-content\/uploads\/2026\/04\/ap-dung-meo-hay-nang-cao-hieu-suat-san-ca-300x150.webp 300w, https:\/\/fun88dt.com\/wp-content\/uploads\/2026\/04\/ap-dung-meo-hay-nang-cao-hieu-suat-san-ca-768x384.webp 768w\" sizes=\"auto, (max-width: 800px) 100vw, 800px\" \/><figcaption id=\"caption-attachment-50\" class=\"wp-caption-text\">\u00c1p d\u1ee5ng m\u1eb9o hay n\u00e2ng cao hi\u1ec7u su\u1ea5t s\u0103n c\u00e1<\/figcaption><\/figure>\n<p style=\"text-align: justify;\">Vi\u1ec7c n\u1eafm v\u1eefng c\u00e1c quy t\u1eafc c\u01a1 b\u1ea3n v\u00e0 \u00e1p d\u1ee5ng linh ho\u1ea1t c\u00e1c chi\u1ebfn thu\u1eadt s\u1ebd gi\u00fap b\u1ea1n l\u00e0m ch\u1ee7 cu\u1ed9c ch\u01a1i m\u1ed9t c\u00e1ch hi\u1ec7u qu\u1ea3. \u0110\u00e2y l\u00e0 nh\u1eefng kinh nghi\u1ec7m x\u01b0\u01a1ng m\u00e1u \u0111\u01b0\u1ee3c \u0111\u00fac k\u1ebft t\u1eeb nh\u1eefng b\u1eadc th\u1ea7y s\u0103n th\u01b0\u1edfng l\u00e3o luy\u1ec7n t\u1ea1i h\u1ec7 th\u1ed1ng <strong>FUN88<\/strong>.<\/p>\n<h3 style=\"text-align: justify;\"><strong>T\u1eadp trung b\u1eafn c\u00e1 theo \u0111\u00e0n<\/strong><\/h3>\n<p style=\"text-align: justify;\">K\u1ef9 thu\u1eadt n\u00e0y \u0111\u00f2i h\u1ecfi b\u1ea1n ph\u1ea3i s\u1eed d\u1ee5ng l\u01b0\u1ee3ng \u0111\u1ea1n v\u1eeba \u0111\u1ee7 \u0111\u1ec3 bao v\u00e2y to\u00e0n b\u1ed9 nh\u00f3m sinh v\u1eadt nh\u1ecf \u0111ang di chuy\u1ec3n tr\u00ean m\u00e0n h\u00ecnh. Th\u00f4ng th\u01b0\u1eddng, vi\u1ec7c x\u1ea3 s\u00fang v\u00e0o trung t\u00e2m \u0111\u00e1m \u0111\u00f4ng s\u1ebd gi\u00fap t\u1ef7 l\u1ec7 h\u1ea1 g\u1ee5c m\u1ee5c ti\u00eau t\u0103ng l\u00ean \u0111\u00e1ng k\u1ec3 so v\u1edbi vi\u1ec7c b\u1eafn l\u1ebb t\u1ebb.<\/p>\n<h3 style=\"text-align: justify;\"><strong>K\u1ef9 thu\u1eadt b\u1eafn t\u1ec9a \u0111\u01a1n l\u1ebb<\/strong><\/h3>\n<p style=\"text-align: justify;\">\u0110\u1ed1i v\u1edbi nh\u1eefng lo\u00e0i c\u00e1 \u0111i ri\u00eang l\u1ebb, b\u1ea1n n\u00ean s\u1eed d\u1ee5ng nh\u1eefng vi\u00ean \u0111\u1ea1n nh\u1ecf \u0111\u1ec3 tr\u00e1nh l\u00e3ng ph\u00ed t\u00e0i nguy\u00ean kh\u00f4ng c\u1ea7n thi\u1ebft trong qu\u00e1 tr\u00ecnh ch\u01a1i. Ng\u01b0 th\u1ee7 c\u1ea7n nh\u1eafm chu\u1ea9n x\u00e1c v\u00e0o ph\u1ea7n \u0111\u1ea7u ho\u1eb7c v\u00e2y c\u1ee7a ch\u00fang \u0111\u1ec3 k\u1ebft li\u1ec5u m\u1ee5c ti\u00eau ch\u1ec9 v\u1edbi 2 \u0111\u1ebfn 3 l\u01b0\u1ee3t x\u1ea3 \u0111\u1ea1n li\u00ean t\u1ee5c.<\/p>\n<h3 style=\"text-align: justify;\"><strong>Chinh ph\u1ee5c boss<\/strong><\/h3>\n<p style=\"text-align: justify;\">Khi c\u00e1c sinh v\u1eadt kh\u1ed5ng l\u1ed3 xu\u1ea5t hi\u1ec7n, b\u1ea1n c\u1ea7n t\u1eadp trung to\u00e0n b\u1ed9 h\u1ecfa l\u1ef1c m\u1ea1nh nh\u1ea5t \u0111\u1ec3 t\u1ea5n c\u00f4ng d\u1ed3n d\u1eadp v\u00e0o c\u00e1c \u0111i\u1ec3m y\u1ebfu c\u1ee7a ch\u00fang. Vi\u1ec7c ti\u00eau di\u1ec7t th\u00e0nh c\u00f4ng boss trong <strong>b\u1eafn c\u00e1 FUN88<\/strong> s\u1ebd mang l\u1ea1i s\u1ed1 l\u01b0\u1ee3ng xu th\u01b0\u1edfng kh\u1ed5ng l\u1ed3 c\u00f3 th\u1ec3 g\u1ea5p h\u00e0ng tr\u0103m l\u1ea7n ti\u1ec1n c\u01b0\u1ee3c ban \u0111\u1ea7u.<\/p>\n<h3 style=\"text-align: justify;\"><strong>Qu\u1ea3n l\u00fd v\u1ed1n c\u01b0\u1ee3c th\u00f4ng minh<\/strong><\/h3>\n<p style=\"text-align: justify;\">Ph\u00e2n b\u1ed5 ti\u1ec1n c\u01b0\u1ee3c v\u00e0o c\u00e1c lo\u1ea1i \u0111\u1ea1n kh\u00e1c nhau m\u1ed9t c\u00e1ch h\u1ee3p l\u00fd l\u00e0 ch\u00eca kh\u00f3a \u0111\u1ec3 b\u1ea1n duy tr\u00ec s\u1ef1 b\u1ec1n b\u1ec9 trong su\u1ed1t h\u00e0nh tr\u00ecnh d\u00e0i. Kh\u00f4ng n\u00ean d\u1ed3n qu\u00e1 nhi\u1ec1u ti\u1ec1n v\u00e0o m\u1ed9t m\u1ee5c ti\u00eau duy nh\u1ea5t n\u1ebfu c\u1ea3m th\u1ea5y kh\u1ea3 n\u0103ng h\u1ea1 g\u1ee5c kh\u00f4ng cao, h\u00e3y bi\u1ebft c\u00e1ch d\u1eebng \u0111\u00fang l\u00fac. Vi\u1ec7c ki\u1ec3m so\u00e1t t\u00e2m l\u00fd v\u00e0 t\u00e0i ch\u00ednh t\u1ed1t s\u1ebd gi\u00fap b\u1ea1n tr\u00e1nh \u0111\u01b0\u1ee3c nh\u1eefng r\u1ee7i ro kh\u00f4ng \u0111\u00e1ng c\u00f3 v\u00e0 thu v\u1ec1 l\u1ee3i nhu\u1eadn \u0111\u1ec1u \u0111\u1eb7n m\u1ed7i ng\u00e0y.<\/p>\n<h2 style=\"text-align: justify;\"><strong>K\u1ebft lu\u1eadn<\/strong><\/h2>\n<p style=\"text-align: justify;\"><strong>B\u1eafn c\u00e1 FUN88<\/strong> ch\u00ednh l\u00e0 \u0111i\u1ec3m d\u1eebng ch\u00e2n ho\u00e0n h\u1ea3o cho nh\u1eefng ai \u0111am m\u00ea c\u1ea3m gi\u00e1c m\u1ea1nh v\u00e0 mu\u1ed1n s\u0103n t\u00ecm nh\u1eefng ph\u1ea7n qu\u00e0 gi\u00e1 tr\u1ecb nh\u1ea5t. V\u1edbi s\u1ef1 minh b\u1ea1ch v\u00e0 uy t\u00edn l\u00e2u \u0111\u1eddi, h\u1ec7 th\u1ed1ng cam k\u1ebft mang l\u1ea1i m\u00f4i tr\u01b0\u1eddng c\u00e1 c\u01b0\u1ee3c c\u00f4ng b\u1eb1ng v\u00e0 b\u1ea3o m\u1eadt th\u00f4ng tin tuy\u1ec7t \u0111\u1ed1i cho m\u1ecdi kh\u00e1ch h\u00e0ng. H\u00e3y \u0111\u0103ng k\u00fd ngay h\u00f4m nay \u0111\u1ec3 tr\u1edf th\u00e0nh ng\u01b0 th\u1ee7 huy\u1ec1n tho\u1ea1i v\u00e0 nh\u1eadn nh\u1eefng \u01b0u \u0111\u00e3i \u0111\u1ed9c quy\u1ec1n ch\u1ec9 c\u00f3 t\u1ea1i <strong>FUN88<\/strong>.<\/p>\n","protected":false},"excerpt":{"rendered":"<p>B\u1eafn c\u00e1 FUN88 hi\u1ec7n \u0111ang d\u1eabn \u0111\u1ea7u xu h\u01b0\u1edbng gi\u1ea3i tr\u00ed tr\u1ef1c tuy\u1ebfn nh\u1edd v\u00e0o s\u1ef1 k\u1ebft h\u1ee3p ho\u00e0n m\u1ef9 gi\u1eefa h\u00ecnh \u1ea3nh s\u1eafc n\u00e9t v\u00e0 \u00e2m thanh ch\u00e2n th\u1ef1c. Ng\u01b0\u1eddi ch\u01a1i c\u00f3 c\u01a1 h\u1ed9i tr\u1ea3i nghi\u1ec7m h\u01a1n 50 lo\u00e0i sinh v\u1eadt bi\u1ec3n kh\u00e1c nhau v\u1edbi c\u00e1c m\u1ee9c nh\u00e2n h\u1ec7 s\u1ed1 th\u01b0\u1edfng \u0111a d\u1ea1ng t\u1eeb [&#8230;]\n","protected":false},"author":1,"featured_media":47,"parent":0,"menu_order":0,"comment_status":"closed","ping_status":"closed","template":"","meta":{"footnotes":""},"class_list":["post-104","page","type-page","status-publish","has-post-thumbnail","hentry"],"_links":{"self":[{"href":"https:\/\/fun88dt.com\/index.php\/wp-json\/wp\/v2\/pages\/104","targetHints":{"allow":["GET"]}}],"collection":[{"href":"https:\/\/fun88dt.com\/index.php\/wp-json\/wp\/v2\/pages"}],"about":[{"href":"https:\/\/fun88dt.com\/index.php\/wp-json\/wp\/v2\/types\/page"}],"author":[{"embeddable":true,"href":"https:\/\/fun88dt.com\/index.php\/wp-json\/wp\/v2\/users\/1"}],"replies":[{"embeddable":true,"href":"https:\/\/fun88dt.com\/index.php\/wp-json\/wp\/v2\/comments?post=104"}],"version-history":[{"count":1,"href":"https:\/\/fun88dt.com\/index.php\/wp-json\/wp\/v2\/pages\/104\/revisions"}],"predecessor-version":[{"id":113,"href":"https:\/\/fun88dt.com\/index.php\/wp-json\/wp\/v2\/pages\/104\/revisions\/113"}],"wp:featuredmedia":[{"embeddable":true,"href":"https:\/\/fun88dt.com\/index.php\/wp-json\/wp\/v2\/media\/47"}],"wp:attachment":[{"href":"https:\/\/fun88dt.com\/index.php\/wp-json\/wp\/v2\/media?parent=104"}],"curies":[{"name":"wp","href":"https:\/\/api.w.org\/{rel}","templated":true}]}}