{"id":106,"date":"2026-04-13T03:06:08","date_gmt":"2026-04-13T03:06:08","guid":{"rendered":"https:\/\/fun88dt.com\/index.php\/xo-so-fun88\/"},"modified":"2026-04-13T03:11:58","modified_gmt":"2026-04-13T03:11:58","slug":"xo-so-fun88","status":"publish","type":"page","link":"https:\/\/fun88dt.com\/index.php\/xo-so-fun88\/","title":{"rendered":"X\u1ed5 S\u1ed1 FUN88 &#8211; Nh\u1eefng B\u00ed Quy\u1ebft Chinh Ph\u1ee5c Ti\u1ec1n Th\u01b0\u1edfng"},"content":{"rendered":"<p style=\"text-align: justify;\"><a href=\"https:\/\/fun88dt.com\/xo-so-fun88\/\" target=\"_blank\" rel=\"noopener\"><strong>X\u1ed5 s\u1ed1 FUN88<\/strong><\/a> hi\u1ec7n di\u1ec7n nh\u01b0 m\u1ed9t \u0111i\u1ec3m \u0111\u1ebfn l\u00fd t\u01b0\u1edfng cho nh\u1eefng ai khao kh\u00e1t t\u00ecm ki\u1ebfm c\u01a1 h\u1ed9i \u0111\u1ed5i \u0111\u1eddi th\u00f4ng qua nh\u1eefng con s\u1ed1 may m\u1eafn \u0111\u1ea7y bi\u1ebfn h\u00f3a m\u1ed7i ng\u00e0y. S\u1ef1 \u0111a d\u1ea1ng trong c\u00e1c h\u00ecnh th\u1ee9c c\u01b0\u1ee3c t\u1eeb truy\u1ec1n th\u1ed1ng \u0111\u1ebfn hi\u1ec7n \u0111\u1ea1i k\u1ebft h\u1ee3p v\u1edbi c\u01a1 ch\u1ebf b\u1ea3o m\u1eadt tuy\u1ec7t \u0111\u1ed1i t\u1ea1o n\u00ean m\u1ed9t h\u1ec7 sinh th\u00e1i gi\u1ea3i tr\u00ed minh b\u1ea1ch v\u00e0 chuy\u00ean nghi\u1ec7p. Tr\u1ea3i nghi\u1ec7m c\u00e1 c\u01b0\u1ee3c t\u1ea1i \u0111\u00e2y kh\u00f4ng ch\u1ec9 d\u1eebng l\u1ea1i \u1edf vi\u1ec7c th\u1eed v\u1eadn may m\u00e0 c\u00f2n l\u00e0 qu\u00e1 tr\u00ecnh v\u1eadn d\u1ee5ng t\u01b0 duy chi\u1ebfn thu\u1eadt \u0111\u1ec3 gi\u00e0nh chi\u1ebfn th\u1eafng c\u00f9ng <a href=\"https:\/\/fun88dt.com\/\" target=\"_blank\" rel=\"noopener\"><strong>FUN88<\/strong><\/a>.<\/p>\n<h2 style=\"text-align: justify;\"><strong>Kh\u00e1m ph\u00e1 s\u1ea3nh c\u01b0\u1ee3c x\u1ed5 s\u1ed1 FUN88 hi\u1ec7n \u0111\u1ea1i \u0111\u1eb3ng c\u1ea5p nh\u1ea5t<\/strong><\/h2>\n<figure id=\"attachment_39\" aria-describedby=\"caption-attachment-39\" style=\"width: 800px\" class=\"wp-caption aligncenter\"><img loading=\"lazy\" decoding=\"async\" class=\"wp-image-39 size-full\" src=\"https:\/\/fun88dt.com\/wp-content\/uploads\/2026\/04\/sanh-cuoc-xo-so-fun88-dang-cap-quoc-te.webp\" alt=\"S\u1ea3nh c\u01b0\u1ee3c x\u1ed5 s\u1ed1 FUN88 \u0111\u1eb3ng c\u1ea5p qu\u1ed1c t\u1ebf\" width=\"800\" height=\"400\" srcset=\"https:\/\/fun88dt.com\/wp-content\/uploads\/2026\/04\/sanh-cuoc-xo-so-fun88-dang-cap-quoc-te.webp 800w, https:\/\/fun88dt.com\/wp-content\/uploads\/2026\/04\/sanh-cuoc-xo-so-fun88-dang-cap-quoc-te-300x150.webp 300w, https:\/\/fun88dt.com\/wp-content\/uploads\/2026\/04\/sanh-cuoc-xo-so-fun88-dang-cap-quoc-te-768x384.webp 768w\" sizes=\"auto, (max-width: 800px) 100vw, 800px\" \/><figcaption id=\"caption-attachment-39\" class=\"wp-caption-text\">S\u1ea3nh c\u01b0\u1ee3c x\u1ed5 s\u1ed1 FUN88 \u0111\u1eb3ng c\u1ea5p qu\u1ed1c t\u1ebf<\/figcaption><\/figure>\n<p style=\"text-align: justify;\">H\u1ec7 th\u1ed1ng <strong>x\u1ed5 s\u1ed1 FUN88 <\/strong>t\u00edch h\u1ee3p c\u00e1c c\u00f4ng ngh\u1ec7 quay s\u1ed1 ng\u1eabu nhi\u00ean ti\u00ean ti\u1ebfn \u0111\u1ea3m b\u1ea3o t\u00ednh c\u00f4ng b\u1eb1ng tuy\u1ec7t \u0111\u1ed1i cho m\u1ecdi th\u00e0nh vi\u00ean tham gia \u0111\u1eb7t c\u01b0\u1ee3c. Ng\u01b0\u1eddi ch\u01a1i d\u1ec5 d\u00e0ng ti\u1ebfp c\u1eadn c\u00e1c s\u1ea3nh l\u00f4 \u0111\u1ec1 ba mi\u1ec1n ho\u1eb7c c\u00e1c lo\u1ea1i h\u00ecnh si\u00eau t\u1ed1c v\u1edbi t\u1ed1c \u0111\u1ed9 tr\u1ea3 th\u01b0\u1edfng nhanh ch\u00f3ng ch\u1ec9 trong v\u00e0i gi\u00e2y.<\/p>\n<h3 style=\"text-align: justify;\"><strong>S\u1ea3nh l\u00f4 \u0111\u1ec1 ba mi\u1ec1n<\/strong><\/h3>\n<p style=\"text-align: justify;\">Khu v\u1ef1c n\u00e0y t\u00e1i hi\u1ec7n ho\u00e0n h\u1ea3o kh\u00f4ng gian ghi s\u1ed1 truy\u1ec1n th\u1ed1ng c\u1ee7a Vi\u1ec7t Nam nh\u01b0ng v\u1edbi t\u1ef7 l\u1ec7 \u0103n cao v\u01b0\u1ee3t tr\u1ed9i l\u00ean t\u1edbi 1 \u0103n 99. M\u1ecdi k\u1ebft qu\u1ea3 \u0111\u1ec1u \u0111\u01b0\u1ee3c c\u1eadp nh\u1eadt tr\u1ef1c ti\u1ebfp t\u1eeb c\u00e1c \u0111\u00e0i m\u1edf th\u01b0\u1edfng ch\u00ednh th\u1ed1ng c\u1ee7a B\u1eafc, Trung, Nam gi\u00fap ng\u01b0\u1eddi ch\u01a1i <strong>x\u1ed5 s\u1ed1 FUN88<\/strong> d\u1ec5 d\u00e0ng theo d\u00f5i s\u00e1t sao.<\/p>\n<h3 style=\"text-align: justify;\"><strong>Quay s\u1ed1 si\u00eau t\u1ed1c<\/strong><\/h3>\n<p style=\"text-align: justify;\">\u0110\u00e2y l\u00e0 l\u1ef1a ch\u1ecdn ho\u00e0n h\u1ea3o cho nh\u1eefng ai y\u00eau th\u00edch s\u1ef1 nhanh g\u1ecdn khi th\u1eddi gian m\u1ed7i k\u1ef3 quay ch\u1ec9 dao \u0111\u1ed9ng t\u1eeb 45 gi\u00e2y \u0111\u1ebfn 5 ph\u00fat li\u00ean t\u1ee5c. B\u1ea1n kh\u00f4ng c\u1ea7n ph\u1ea3i ch\u1edd \u0111\u1ee3i \u0111\u1ebfn cu\u1ed1i ng\u00e0y m\u00e0 c\u00f3 th\u1ec3 tham gia h\u00e0ng tr\u0103m l\u01b0\u1ee3t d\u1ef1 \u0111o\u00e1n m\u1ed7i gi\u1edd \u0111\u1ec3 t\u00ecm ki\u1ebfm l\u1ee3i nhu\u1eadn t\u1ee9c th\u00ec cho b\u1ea3n th\u00e2n m\u00ecnh.<\/p>\n<h3 style=\"text-align: justify;\"><strong>X\u1ed5 s\u1ed1 qu\u1ed1c t\u1ebf \u0111a d\u1ea1ng<\/strong><\/h3>\n<p style=\"text-align: justify;\">Cung c\u1ea5p c\u01a1 h\u1ed9i tr\u1ea3i nghi\u1ec7m c\u00e1c gi\u1ea3i th\u01b0\u1edfng l\u1edbn t\u1eeb nh\u1eefng th\u1ecb tr\u01b0\u1eddng s\u00f4i \u0111\u1ed9ng nh\u01b0 Th\u00e1i Lan, Malaysia hay c\u00e1c lo\u1ea1i h\u00ecnh x\u1ed5 s\u1ed1 \u0111i\u1ec7n to\u00e1n ph\u1ed5 bi\u1ebfn to\u00e0n c\u1ea7u. M\u1ed7i s\u1ea3n ph\u1ea9m <strong>x\u1ed5 s\u1ed1 FUN88<\/strong> \u0111\u1ec1u c\u00f3 quy \u0111\u1ecbnh minh b\u1ea1ch v\u00e0 c\u00e1ch th\u1ee9c tham gia \u0111\u01a1n gi\u1ea3n ph\u00f9 h\u1ee3p v\u1edbi m\u1ecdi \u0111\u1ed1i t\u01b0\u1ee3ng kh\u00e1ch h\u00e0ng kh\u00e1c nhau hi\u1ec7n nay.<\/p>\n<h2 style=\"text-align: justify;\"><strong>C\u00e1ch th\u1ee9c tham gia x\u1ed5 s\u1ed1 FUN88 c\u1ef1c k\u1ef3 \u0111\u01a1n gi\u1ea3n<\/strong><\/h2>\n<figure id=\"attachment_42\" aria-describedby=\"caption-attachment-42\" style=\"width: 800px\" class=\"wp-caption aligncenter\"><img loading=\"lazy\" decoding=\"async\" class=\"wp-image-42 size-full\" src=\"https:\/\/fun88dt.com\/wp-content\/uploads\/2026\/04\/cac-buoc-dang-ky-tham-gia-dat-cuoc-tien.webp\" alt=\"C\u00e1c b\u01b0\u1edbc \u0111\u0103ng k\u00fd tham gia \u0111\u1eb7t c\u01b0\u1ee3c ti\u1ec1n\" width=\"800\" height=\"400\" srcset=\"https:\/\/fun88dt.com\/wp-content\/uploads\/2026\/04\/cac-buoc-dang-ky-tham-gia-dat-cuoc-tien.webp 800w, https:\/\/fun88dt.com\/wp-content\/uploads\/2026\/04\/cac-buoc-dang-ky-tham-gia-dat-cuoc-tien-300x150.webp 300w, https:\/\/fun88dt.com\/wp-content\/uploads\/2026\/04\/cac-buoc-dang-ky-tham-gia-dat-cuoc-tien-768x384.webp 768w\" sizes=\"auto, (max-width: 800px) 100vw, 800px\" \/><figcaption id=\"caption-attachment-42\" class=\"wp-caption-text\">C\u00e1c b\u01b0\u1edbc \u0111\u0103ng k\u00fd tham gia \u0111\u1eb7t c\u01b0\u1ee3c ti\u1ec1n<\/figcaption><\/figure>\n<p style=\"text-align: justify;\">Vi\u1ec7c b\u1eaft \u0111\u1ea7u h\u00e0nh tr\u00ecnh t\u00ecm ki\u1ebfm may m\u1eafn t\u1ea1i <strong>x\u1ed5 s\u1ed1 FUN88<\/strong> \u0111\u01b0\u1ee3c thi\u1ebft k\u1ebf t\u1ed1i gi\u1ea3n h\u00f3a nh\u1eb1m ti\u1ebft ki\u1ec7m th\u1eddi gian t\u1ed1i \u0111a cho ng\u01b0\u1eddi d\u00f9ng. Th\u00e0nh vi\u00ean ch\u1ec9 c\u1ea7n th\u1ef1c hi\u1ec7n \u0111\u00fang c\u00e1c b\u01b0\u1edbc h\u01b0\u1edbng d\u1eabn quy chu\u1ea9n \u0111\u1ec3 k\u00edch ho\u1ea1t t\u00e0i kho\u1ea3n v\u00e0 b\u1eaft \u0111\u1ea7u \u0111\u1eb7t ti\u1ec1n v\u00e0o nh\u1eefng con s\u1ed1 ti\u1ec1m n\u0103ng m\u00e0 m\u00ecnh \u0111\u00e3 ch\u1ecdn.<\/p>\n<h3 style=\"text-align: justify;\"><strong>\u0110\u0103ng k\u00fd t\u00e0i kho\u1ea3n ch\u00ednh ch\u1ee7<\/strong><\/h3>\n<p style=\"text-align: justify;\">Truy c\u1eadp trang ch\u1ee7 ch\u00ednh th\u1ee9c v\u00e0 \u0111i\u1ec1n \u0111\u1ea7y \u0111\u1ee7 c\u00e1c th\u00f4ng tin c\u00e1 nh\u00e2n c\u1ea7n thi\u1ebft \u0111\u1ec3 thi\u1ebft l\u1eadp m\u1ed9t b\u1ed9 h\u1ed3 s\u01a1 c\u00e1 c\u01b0\u1ee3c an to\u00e0n v\u00e0 b\u1ea3o m\u1eadt cao. Qu\u00e1 tr\u00ecnh n\u00e0y di\u1ec5n ra ho\u00e0n to\u00e0n mi\u1ec5n ph\u00ed v\u00e0 \u0111\u01b0\u1ee3c h\u1ec7 th\u1ed1ng x\u1eed l\u00fd t\u1ef1 \u0111\u1ed9ng trong v\u00f2ng ch\u01b0a \u0111\u1ea7y m\u1ed9t ph\u00fat gi\u00fap b\u1ea1n s\u1eb5n s\u00e0ng tr\u1ea3i nghi\u1ec7m c\u00e1c tr\u00f2 ch\u01a1i h\u1ea5p d\u1eabn.<\/p>\n<h3 style=\"text-align: justify;\"><strong>N\u1ea1p ti\u1ec1n v\u00e0o v\u00ed c\u01b0\u1ee3c<\/strong><\/h3>\n<p style=\"text-align: justify;\">L\u1ef1a ch\u1ecdn c\u00e1c ph\u01b0\u01a1ng th\u1ee9c thanh to\u00e1n linh ho\u1ea1t nh\u01b0 chuy\u1ec3n kho\u1ea3n ng\u00e2n h\u00e0ng, v\u00ed \u0111i\u1ec7n t\u1eed ho\u1eb7c th\u1ebb c\u00e0o \u0111\u1ec3 chuy\u1ec3n qu\u1ef9 v\u00e0o s\u1ea3nh c\u01b0\u1ee3c m\u00e0 b\u1ea1n y\u00eau th\u00edch. Th\u01b0\u01a1ng hi\u1ec7u <strong>FUN88<\/strong> cam k\u1ebft t\u1ed1c \u0111\u1ed9 giao d\u1ecbch n\u1ea1p ti\u1ec1n c\u1ef1c nhanh gi\u00fap d\u00f2ng v\u1ed1n c\u1ee7a ng\u01b0\u1eddi ch\u01a1i lu\u00f4n \u0111\u01b0\u1ee3c l\u01b0u th\u00f4ng m\u1ed9t c\u00e1ch tr\u01a1n tru nh\u1ea5t trong su\u1ed1t qu\u00e1 tr\u00ecnh gi\u1ea3i tr\u00ed.<\/p>\n<h3 style=\"text-align: justify;\"><strong>Ch\u1ecdn lo\u1ea1i h\u00ecnh<\/strong><\/h3>\n<p style=\"text-align: justify;\">Sau khi c\u00f3 v\u1ed1n trong t\u00e0i kho\u1ea3n, h\u00e3y di chuy\u1ec3n \u0111\u1ebfn chuy\u00ean m\u1ee5c gi\u1ea3i tr\u00ed t\u01b0\u01a1ng \u1ee9ng v\u00e0 ch\u1ecdn ki\u1ec3u c\u01b0\u1ee3c nh\u01b0 bao l\u00f4, \u0111\u1ea7u \u0111u\u00f4i ho\u1eb7c \u0111\u00e1nh \u0111\u1ec1. Ng\u01b0\u1eddi ch\u01a1i c\u1ea7n ph\u00e2n t\u00edch k\u1ef9 b\u1ea3ng k\u1ebft qu\u1ea3 k\u1ef3 tr\u01b0\u1edbc c\u1ee7a <strong>x\u1ed5 s\u1ed1 FUN88<\/strong> \u0111\u1ec3 \u0111\u01b0a ra nh\u1eefng quy\u1ebft \u0111\u1ecbnh xu\u1ed1ng ti\u1ec1n ch\u00ednh x\u00e1c nh\u1eb1m gia t\u0103ng x\u00e1c su\u1ea5t tr\u00fang th\u01b0\u1edfng l\u1edbn nh\u1ea5t.<\/p>\n<h3 style=\"text-align: justify;\"><strong>Theo d\u00f5i v\u00e0 nh\u1eadn th\u01b0\u1edfng<\/strong><\/h3>\n<p style=\"text-align: justify;\">Ngay sau khi k\u1ef3 quay k\u1ebft th\u00fac, h\u1ec7 th\u1ed1ng s\u1ebd t\u1ef1 \u0111\u1ed9ng \u0111\u1ed1i so\u00e1t v\u00e9 c\u01b0\u1ee3c v\u00e0 c\u1ed9ng ti\u1ec1n th\u01b0\u1edfng v\u00e0o t\u00e0i kho\u1ea3n n\u1ebfu con s\u1ed1 b\u1ea1n ch\u1ecdn tr\u00f9ng kh\u1edbp ho\u00e0n to\u00e0n. Kh\u00e1ch h\u00e0ng tham gia <strong>x\u1ed5 s\u1ed1 FUN88<\/strong> c\u00f3 th\u1ec3 th\u1ef1c hi\u1ec7n r\u00fat ti\u1ec1n v\u1ec1 ng\u00e2n h\u00e0ng c\u00e1 nh\u00e2n b\u1ea5t c\u1ee9 l\u00fac n\u00e0o mi\u1ec5n l\u00e0 \u0111\u00e1p \u1ee9ng \u0111\u1ee7 c\u00e1c quy \u0111\u1ecbnh v\u1ec1 doanh thu c\u01b0\u1ee3c theo quy \u0111\u1ecbnh.<\/p>\n<p style=\"text-align: justify;\">D\u01b0\u1edbi \u0111\u00e2y l\u00e0 b\u1ea3ng so s\u00e1nh chi ti\u1ebft c\u00e1c lo\u1ea1i h\u00ecnh <strong>x\u1ed5 s\u1ed1 FUN88<\/strong> ph\u1ed5 bi\u1ebfn nh\u1ea5t hi\u1ec7n nay nh\u1eb1m gi\u00fap b\u1ea1n c\u00f3 c\u00e1i nh\u00ecn t\u1ed5ng quan tr\u01b0\u1edbc khi quy\u1ebft \u0111\u1ecbnh \u0111\u1ea7u t\u01b0 ngu\u1ed3n v\u1ed1n c\u1ee7a m\u00ecnh:<\/p>\n<h2 style=\"text-align: justify;\"><strong>Chi\u1ebfn thu\u1eadt th\u1eafng l\u1edbn t\u1ea1i x\u1ed5 s\u1ed1 FUN88 hi\u1ec7n nay<\/strong><\/h2>\n<figure id=\"attachment_41\" aria-describedby=\"caption-attachment-41\" style=\"width: 800px\" class=\"wp-caption aligncenter\"><img loading=\"lazy\" decoding=\"async\" class=\"wp-image-41 size-full\" src=\"https:\/\/fun88dt.com\/wp-content\/uploads\/2026\/04\/bi-quyet-du-doan-ket-qua-sieu-hieu-qua.webp\" alt=\"B\u00ed quy\u1ebft d\u1ef1 \u0111o\u00e1n k\u1ebft qu\u1ea3 si\u00eau hi\u1ec7u qu\u1ea3\" width=\"800\" height=\"400\" srcset=\"https:\/\/fun88dt.com\/wp-content\/uploads\/2026\/04\/bi-quyet-du-doan-ket-qua-sieu-hieu-qua.webp 800w, https:\/\/fun88dt.com\/wp-content\/uploads\/2026\/04\/bi-quyet-du-doan-ket-qua-sieu-hieu-qua-300x150.webp 300w, https:\/\/fun88dt.com\/wp-content\/uploads\/2026\/04\/bi-quyet-du-doan-ket-qua-sieu-hieu-qua-768x384.webp 768w\" sizes=\"auto, (max-width: 800px) 100vw, 800px\" \/><figcaption id=\"caption-attachment-41\" class=\"wp-caption-text\">B\u00ed quy\u1ebft d\u1ef1 \u0111o\u00e1n k\u1ebft qu\u1ea3 si\u00eau hi\u1ec7u qu\u1ea3<\/figcaption><\/figure>\n<p style=\"text-align: justify;\">\u00c1p d\u1ee5ng c\u00e1c c\u00e1ch th\u1ee9c soi c\u1ea7u khoa h\u1ecdc s\u1ebd gi\u00fap b\u1ea1n gi\u1ea3m thi\u1ec3u r\u1ee7i ro v\u00e0 t\u1ed1i \u01b0u h\u00f3a t\u1ef7 l\u1ec7 th\u00e0nh c\u00f4ng thay v\u00ec ch\u1ec9 d\u1ef1a v\u00e0o may m\u1eafn. \u0110\u1ec3 n\u00e2ng cao kh\u1ea3 n\u0103ng chi\u1ebfn th\u1eafng khi tham gia d\u1ef1 \u0111o\u00e1n k\u1ebft qu\u1ea3, ng\u01b0\u1eddi ch\u01a1i c\u1ea7n n\u1eafm v\u1eefng nh\u1eefng nguy\u00ean t\u1eafc v\u00e0ng \u0111\u01b0\u1ee3c \u0111\u00fac k\u1ebft t\u1eeb kinh nghi\u1ec7m th\u1ef1c chi\u1ebfn sau \u0111\u00e2y:<\/p>\n<ul style=\"text-align: justify;\">\n<li>Qu\u1ea3n l\u00fd ngu\u1ed3n v\u1ed1n th\u00f4ng minh b\u1eb1ng c\u00e1ch chia nh\u1ecf s\u1ed1 ti\u1ec1n c\u01b0\u1ee3c v\u00e0o nhi\u1ec1u khung gi\u1edd kh\u00e1c nhau \u0111\u1ec3 tr\u00e1nh t\u00ecnh tr\u1ea1ng m\u1ea5t tr\u1eafng trong m\u1ed9t l\u1ea7n \u0111\u1eb7t duy nh\u1ea5t t\u1ea1i <strong>x\u1ed5 s\u1ed1 FUN88<\/strong>.<\/li>\n<li>T\u1eadn d\u1ee5ng tri\u1ec7t \u0111\u1ec3 c\u00e1c b\u1ea3ng th\u1ed1ng k\u00ea t\u1ea7n su\u1ea5t xu\u1ea5t hi\u1ec7n c\u1ee7a c\u00e1c con s\u1ed1 v\u1ec1 nhi\u1ec1u nh\u1ea5t ho\u1eb7c c\u00e1c c\u1eb7p s\u1ed1 l\u00e2u ch\u01b0a ra \u0111\u1ec3 th\u1ef1c hi\u1ec7n soi c\u1ea7u hi\u1ec7u qu\u1ea3 h\u01a1n m\u1ed7i ng\u00e0y.<\/li>\n<li>H\u1ecdc h\u1ecfi th\u00eam c\u00e1c ph\u01b0\u01a1ng ph\u00e1p b\u1eaft l\u00f4 r\u01a1i ho\u1eb7c soi c\u1ea7u h\u00ecnh tr\u00e1m t\u1eeb nh\u1eefng di\u1ec5n \u0111\u00e0n uy t\u00edn \u0111\u1ec3 l\u00e0m phong ph\u00fa th\u00eam kho t\u00e0ng kinh nghi\u1ec7m d\u1ef1 \u0111o\u00e1n nh\u1eefng con s\u1ed1 may m\u1eafn c\u1ee7a m\u00ecnh.<\/li>\n<\/ul>\n<h2 style=\"text-align: justify;\"><strong>K\u1ebft lu\u1eadn<\/strong><\/h2>\n<p style=\"text-align: justify;\"><strong>X\u1ed5 s\u1ed1 FUN88<\/strong> kh\u00f4ng ch\u1ec9 l\u00e0 m\u1ed9t tr\u00f2 ch\u01a1i gi\u1ea3i tr\u00ed \u0111\u01a1n thu\u1ea7n m\u00e0 c\u00f2n l\u00e0 c\u01a1 h\u1ed9i \u0111\u1ec3 nh\u1eefng ng\u01b0\u1eddi am hi\u1ec3u v\u1ec1 nh\u1eefng con s\u1ed1 th\u1ec3 hi\u1ec7n b\u1ea3n l\u0129nh v\u00e0 t\u01b0 duy s\u1eafc b\u00e9n. H\u00e3y b\u1eaft \u0111\u1ea7u h\u00e0nh tr\u00ecnh chinh ph\u1ee5c nh\u1eefng gi\u1ea5c m\u01a1 tri\u1ec7u ph\u00fa ngay h\u00f4m nay b\u1eb1ng c\u00e1ch \u0111\u0103ng k\u00fd tham gia \u0111\u1eb7t c\u01b0\u1ee3c t\u1ea1i h\u1ec7 th\u1ed1ng c\u1ee7a <strong>FUN88<\/strong>.<\/p>\n","protected":false},"excerpt":{"rendered":"<p>X\u1ed5 s\u1ed1 FUN88 hi\u1ec7n di\u1ec7n nh\u01b0 m\u1ed9t \u0111i\u1ec3m \u0111\u1ebfn l\u00fd t\u01b0\u1edfng cho nh\u1eefng ai khao kh\u00e1t t\u00ecm ki\u1ebfm c\u01a1 h\u1ed9i \u0111\u1ed5i \u0111\u1eddi th\u00f4ng qua nh\u1eefng con s\u1ed1 may m\u1eafn \u0111\u1ea7y bi\u1ebfn h\u00f3a m\u1ed7i ng\u00e0y. S\u1ef1 \u0111a d\u1ea1ng trong c\u00e1c h\u00ecnh th\u1ee9c c\u01b0\u1ee3c t\u1eeb truy\u1ec1n th\u1ed1ng \u0111\u1ebfn hi\u1ec7n \u0111\u1ea1i k\u1ebft h\u1ee3p v\u1edbi c\u01a1 ch\u1ebf b\u1ea3o m\u1eadt [&#8230;]\n","protected":false},"author":1,"featured_media":40,"parent":0,"menu_order":0,"comment_status":"closed","ping_status":"closed","template":"","meta":{"footnotes":""},"class_list":["post-106","page","type-page","status-publish","has-post-thumbnail","hentry"],"_links":{"self":[{"href":"https:\/\/fun88dt.com\/index.php\/wp-json\/wp\/v2\/pages\/106","targetHints":{"allow":["GET"]}}],"collection":[{"href":"https:\/\/fun88dt.com\/index.php\/wp-json\/wp\/v2\/pages"}],"about":[{"href":"https:\/\/fun88dt.com\/index.php\/wp-json\/wp\/v2\/types\/page"}],"author":[{"embeddable":true,"href":"https:\/\/fun88dt.com\/index.php\/wp-json\/wp\/v2\/users\/1"}],"replies":[{"embeddable":true,"href":"https:\/\/fun88dt.com\/index.php\/wp-json\/wp\/v2\/comments?post=106"}],"version-history":[{"count":1,"href":"https:\/\/fun88dt.com\/index.php\/wp-json\/wp\/v2\/pages\/106\/revisions"}],"predecessor-version":[{"id":124,"href":"https:\/\/fun88dt.com\/index.php\/wp-json\/wp\/v2\/pages\/106\/revisions\/124"}],"wp:featuredmedia":[{"embeddable":true,"href":"https:\/\/fun88dt.com\/index.php\/wp-json\/wp\/v2\/media\/40"}],"wp:attachment":[{"href":"https:\/\/fun88dt.com\/index.php\/wp-json\/wp\/v2\/media?parent=106"}],"curies":[{"name":"wp","href":"https:\/\/api.w.org\/{rel}","templated":true}]}}