{"id":96,"date":"2026-04-13T03:04:07","date_gmt":"2026-04-13T03:04:07","guid":{"rendered":"https:\/\/fun88dt.com\/index.php\/dang-ky-fun88\/"},"modified":"2026-04-13T03:09:41","modified_gmt":"2026-04-13T03:09:41","slug":"dang-ky-fun88","status":"publish","type":"page","link":"https:\/\/fun88dt.com\/index.php\/dang-ky-fun88\/","title":{"rendered":"\u0110\u0103ng K\u00fd FUN88 H\u01b0\u1edbng D\u1eabn Th\u1ef1c Hi\u1ec7n V\u00e0 C\u00e1c L\u01b0u \u00dd \u0110\u1ec3 Th\u00e0nh C\u00f4ng"},"content":{"rendered":"<p style=\"text-align: justify;\"><a href=\"https:\/\/fun88dt.com\/dang-ky-fun88\/\" target=\"_blank\" rel=\"noopener\"><strong>\u0111\u0103ng k\u00fd FUN88<\/strong><\/a> \u0111\u01b0\u1ee3c xem l\u00e0 ch\u00eca kh\u00f3a v\u1ea1n n\u0103ng gi\u00fap ng\u01b0\u1eddi ch\u01a1i ti\u1ebfp c\u1eadn v\u1edbi h\u00e0ng lo\u1ea1t s\u1ea3nh c\u01b0\u1ee3c th\u1ec3 thao s\u00f4i \u0111\u1ed9ng c\u00f9ng nh\u1eefng b\u00e0n ch\u01a1i b\u00e0i tr\u1ef1c tuy\u1ebfn v\u00f4 c\u00f9ng k\u1ecbch t\u00ednh. V\u1edbi quy tr\u00ecnh v\u1eadn h\u00e0nh d\u1ef1a tr\u00ean n\u1ec1n t\u1ea3ng c\u00f4ng ngh\u1ec7 4.0 ti\u00ean ti\u1ebfn, h\u1ec7 th\u1ed1ng cam k\u1ebft mang \u0111\u1ebfn s\u1ef1 thu\u1eadn ti\u1ec7n t\u1ed1i \u0111a cho ng\u01b0\u1eddi d\u00f9ng trong t\u1eebng thao t\u00e1c nh\u1eadp li\u1ec7u. M\u1ed7i kh\u00e1ch h\u00e0ng khi gia nh\u1eadp s\u1ebd c\u1ea3m nh\u1eadn \u0111\u01b0\u1ee3c s\u1ef1 chuy\u00ean nghi\u1ec7p trong c\u00e1ch t\u1ed5 ch\u1ee9c v\u00e0 s\u1ef1 minh b\u1ea1ch trong m\u1ecdi giao d\u1ecbch t\u00e0i ch\u00ednh t\u1ea1i <a href=\"https:\/\/fun88dt.com\/\" target=\"_blank\" rel=\"noopener\"><strong>trang ch\u1ee7 FUN88<\/strong><\/a>.<\/p>\n<h2 style=\"text-align: justify;\"><strong>C\u00e1ch th\u1ef1c hi\u1ec7n \u0111\u0103ng k\u00fd FUN88 cho ng\u01b0\u1eddi m\u1edbi b\u1eaft \u0111\u1ea7u<\/strong><\/h2>\n<figure id=\"attachment_78\" aria-describedby=\"caption-attachment-78\" style=\"width: 800px\" class=\"wp-caption aligncenter\"><img loading=\"lazy\" decoding=\"async\" class=\"wp-image-78 size-full\" src=\"https:\/\/fun88dt.com\/wp-content\/uploads\/2026\/04\/quy-trinh-co-ban-de-dang-ky-fun88-nhanh.webp\" alt=\"Quy tr\u00ecnh c\u01a1 b\u1ea3n \u0111\u1ec3 \u0111\u0103ng k\u00fd FUN88 nhanh\" width=\"800\" height=\"400\" srcset=\"https:\/\/fun88dt.com\/wp-content\/uploads\/2026\/04\/quy-trinh-co-ban-de-dang-ky-fun88-nhanh.webp 800w, https:\/\/fun88dt.com\/wp-content\/uploads\/2026\/04\/quy-trinh-co-ban-de-dang-ky-fun88-nhanh-300x150.webp 300w, https:\/\/fun88dt.com\/wp-content\/uploads\/2026\/04\/quy-trinh-co-ban-de-dang-ky-fun88-nhanh-768x384.webp 768w\" sizes=\"auto, (max-width: 800px) 100vw, 800px\" \/><figcaption id=\"caption-attachment-78\" class=\"wp-caption-text\">Quy tr\u00ecnh c\u01a1 b\u1ea3n \u0111\u1ec3 \u0111\u0103ng k\u00fd FUN88 nhanh<\/figcaption><\/figure>\n<p style=\"text-align: justify;\">Vi\u1ec7c thi\u1ebft l\u1eadp m\u1ed9t t\u00e0i kho\u1ea3n c\u00e1 nh\u00e2n ch\u00ednh ch\u1ee7 l\u00e0 y\u00eau c\u1ea7u b\u1eaft bu\u1ed9c \u0111\u1ec3 \u0111\u1ea3m b\u1ea3o quy\u1ec1n l\u1ee3i ph\u00e1p l\u00fd c\u0169ng nh\u01b0 s\u1ef1 an to\u00e0n cho d\u00f2ng ti\u1ec1n c\u1ee7a game th\u1ee7. C\u00e1c s\u1ed1 li\u1ec7u th\u1ed1ng k\u00ea cho th\u1ea5y h\u01a1n 95% ng\u01b0\u1eddi d\u00f9ng ho\u00e0n th\u00e0nh b\u01b0\u1edbc kh\u1edfi t\u1ea1o n\u00e0y ch\u1ec9 trong v\u00f2ng ch\u01b0a \u0111\u1ea7y hai ph\u00fat n\u1ebfu chu\u1ea9n b\u1ecb \u0111\u1ea7y \u0111\u1ee7 th\u00f4ng tin. D\u01b0\u1edbi \u0111\u00e2y l\u00e0 b\u1ea3ng th\u00f4ng s\u1ed1 chi ti\u1ebft v\u1ec1 c\u00e1c \u0111i\u1ec1u ki\u1ec7n v\u00e0 quy chu\u1ea9n k\u1ef9 thu\u1eadt m\u00e0 b\u1ea1n c\u1ea7n n\u1eafm r\u00f5 tr\u01b0\u1edbc khi b\u1eaft \u0111\u1ea7u h\u00e0nh tr\u00ecnh chinh ph\u1ee5c v\u1eadn may c\u1ee7a m\u00ecnh:<\/p>\n<p style=\"text-align: justify;\">\u0110\u1ec3 qu\u00e1 tr\u00ecnh <strong>\u0111\u0103ng k\u00fd FUN88<\/strong> di\u1ec5n ra su\u00f4n s\u1ebb, ng\u01b0\u1eddi ch\u01a1i n\u00ean s\u1eed d\u1ee5ng thi\u1ebft b\u1ecb c\u00f3 k\u1ebft n\u1ed1i m\u1ea1ng \u1ed5n \u0111\u1ecbnh v\u00e0 tr\u00ecnh duy\u1ec7t web phi\u00ean b\u1ea3n m\u1edbi nh\u1ea5t. H\u1ec7 th\u1ed1ng s\u1ebd t\u1ef1 \u0111\u1ed9ng qu\u00e9t v\u00e0 nh\u1eadn di\u1ec7n c\u00e1c th\u00f4ng tin tr\u00f9ng l\u1eb7p \u0111\u1ec3 lo\u1ea1i b\u1ecf nguy c\u01a1 gian l\u1eadn, t\u1eeb \u0111\u00f3 t\u1ea1o ra m\u1ed9t m\u00f4i tr\u01b0\u1eddng c\u00e1 c\u01b0\u1ee3c l\u00e0nh m\u1ea1nh cho t\u1ea5t c\u1ea3 m\u1ecdi ng\u01b0\u1eddi. Vi\u1ec7c cung c\u1ea5p d\u1eef li\u1ec7u ch\u00ednh x\u00e1c ngay t\u1eeb \u0111\u1ea7u gi\u00fap b\u1ea1n tr\u00e1nh \u0111\u01b0\u1ee3c nh\u1eefng phi\u1ec1n ph\u1ee9c kh\u00f4ng \u0111\u00e1ng c\u00f3 khi th\u1ef1c hi\u1ec7n l\u1ec7nh r\u00fat ti\u1ec1n th\u01b0\u1edfng v\u1ec1 ng\u00e2n h\u00e0ng c\u00e1 nh\u00e2n sau n\u00e0y.<\/p>\n<p style=\"text-align: justify;\">S\u1ef1 \u0111\u1ea7u t\u01b0 b\u00e0i b\u1ea3n v\u00e0o h\u1ea1 t\u1ea7ng k\u1ef9 thu\u1eadt c\u1ee7a <strong>FUN88<\/strong> gi\u00fap cho vi\u1ec7c l\u01b0u tr\u1eef d\u1eef li\u1ec7u ng\u01b0\u1eddi d\u00f9ng lu\u00f4n n\u1eb1m trong tr\u1ea1ng th\u00e1i m\u00e3 h\u00f3a cao c\u1ea5p nh\u1ea5t. M\u1ecdi h\u00e0nh vi c\u1ed1 t\u00ecnh s\u1eed d\u1ee5ng th\u00f4ng tin gi\u1ea3 m\u1ea1o s\u1ebd b\u1ecb h\u1ec7 th\u1ed1ng c\u1ea3nh b\u00e1o v\u00e0 t\u1eeb ch\u1ed1i c\u1ea5p quy\u1ec1n truy c\u1eadp nh\u1eb1m b\u1ea3o v\u1ec7 t\u00ednh nh\u1ea5t qu\u00e1n c\u1ee7a c\u01a1 s\u1edf d\u1eef li\u1ec7u chung. H\u00e3y \u0111\u1ea3m b\u1ea3o r\u1eb1ng b\u1ea1n \u0111\u00e3 \u0111\u1ecdc k\u1ef9 c\u00e1c \u0111i\u1ec1u kho\u1ea3n s\u1eed d\u1ee5ng \u0111\u1ec3 hi\u1ec3u r\u00f5 quy\u1ec1n h\u1ea1n c\u0169ng nh\u01b0 tr\u00e1ch nhi\u1ec7m c\u1ee7a m\u00ecnh khi tr\u1edf th\u00e0nh m\u1ed9t ph\u1ea7n c\u1ee7a c\u1ed9ng \u0111\u1ed3ng c\u01b0\u1ee3c th\u1ee7 chuy\u00ean nghi\u1ec7p.<\/p>\n<h2 style=\"text-align: justify;\"><strong>C\u00e1c \u01b0u \u0111i\u1ec3m khi tham gia \u0111\u0103ng k\u00fd FUN88<\/strong><\/h2>\n<figure id=\"attachment_76\" aria-describedby=\"caption-attachment-76\" style=\"width: 800px\" class=\"wp-caption aligncenter\"><img loading=\"lazy\" decoding=\"async\" class=\"wp-image-76 size-full\" src=\"https:\/\/fun88dt.com\/wp-content\/uploads\/2026\/04\/loi-the-lon-khi-so-huu-tai-khoan-game.webp\" alt=\"L\u1ee3i th\u1ebf l\u1edbn khi s\u1edf h\u1eefu t\u00e0i kho\u1ea3n game\" width=\"800\" height=\"400\" srcset=\"https:\/\/fun88dt.com\/wp-content\/uploads\/2026\/04\/loi-the-lon-khi-so-huu-tai-khoan-game.webp 800w, https:\/\/fun88dt.com\/wp-content\/uploads\/2026\/04\/loi-the-lon-khi-so-huu-tai-khoan-game-300x150.webp 300w, https:\/\/fun88dt.com\/wp-content\/uploads\/2026\/04\/loi-the-lon-khi-so-huu-tai-khoan-game-768x384.webp 768w\" sizes=\"auto, (max-width: 800px) 100vw, 800px\" \/><figcaption id=\"caption-attachment-76\" class=\"wp-caption-text\">L\u1ee3i th\u1ebf l\u1edbn khi s\u1edf h\u1eefu t\u00e0i kho\u1ea3n game<\/figcaption><\/figure>\n<p style=\"text-align: justify;\">Tr\u1edf th\u00e0nh th\u00e0nh vi\u00ean ch\u00ednh th\u1ee9c mang l\u1ea1i cho ng\u01b0\u1eddi ch\u01a1i c\u01a1 h\u1ed9i t\u1eadn h\u01b0\u1edfng nh\u1eefng d\u1ecbch v\u1ee5 ch\u0103m s\u00f3c kh\u00e1ch h\u00e0ng mang \u0111\u1eb3ng c\u1ea5p qu\u1ed1c t\u1ebf c\u00f9ng t\u1ef7 l\u1ec7 tr\u1ea3 th\u01b0\u1edfng v\u01b0\u1ee3t tr\u1ed9i. C\u00e1c ch\u01b0\u01a1ng tr\u00ecnh khuy\u1ebfn m\u00e3i \u0111\u01b0\u1ee3c thi\u1ebft k\u1ebf \u0111a d\u1ea1ng kh\u00f4ng ch\u1ec9 gi\u00fap b\u1ea3o to\u00e0n ngu\u1ed3n v\u1ed1n m\u00e0 c\u00f2n m\u1edf ra th\u00eam nhi\u1ec1u c\u01a1 h\u1ed9i chi\u1ebfn th\u1eafng trong t\u1eebng v\u00e1n c\u01b0\u1ee3c.<\/p>\n<ul style=\"text-align: justify;\">\n<li>S\u1edf h\u1eefu quy\u1ec1n truy c\u1eadp v\u00e0o h\u01a1n 15.000 s\u1ef1 ki\u1ec7n th\u1ec3 thao l\u1edbn nh\u1ecf tr\u00ean to\u00e0n c\u1ea7u v\u1edbi c\u00e1c lo\u1ea1i k\u00e8o c\u01b0\u1ee3c phong ph\u00fa t\u1eeb ch\u00e2u \u00c1 \u0111\u1ebfn ch\u00e2u \u00c2u.<\/li>\n<li>Tr\u1ea3i nghi\u1ec7m kh\u00f4ng gian s\u00f2ng b\u00e0i tr\u1ef1c tuy\u1ebfn v\u1edbi d\u00e0n Dealer chuy\u00ean nghi\u1ec7p, t\u1ea1o c\u1ea3m gi\u00e1c ch\u00e2n th\u1ef1c nh\u01b0 \u0111ang hi\u1ec7n di\u1ec7n t\u1ea1i c\u00e1c casino danh ti\u1ebfng \u1edf Las Vegas.<\/li>\n<li>Tham gia v\u00e0o h\u1ec7 th\u1ed1ng t\u00edch l\u0169y \u0111i\u1ec3m th\u01b0\u1edfng \u0111\u1ec3 \u0111\u1ed5i l\u1ea5y nh\u1eefng hi\u1ec7n v\u1eadt gi\u00e1 tr\u1ecb ho\u1eb7c c\u00e1c g\u00f3i b\u1ea3o hi\u1ec3m ti\u1ec1n c\u01b0\u1ee3c c\u1ef1c k\u1ef3 h\u1ea5p d\u1eabn h\u00e0ng th\u00e1ng.<\/li>\n<li>Nh\u1eadn \u0111\u01b0\u1ee3c s\u1ef1 b\u1ea3o h\u1ed9 tuy\u1ec7t \u0111\u1ed1i t\u1eeb c\u00e1c t\u1ed5 ch\u1ee9c c\u00e1 c\u01b0\u1ee3c qu\u1ed1c t\u1ebf uy t\u00edn, \u0111\u1ea3m b\u1ea3o m\u1ecdi k\u1ebft qu\u1ea3 tr\u00f2 ch\u01a1i \u0111\u1ec1u d\u1ef1a tr\u00ean t\u00ednh ng\u1eabu nhi\u00ean minh b\u1ea1ch.<\/li>\n<li>T\u1eadn h\u01b0\u1edfng t\u1ed1c \u0111\u1ed9 giao d\u1ecbch n\u1ea1p v\u00e0 r\u00fat ti\u1ec1n si\u00eau t\u1ed1c th\u00f4ng qua nhi\u1ec1u ph\u01b0\u01a1ng th\u1ee9c thanh to\u00e1n hi\u1ec7n \u0111\u1ea1i nh\u01b0 v\u00ed \u0111i\u1ec7n t\u1eed, ng\u00e2n h\u00e0ng tr\u1ef1c tuy\u1ebfn ho\u1eb7c th\u1ebb c\u00e0o.<\/li>\n<\/ul>\n<p style=\"text-align: justify;\">Qu\u00e1 tr\u00ecnh <strong>\u0111\u0103ng k\u00fd FUN88<\/strong> ch\u00ednh l\u00e0 b\u01b0\u1edbc \u0111\u1ec7m ho\u00e0n h\u1ea3o \u0111\u1ec3 b\u1ea1n t\u1ef1 m\u00ecnh ki\u1ec3m ch\u1ee9ng s\u1ee9c h\u00fat t\u1eeb m\u1ed9t trong nh\u1eefng th\u01b0\u01a1ng hi\u1ec7u h\u00e0ng \u0111\u1ea7u trong ng\u00e0nh gi\u1ea3i tr\u00ed tr\u1ef1c tuy\u1ebfn hi\u1ec7n nay. Kh\u00f4ng ch\u1ec9 d\u1eebng l\u1ea1i \u1edf c\u00e1c t\u1ef1a game truy\u1ec1n th\u1ed1ng, h\u1ec7 th\u1ed1ng li\u00ean t\u1ee5c c\u1eadp nh\u1eadt nh\u1eefng xu h\u01b0\u1edbng c\u00e1 c\u01b0\u1ee3c m\u1edbi nh\u1ea5t nh\u01b0 th\u1ec3 thao \u0111i\u1ec7n t\u1eed hay c\u00e1c game slot n\u1ed5 h\u0169 v\u1edbi Jackpot l\u00ean \u0111\u1ebfn h\u00e0ng t\u1ef7 \u0111\u1ed3ng. S\u1ef1 h\u00e0i l\u00f2ng c\u1ee7a ng\u01b0\u1eddi ch\u01a1i ch\u00ednh l\u00e0 th\u01b0\u1edbc \u0111o gi\u00e1 tr\u1ecb nh\u1ea5t m\u00e0 \u0111\u1ed9i ng\u0169 v\u1eadn h\u00e0nh lu\u00f4n h\u01b0\u1edbng t\u1edbi trong su\u1ed1t nhi\u1ec1u n\u0103m ho\u1ea1t \u0111\u1ed9ng tr\u00ean th\u1ecb tr\u01b0\u1eddng.<\/p>\n<h2 style=\"text-align: justify;\"><strong>Nh\u1eefng b\u01b0\u1edbc t\u1ed1i \u01b0u h\u00f3a \u0111\u0103ng k\u00fd FUN88 nhanh<\/strong><\/h2>\n<figure id=\"attachment_79\" aria-describedby=\"caption-attachment-79\" style=\"width: 800px\" class=\"wp-caption aligncenter\"><img loading=\"lazy\" decoding=\"async\" class=\"wp-image-79 size-full\" src=\"https:\/\/fun88dt.com\/wp-content\/uploads\/2026\/04\/trinh-tu-thiet-lap-ho-so-thanh-vien-moi.webp\" alt=\"Tr\u00ecnh t\u1ef1 thi\u1ebft l\u1eadp h\u1ed3 s\u01a1 th\u00e0nh vi\u00ean m\u1edbi\" width=\"800\" height=\"400\" srcset=\"https:\/\/fun88dt.com\/wp-content\/uploads\/2026\/04\/trinh-tu-thiet-lap-ho-so-thanh-vien-moi.webp 800w, https:\/\/fun88dt.com\/wp-content\/uploads\/2026\/04\/trinh-tu-thiet-lap-ho-so-thanh-vien-moi-300x150.webp 300w, https:\/\/fun88dt.com\/wp-content\/uploads\/2026\/04\/trinh-tu-thiet-lap-ho-so-thanh-vien-moi-768x384.webp 768w\" sizes=\"auto, (max-width: 800px) 100vw, 800px\" \/><figcaption id=\"caption-attachment-79\" class=\"wp-caption-text\">Tr\u00ecnh t\u1ef1 thi\u1ebft l\u1eadp h\u1ed3 s\u01a1 th\u00e0nh vi\u00ean m\u1edbi<\/figcaption><\/figure>\n<p style=\"text-align: justify;\">Vi\u1ec7c tu\u00e2n th\u1ee7 \u0111\u00fang c\u00e1c ch\u1ec9 d\u1eabn k\u1ef9 thu\u1eadt gi\u00fap b\u1ea1n s\u1edf h\u1eefu m\u1ed9t t\u00e0i kho\u1ea3n h\u1ee3p l\u1ec7 m\u00e0 kh\u00f4ng g\u1eb7p ph\u1ea3i b\u1ea5t k\u1ef3 r\u00e0o c\u1ea3n n\u00e0o t\u1eeb ph\u00eda b\u1ed9 ph\u1eadn ki\u1ec3m so\u00e1t an ninh. S\u1ef1 c\u1ea9n tr\u1ecdng trong t\u1eebng chi ti\u1ebft nh\u1ecf s\u1ebd g\u00f3p ph\u1ea7n x\u00e2y d\u1ef1ng m\u1ed9t h\u1ed3 s\u01a1 ng\u01b0\u1eddi d\u00f9ng uy t\u00edn, t\u1ea1o \u0111i\u1ec1u ki\u1ec7n thu\u1eadn l\u1ee3i cho c\u00e1c ho\u1ea1t \u0111\u1ed9ng gi\u1ea3i tr\u00ed d\u00e0i h\u1ea1n.<\/p>\n<h3 style=\"text-align: justify;\"><strong>Truy c\u1eadp li\u00ean k\u1ebft chu\u1ea9n<\/strong><\/h3>\n<p style=\"text-align: justify;\">Ng\u01b0\u1eddi ch\u01a1i c\u1ea7n t\u00ecm ki\u1ebfm v\u00e0 s\u1eed d\u1ee5ng \u0111\u01b0\u1eddng d\u1eabn ch\u00ednh th\u1ed1ng \u0111\u1ec3 tr\u00e1nh t\u00ecnh tr\u1ea1ng b\u1ecb d\u1eabn d\u1ee5 v\u00e0o nh\u1eefng trang web gi\u1ea3 m\u1ea1o c\u00f3 \u00fd \u0111\u1ed3 \u0111\u00e1nh c\u1eafp th\u00f4ng tin c\u00e1 nh\u00e2n. Vi\u1ec7c nh\u1eadn di\u1ec7n \u0111\u00fang logo v\u00e0 giao di\u1ec7n \u0111\u1eb7c tr\u01b0ng c\u1ee7a h\u1ec7 th\u1ed1ng l\u00e0 k\u1ef9 n\u0103ng c\u01a1 b\u1ea3n nh\u01b0ng c\u1ef1c k\u1ef3 quan tr\u1ecdng \u0111\u1ed1i v\u1edbi m\u1ed7i c\u01b0\u1ee3c th\u1ee7 khi mu\u1ed1n <strong>\u0111\u0103ng k\u00fd FUN88<\/strong> an to\u00e0n.<\/p>\n<h3 style=\"text-align: justify;\"><strong>Khai b\u00e1o th\u00f4ng tin c\u00e1 nh\u00e2n<\/strong><\/h3>\n<p style=\"text-align: justify;\">T\u1ea1i bi\u1ec3u m\u1eabu hi\u1ec3n th\u1ecb tr\u00ean m\u00e0n h\u00ecnh, b\u1ea1n c\u1ea7n \u0111i\u1ec1n \u0111\u1ea7y \u0111\u1ee7 h\u1ecd t\u00ean, s\u1ed1 \u0111i\u1ec7n tho\u1ea1i v\u00e0 \u0111\u1ecba ch\u1ec9 email th\u01b0\u1eddng d\u00f9ng \u0111\u1ec3 h\u1ec7 th\u1ed1ng c\u00f3 th\u1ec3 li\u00ean l\u1ea1c khi c\u1ea7n thi\u1ebft. L\u01b0u \u00fd r\u1eb1ng h\u1ecd t\u00ean khai b\u00e1o ph\u1ea3i tr\u00f9ng kh\u1edbp ho\u00e0n to\u00e0n v\u1edbi th\u00f4ng tin tr\u00ean t\u00e0i kho\u1ea3n ng\u00e2n h\u00e0ng \u0111\u1ec3 c\u00e1c giao d\u1ecbch t\u00e0i ch\u00ednh v\u1ec1 sau \u0111\u01b0\u1ee3c x\u1eed l\u00fd t\u1ef1 \u0111\u1ed9ng v\u00e0 nhanh ch\u00f3ng.<\/p>\n<h3 style=\"text-align: justify;\"><strong>Ho\u00e0n t\u1ea5t \u0111\u0103ng k\u00fd FUN88<\/strong><\/h3>\n<p style=\"text-align: justify;\">Sau khi r\u00e0 so\u00e1t l\u1ea1i to\u00e0n b\u1ed9 d\u1eef li\u1ec7u \u0111\u00e3 nh\u1eadp, ng\u01b0\u1eddi ch\u01a1i ch\u1ec9 c\u1ea7n nh\u1ea5n v\u00e0o n\u00fat x\u00e1c nh\u1eadn \u0111\u1ec3 g\u1eedi y\u00eau c\u1ea7u kh\u1edfi t\u1ea1o t\u00e0i kho\u1ea3n v\u1ec1 trung t\u00e2m x\u1eed l\u00fd d\u1eef li\u1ec7u. H\u1ec7 th\u1ed1ng s\u1ebd ti\u1ebfn h\u00e0nh \u0111\u1ed1i so\u00e1t nhanh v\u00e0 g\u1eedi th\u00f4ng b\u00e1o ch\u00fac m\u1eebng n\u1ebfu m\u1ecdi th\u00f4ng tin \u0111\u1ec1u h\u1ee3p l\u1ec7, ch\u00ednh th\u1ee9c c\u1ea5p quy\u1ec1n truy c\u1eadp v\u00e0o kho tr\u00f2 ch\u01a1i kh\u1ed5ng l\u1ed3 cho b\u1ea1n.<\/p>\n<h3 style=\"text-align: justify;\"><strong>K\u00edch ho\u1ea1t t\u00ednh n\u0103ng b\u1ea3o m\u1eadt<\/strong><\/h3>\n<p style=\"text-align: justify;\">\u0110\u1ec3 t\u0103ng c\u01b0\u1eddng l\u1edbp ph\u00f2ng v\u1ec7 cho v\u00ed ti\u1ec1n \u0111i\u1ec7n t\u1eed, ng\u01b0\u1eddi d\u00f9ng n\u00ean th\u1ef1c hi\u1ec7n vi\u1ec7c x\u00e1c minh s\u1ed1 \u0111i\u1ec7n tho\u1ea1i v\u00e0 li\u00ean k\u1ebft th\u1ebb ng\u00e2n h\u00e0ng ngay sau khi \u0111\u0103ng nh\u1eadp th\u00e0nh c\u00f4ng. Thao t\u00e1c n\u00e0y gi\u00fap b\u1ea1n ch\u1ee7 \u0111\u1ed9ng h\u01a1n trong vi\u1ec7c qu\u1ea3n l\u00fd t\u00e0i s\u1ea3n v\u00e0 nh\u1eadn di\u1ec7n s\u1edbm c\u00e1c d\u1ea5u hi\u1ec7u truy c\u1eadp b\u1ea5t th\u01b0\u1eddng t\u1eeb nh\u1eefng thi\u1ebft b\u1ecb l\u1ea1 ho\u1eb7c v\u1ecb tr\u00ed \u0111\u1ecba l\u00fd kh\u00e1c.<\/p>\n<p style=\"text-align: justify;\">Vi\u1ec7c duy tr\u00ec th\u00f3i quen thay \u0111\u1ed5i m\u1eadt kh\u1ea9u \u0111\u1ecbnh k\u1ef3 c\u0169ng l\u00e0 m\u1ed9t c\u00e1ch th\u00f4ng minh \u0111\u1ec3 b\u1ea3o v\u1ec7 th\u00e0nh qu\u1ea3 c\u00e1 c\u01b0\u1ee3c c\u1ee7a m\u00ecnh tr\u01b0\u1edbc nh\u1eefng r\u1ee7i ro t\u1eeb m\u00f4i tr\u01b0\u1eddng m\u1ea1ng. H\u1ec7 th\u1ed1ng lu\u00f4n s\u1eb5n s\u00e0ng h\u1ed7 tr\u1ee3 ng\u01b0\u1eddi ch\u01a1i kh\u00f4i ph\u1ee5c quy\u1ec1n truy c\u1eadp trong tr\u01b0\u1eddng h\u1ee3p qu\u00ean th\u00f4ng tin \u0111\u0103ng nh\u1eadp th\u00f4ng qua c\u00e1c k\u00eanh li\u00ean l\u1ea1c ch\u00ednh th\u1ed1ng. H\u00e3y lu\u00f4n ghi nh\u1edb r\u1eb1ng vi\u1ec7c b\u1ea3o m\u1eadt t\u00e0i kho\u1ea3n c\u00e1 nh\u00e2n l\u00e0 tr\u00e1ch nhi\u1ec7m song ph\u01b0\u01a1ng gi\u1eefa ng\u01b0\u1eddi ch\u01a1i v\u00e0 \u0111\u01a1n v\u1ecb cung c\u1ea5p d\u1ecbch v\u1ee5 gi\u1ea3i tr\u00ed.<\/p>\n<p style=\"text-align: justify;\">C\u00e1c k\u1ef9 thu\u1eadt vi\u00ean c\u1ee7a <strong>FUN88<\/strong> lu\u00f4n t\u00fac tr\u1ef1c \u0111\u1ec3 x\u1eed l\u00fd c\u00e1c y\u00eau c\u1ea7u h\u1ed7 tr\u1ee3 li\u00ean quan \u0111\u1ebfn vi\u1ec7c x\u00e1c th\u1ef1c t\u00e0i kho\u1ea3n m\u1ed9t c\u00e1ch nhanh ch\u00f3ng nh\u1ea5t. Ng\u01b0\u1eddi ch\u01a1i c\u00f3 th\u1ec3 ho\u00e0n to\u00e0n y\u00ean t\u00e2m khi th\u1ef1c hi\u1ec7n thao t\u00e1c <strong>\u0111\u0103ng k\u00fd FUN88<\/strong> b\u1edfi m\u1ecdi d\u1eef li\u1ec7u nh\u1ea1y c\u1ea3m \u0111\u1ec1u \u0111\u01b0\u1ee3c l\u01b0u tr\u1eef trong m\u00f4i tr\u01b0\u1eddng ngo\u1ea1i tuy\u1ebfn c\u00e1ch ly ho\u00e0n to\u00e0n v\u1edbi internet. \u0110i\u1ec1u n\u00e0y tri\u1ec7t ti\u00eau m\u1ecdi nguy c\u01a1 r\u00f2 r\u1ec9 th\u00f4ng tin cho b\u00ean th\u1ee9 ba, kh\u1eb3ng \u0111\u1ecbnh uy t\u00edn b\u1ec1n v\u1eefng c\u1ee7a m\u1ed9t \u0111\u01a1n v\u1ecb d\u1eabn \u0111\u1ea7u ng\u00e0nh c\u00f4ng nghi\u1ec7p c\u00e1 c\u01b0\u1ee3c tr\u1ef1c tuy\u1ebfn.<\/p>\n<h2 style=\"text-align: justify;\"><strong>K\u1ebft lu\u1eadn<\/strong><\/h2>\n<p style=\"text-align: justify;\"><strong>\u0111\u0103ng k\u00fd FUN88<\/strong> l\u00e0 h\u00e0nh \u0111\u1ed9ng ti\u00ean quy\u1ebft \u0111\u1ec3 b\u1ea1n b\u1eaft \u0111\u1ea7u kh\u00e1m ph\u00e1 thi\u00ean \u0111\u01b0\u1eddng gi\u1ea3i tr\u00ed \u0111\u1ec9nh cao v\u1edbi s\u1ef1 an t\u00e2m tuy\u1ec7t \u0111\u1ed1i v\u1ec1 \u0111\u1ed9 minh b\u1ea1ch c\u0169ng nh\u01b0 t\u00ednh c\u00f4ng b\u1eb1ng trong t\u1eebng s\u1ea3n ph\u1ea9m. V\u1edbi cam k\u1ebft mang l\u1ea1i gi\u00e1 tr\u1ecb th\u1ef1c cho c\u1ed9ng \u0111\u1ed3ng ng\u01b0\u1eddi ch\u01a1i, h\u1ec7 th\u1ed1ng lu\u00f4n kh\u00f4ng ng\u1eebng c\u1ea3i ti\u1ebfn \u0111\u1ec3 quy tr\u00ecnh tham gia tr\u1edf n\u00ean \u0111\u01a1n gi\u1ea3n v\u00e0 th\u00e2n thi\u1ec7n h\u01a1n bao gi\u1edd h\u1ebft. H\u00e3y nhanh ch\u00f3ng truy c\u1eadp v\u00e0o trang ch\u1ee7 ch\u00ednh th\u1ee9c c\u1ee7a <strong>FUN88<\/strong> \u0111\u1ec3 x\u00e1c l\u1eadp t\u00e0i kho\u1ea3n v\u00e0 nh\u1eadn ngay nh\u1eefng ph\u1ea7n qu\u00e0 ch\u00e0o m\u1eebng v\u00f4 c\u00f9ng \u0111\u1eb7c s\u1eafc d\u00e0nh ri\u00eang cho b\u1ea1n.<\/p>\n","protected":false},"excerpt":{"rendered":"<p>\u0111\u0103ng k\u00fd FUN88 \u0111\u01b0\u1ee3c xem l\u00e0 ch\u00eca kh\u00f3a v\u1ea1n n\u0103ng gi\u00fap ng\u01b0\u1eddi ch\u01a1i ti\u1ebfp c\u1eadn v\u1edbi h\u00e0ng lo\u1ea1t s\u1ea3nh c\u01b0\u1ee3c th\u1ec3 thao s\u00f4i \u0111\u1ed9ng c\u00f9ng nh\u1eefng b\u00e0n ch\u01a1i b\u00e0i tr\u1ef1c tuy\u1ebfn v\u00f4 c\u00f9ng k\u1ecbch t\u00ednh. V\u1edbi quy tr\u00ecnh v\u1eadn h\u00e0nh d\u1ef1a tr\u00ean n\u1ec1n t\u1ea3ng c\u00f4ng ngh\u1ec7 4.0 ti\u00ean ti\u1ebfn, h\u1ec7 th\u1ed1ng cam k\u1ebft mang \u0111\u1ebfn [&#8230;]\n","protected":false},"author":1,"featured_media":77,"parent":0,"menu_order":0,"comment_status":"closed","ping_status":"closed","template":"","meta":{"footnotes":""},"class_list":["post-96","page","type-page","status-publish","has-post-thumbnail","hentry"],"_links":{"self":[{"href":"https:\/\/fun88dt.com\/index.php\/wp-json\/wp\/v2\/pages\/96","targetHints":{"allow":["GET"]}}],"collection":[{"href":"https:\/\/fun88dt.com\/index.php\/wp-json\/wp\/v2\/pages"}],"about":[{"href":"https:\/\/fun88dt.com\/index.php\/wp-json\/wp\/v2\/types\/page"}],"author":[{"embeddable":true,"href":"https:\/\/fun88dt.com\/index.php\/wp-json\/wp\/v2\/users\/1"}],"replies":[{"embeddable":true,"href":"https:\/\/fun88dt.com\/index.php\/wp-json\/wp\/v2\/comments?post=96"}],"version-history":[{"count":1,"href":"https:\/\/fun88dt.com\/index.php\/wp-json\/wp\/v2\/pages\/96\/revisions"}],"predecessor-version":[{"id":116,"href":"https:\/\/fun88dt.com\/index.php\/wp-json\/wp\/v2\/pages\/96\/revisions\/116"}],"wp:featuredmedia":[{"embeddable":true,"href":"https:\/\/fun88dt.com\/index.php\/wp-json\/wp\/v2\/media\/77"}],"wp:attachment":[{"href":"https:\/\/fun88dt.com\/index.php\/wp-json\/wp\/v2\/media?parent=96"}],"curies":[{"name":"wp","href":"https:\/\/api.w.org\/{rel}","templated":true}]}}