{"id":97,"date":"2026-04-13T03:04:24","date_gmt":"2026-04-13T03:04:24","guid":{"rendered":"https:\/\/fun88dt.com\/index.php\/dang-nhap-fun88\/"},"modified":"2026-04-13T03:10:06","modified_gmt":"2026-04-13T03:10:06","slug":"dang-nhap-fun88","status":"publish","type":"page","link":"https:\/\/fun88dt.com\/index.php\/dang-nhap-fun88\/","title":{"rendered":"\u0110\u0103ng Nh\u1eadp FUN88 &#8211; C\u1ed5ng V\u00e0o Thi\u00ean \u0110\u01b0\u1eddng C\u00e1 C\u01b0\u1ee3c Uy T\u00edn Ch\u00e2u \u00c1"},"content":{"rendered":"<p style=\"text-align: justify;\"><a href=\"https:\/\/fun88dt.com\/dang-nhap-fun88\/\" target=\"_blank\" rel=\"noopener\"><strong>\u0110\u0103ng nh\u1eadp FUN88<\/strong><\/a> tr\u1edf th\u00e0nh ch\u00eca kh\u00f3a v\u1ea1n n\u0103ng gi\u00fap ng\u01b0\u1eddi ch\u01a1i khai m\u1edf kho t\u00e0ng s\u1ea3n ph\u1ea9m c\u00e1 \u0111\u1ed9 \u0111a d\u1ea1ng \u0111i k\u00e8m t\u1ef7 l\u1ec7 ho\u00e0n tr\u1ea3 c\u1ef1c cao tr\u00ean th\u1ecb tr\u01b0\u1eddng. Vi\u1ec7c duy tr\u00ec t\u00ednh \u1ed5n \u0111\u1ecbnh c\u1ee7a h\u1ec7 th\u1ed1ng gi\u00fap m\u1ecdi thao t\u00e1c truy c\u1eadp di\u1ec5n ra tr\u01a1n tru nh\u1eb1m b\u1ea3o v\u1ec7 quy\u1ec1n l\u1ee3i t\u1ed1i \u0111a cho c\u00e1c th\u00e0nh vi\u00ean c\u1ee7a <a href=\"https:\/\/fun88dt.com\/\" target=\"_blank\" rel=\"noopener\"><strong>link FUN88<\/strong><\/a>.<\/p>\n<h2 style=\"text-align: justify;\"><strong>Quy tr\u00ecnh th\u1ef1c hi\u1ec7n \u0111\u0103ng nh\u1eadp FUN88 chu\u1ea9n x\u00e1c cho ng\u01b0\u1eddi m\u1edbi<\/strong><\/h2>\n<figure id=\"attachment_74\" aria-describedby=\"caption-attachment-74\" style=\"width: 800px\" class=\"wp-caption aligncenter\"><img loading=\"lazy\" decoding=\"async\" class=\"wp-image-74 size-full\" src=\"https:\/\/fun88dt.com\/wp-content\/uploads\/2026\/04\/cac-thu-tuc-dang-nhap-fun88-nhanh-chong-nhat.webp\" alt=\"C\u00e1c th\u1ee7 t\u1ee5c \u0111\u0103ng nh\u1eadp FUN88 nhanh ch\u00f3ng nh\u1ea5t\" width=\"800\" height=\"400\" srcset=\"https:\/\/fun88dt.com\/wp-content\/uploads\/2026\/04\/cac-thu-tuc-dang-nhap-fun88-nhanh-chong-nhat.webp 800w, https:\/\/fun88dt.com\/wp-content\/uploads\/2026\/04\/cac-thu-tuc-dang-nhap-fun88-nhanh-chong-nhat-300x150.webp 300w, https:\/\/fun88dt.com\/wp-content\/uploads\/2026\/04\/cac-thu-tuc-dang-nhap-fun88-nhanh-chong-nhat-768x384.webp 768w\" sizes=\"auto, (max-width: 800px) 100vw, 800px\" \/><figcaption id=\"caption-attachment-74\" class=\"wp-caption-text\">C\u00e1c th\u1ee7 t\u1ee5c \u0111\u0103ng nh\u1eadp FUN88 nhanh ch\u00f3ng nh\u1ea5t<\/figcaption><\/figure>\n<p style=\"text-align: justify;\">Khi th\u1ef1c hi\u1ec7n vi\u1ec7c <strong>\u0111\u0103ng nh\u1eadp FUN88<\/strong>, ng\u01b0\u1eddi d\u00f9ng c\u1ea7n tu\u00e2n th\u1ee7 nghi\u00eam ng\u1eb7t c\u00e1c tr\u00ecnh t\u1ef1 \u0111\u01b0\u1ee3c thi\u1ebft l\u1eadp s\u1eb5n nh\u1eb1m \u0111\u1ea3m b\u1ea3o t\u00ednh b\u1ea3o m\u1eadt tuy\u1ec7t \u0111\u1ed1i cho t\u00e0i s\u1ea3n c\u00e1 nh\u00e2n. H\u1ec7 th\u1ed1ng m\u00e1y ch\u1ee7 t\u1ea1i <strong>FUN88<\/strong> y\u00eau c\u1ea7u s\u1ef1 tr\u00f9ng kh\u1edbp ho\u00e0n to\u00e0n gi\u1eefa th\u00f4ng tin cung c\u1ea5p hi\u1ec7n t\u1ea1i v\u00e0 d\u1eef li\u1ec7u g\u1ed1c \u0111\u00e3 l\u01b0u tr\u1eef trong b\u1ed9 nh\u1edb \u0111i\u1ec7n to\u00e1n \u0111\u00e1m m\u00e2y.<\/p>\n<h3 style=\"text-align: justify;\"><strong>Truy c\u1eadp li\u00ean k\u1ebft ch\u00ednh th\u1ed1ng<\/strong><\/h3>\n<p style=\"text-align: justify;\">Vi\u1ec7c l\u1ef1a ch\u1ecdn \u0111\u00fang \u0111\u01b0\u1eddng d\u1eabn kh\u00f4ng b\u1ecb ch\u1eb7n b\u1edfi c\u00e1c nh\u00e0 m\u1ea1ng \u0111\u1ecba ph\u01b0\u01a1ng l\u00e0 b\u01b0\u1edbc kh\u1edfi \u0111\u1ea7u quan tr\u1ecdng gi\u00fap b\u1ea1n ti\u1ebfp c\u1eadn giao di\u1ec7n trang ch\u1ee7 m\u1ed9t c\u00e1ch an to\u00e0n nh\u1ea5t. Ng\u01b0\u1eddi ch\u01a1i n\u00ean ch\u1ee7 \u0111\u1ed9ng tr\u00e1nh xa nh\u1eefng li\u00ean k\u1ebft l\u1ea1 kh\u00f4ng r\u00f5 ngu\u1ed3n g\u1ed1c tr\u00ean m\u1ea1ng x\u00e3 h\u1ed9i tr\u01b0\u1edbc khi ti\u1ebfn h\u00e0nh <strong>\u0111\u0103ng nh\u1eadp FUN88<\/strong> nh\u1eb1m h\u1ea1n ch\u1ebf r\u1ee7i ro b\u1ecb \u0111\u00e1nh c\u1eafp th\u00f4ng tin.<\/p>\n<h3 style=\"text-align: justify;\"><strong>Nh\u1eadp d\u1eef li\u1ec7u \u0111\u1ecbnh danh<\/strong><\/h3>\n<p style=\"text-align: justify;\">T\u1ea1i bi\u1ec3u m\u1eabu hi\u1ec3n th\u1ecb \u1edf g\u00f3c m\u00e0n h\u00ecnh, th\u00e0nh vi\u00ean c\u1ea7n \u0111i\u1ec1n ch\u00ednh x\u00e1c t\u00ean t\u00e0i kho\u1ea3n c\u00f9ng m\u1eadt kh\u1ea9u b\u1ea3o m\u1eadt m\u00e0 b\u1ea3n th\u00e2n \u0111\u00e3 thi\u1ebft l\u1eadp trong qu\u00e1 tr\u00ecnh \u0111\u0103ng k\u00fd t\u00e0i kho\u1ea3n. S\u1ef1 t\u1ec9 m\u1ec9 trong vi\u1ec7c r\u00e0 so\u00e1t t\u1eebng k\u00fd t\u1ef1 \u0111\u1eb7c bi\u1ec7t ho\u1eb7c ch\u1eef vi\u1ebft hoa s\u1ebd gi\u00fap qu\u00e1 tr\u00ecnh <strong>\u0111\u0103ng nh\u1eadp FUN88<\/strong> di\u1ec5n ra thu\u1eadn l\u1ee3i m\u00e0 kh\u00f4ng b\u1ecb kh\u00f3a t\u00e0i kho\u1ea3n t\u1ea1m th\u1eddi do sai s\u00f3t.<\/p>\n<h3 style=\"text-align: justify;\"><strong>X\u00e1c nh\u1eadn truy c\u1eadp h\u1ec7 th\u1ed1ng<\/strong><\/h3>\n<p style=\"text-align: justify;\">Sau khi \u0111\u00e3 ki\u1ec3m tra to\u00e0n b\u1ed9 th\u00f4ng tin v\u1eeba nh\u1eadp, b\u1ea1n h\u00e3y nh\u1ea5n v\u00e0o n\u00fat x\u00e1c nh\u1eadn \u0111\u1ec3 h\u1ec7 th\u1ed1ng b\u1eaft \u0111\u1ea7u x\u1eed l\u00fd l\u1ec7nh truy xu\u1ea5t d\u1eef li\u1ec7u ng\u01b0\u1eddi d\u00f9ng trong t\u00edch t\u1eafc. Khi giao di\u1ec7n c\u00e1 nh\u00e2n hi\u1ec3n th\u1ecb \u0111\u1ea7y \u0111\u1ee7 c\u00e1c th\u00f4ng s\u1ed1 v\u1ec1 s\u1ed1 d\u01b0, th\u00e0nh vi\u00ean \u0111\u00e3 s\u1eb5n s\u00e0ng tham gia v\u00e0o nh\u1eefng s\u1ea3nh c\u01b0\u1ee3c k\u1ecbch t\u00ednh ho\u1eb7c c\u00e1c tr\u1eadn c\u1ea7u \u0111\u1ec9nh cao.<\/p>\n<h2 style=\"text-align: justify;\"><strong>Gi\u1ea3i quy\u1ebft s\u1ef1 c\u1ed1 khi \u0111\u0103ng nh\u1eadp FUN88 kh\u00f4ng th\u00e0nh c\u00f4ng<\/strong><\/h2>\n<figure id=\"attachment_75\" aria-describedby=\"caption-attachment-75\" style=\"width: 800px\" class=\"wp-caption aligncenter\"><img loading=\"lazy\" decoding=\"async\" class=\"wp-image-75 size-full\" src=\"https:\/\/fun88dt.com\/wp-content\/uploads\/2026\/04\/khac-phuc-loi-truy-cap-tai-khoan-thanh-vien.webp\" alt=\"Kh\u1eafc ph\u1ee5c l\u1ed7i truy c\u1eadp t\u00e0i kho\u1ea3n th\u00e0nh vi\u00ean\" width=\"800\" height=\"400\" srcset=\"https:\/\/fun88dt.com\/wp-content\/uploads\/2026\/04\/khac-phuc-loi-truy-cap-tai-khoan-thanh-vien.webp 800w, https:\/\/fun88dt.com\/wp-content\/uploads\/2026\/04\/khac-phuc-loi-truy-cap-tai-khoan-thanh-vien-300x150.webp 300w, https:\/\/fun88dt.com\/wp-content\/uploads\/2026\/04\/khac-phuc-loi-truy-cap-tai-khoan-thanh-vien-768x384.webp 768w\" sizes=\"auto, (max-width: 800px) 100vw, 800px\" \/><figcaption id=\"caption-attachment-75\" class=\"wp-caption-text\">Kh\u1eafc ph\u1ee5c l\u1ed7i truy c\u1eadp t\u00e0i kho\u1ea3n th\u00e0nh vi\u00ean<\/figcaption><\/figure>\n<p style=\"text-align: justify;\">T\u1ed3n t\u1ea1i kh\u00e1 nhi\u1ec1u t\u00e1c nh\u00e2n kh\u00e1ch quan khi\u1ebfn h\u00e0nh tr\u00ecnh tr\u1ea3i nghi\u1ec7m c\u1ee7a h\u1ed9i vi\u00ean b\u1ecb gi\u00e1n \u0111o\u1ea1n \u0111\u1ed9t ng\u1ed9t ngay t\u1eeb nh\u1eefng b\u01b0\u1edbc x\u00e1c th\u1ef1c danh t\u00ednh \u0111\u1ea7u ti\u00ean. Vi\u1ec7c b\u00ecnh t\u0129nh nh\u1eadn di\u1ec7n m\u00e3 l\u1ed7i c\u1ee5 th\u1ec3 s\u1ebd h\u1ed7 tr\u1ee3 c\u00e1c c\u01b0\u1ee3c th\u1ee7 nhanh ch\u00f3ng t\u00ecm ra gi\u1ea3i ph\u00e1p x\u1eed l\u00fd tri\u1ec7t \u0111\u1ec3 m\u00e0 kh\u00f4ng c\u1ea7n t\u1ed1n qu\u00e1 nhi\u1ec1u th\u1eddi gian ch\u1edd \u0111\u1ee3i.<\/p>\n<h3 style=\"text-align: justify;\"><strong>Ki\u1ec3m tra l\u1ea1i k\u1ebft n\u1ed1i internet<\/strong><\/h3>\n<p style=\"text-align: justify;\">\u0110\u00f4i khi s\u1ef1 c\u1ed1 kh\u00f4ng xu\u1ea5t ph\u00e1t t\u1eeb ph\u00eda m\u00e1y ch\u1ee7 m\u00e0 do t\u00edn hi\u1ec7u wifi ho\u1eb7c d\u1eef li\u1ec7u di \u0111\u1ed9ng c\u1ee7a thi\u1ebft b\u1ecb \u0111ang s\u1eed d\u1ee5ng g\u1eb7p t\u00ecnh tr\u1ea1ng ch\u1eadp ch\u1eddn kh\u00f4ng \u1ed5n \u0111\u1ecbnh. H\u00e3y th\u1eed kh\u1edfi \u0111\u1ed9ng l\u1ea1i b\u1ed9 ph\u00e1t s\u00f3ng ho\u1eb7c chuy\u1ec3n \u0111\u1ed5i sang m\u1ea1ng 5G t\u1ed1c \u0111\u1ed9 cao \u0111\u1ec3 c\u1ea3i thi\u1ec7n kh\u1ea3 n\u0103ng t\u1ea3i trang web \u0111\u1ed3ng th\u1eddi gi\u00fap vi\u1ec7c truy c\u1eadp di\u1ec5n ra m\u01b0\u1ee3t m\u00e0 h\u01a1n.<\/p>\n<h3 style=\"text-align: justify;\"><strong>S\u1eed d\u1ee5ng c\u00f4ng c\u1ee5 thay \u0111\u1ed5i v\u00f9ng<\/strong><\/h3>\n<p style=\"text-align: justify;\">Trong b\u1ed1i c\u1ea3nh m\u1ed9t s\u1ed1 nh\u00e0 m\u1ea1ng \u00e1p d\u1ee5ng r\u00e0o c\u1ea3n k\u1ef9 thu\u1eadt, vi\u1ec7c c\u00e0i \u0111\u1eb7t th\u00eam c\u00e1c \u1ee9ng d\u1ee5ng chuy\u1ec3n \u0111\u1ed5i \u0111\u1ecba ch\u1ec9 IP qu\u1ed1c t\u1ebf \u0111\u01b0\u1ee3c xem l\u00e0 l\u1ef1a ch\u1ecdn t\u1ed1i \u01b0u nh\u1ea5t. Ph\u01b0\u01a1ng ph\u00e1p n\u00e0y kh\u00f4ng ch\u1ec9 gi\u00fap b\u1ea1n l\u00e1ch qua c\u00e1c b\u1ed9 l\u1ecdc ki\u1ec3m so\u00e1t m\u00e0 c\u00f2n t\u1ea1o ra m\u00f4i tr\u01b0\u1eddng \u1ea9n danh an to\u00e0n \u0111\u1ec3 ti\u1ebfp t\u1ee5c th\u1ef1c hi\u1ec7n <strong>\u0111\u0103ng nh\u1eadp FUN88<\/strong> t\u1ea1i <strong>FUN88<\/strong>.<\/p>\n<h3 style=\"text-align: justify;\"><strong>H\u1ed7 tr\u1ee3 \u0111\u0103ng nh\u1eadp FUN88 nhanh nh\u1ea5t<\/strong><\/h3>\n<p style=\"text-align: justify;\">Khi \u0111\u00e3 \u00e1p d\u1ee5ng c\u00e1c bi\u1ec7n ph\u00e1p c\u01a1 b\u1ea3n nh\u01b0ng v\u1eabn g\u1eb7p b\u1ebf t\u1eafc, ng\u01b0\u1eddi ch\u01a1i h\u00e3y nhanh ch\u00f3ng li\u00ean h\u1ec7 v\u1edbi \u0111\u1ed9i ng\u0169 k\u1ef9 thu\u1eadt vi\u00ean th\u00f4ng qua k\u00eanh chat tr\u1ef1c tuy\u1ebfn ho\u1ea1t \u0111\u1ed9ng li\u00ean t\u1ee5c. Nh\u1eefng chuy\u00ean vi\u00ean gi\u00e0u kinh nghi\u1ec7m s\u1ebd ti\u1ebfn h\u00e0nh r\u00e0 so\u00e1t t\u00ecnh tr\u1ea1ng t\u00e0i kho\u1ea3n v\u00e0 \u0111\u01b0a ra nh\u1eefng h\u01b0\u1edbng d\u1eabn c\u1ee5 th\u1ec3 gi\u00fap b\u1ea1n s\u1edbm tr\u1edf l\u1ea1i v\u1edbi ni\u1ec1m \u0111am m\u00ea c\u00e1 c\u01b0\u1ee3c.<\/p>\n<h3 style=\"text-align: justify;\"><strong>C\u1eadp nh\u1eadt phi\u00ean b\u1ea3n m\u1edbi<\/strong><\/h3>\n<p style=\"text-align: justify;\">Vi\u1ec7c c\u1ed1 g\u1eafng s\u1eed d\u1ee5ng nh\u1eefng b\u1ea3n c\u00e0i \u0111\u1eb7t c\u0169 k\u1ef9 c\u00f3 th\u1ec3 t\u1ea1o ra c\u00e1c xung \u0111\u1ed9t ph\u1ea7n m\u1ec1m kh\u00f4ng \u0111\u00e1ng c\u00f3 khi\u1ebfn qu\u00e1 tr\u00ecnh x\u00e1c th\u1ef1c d\u1eef li\u1ec7u b\u1ecb t\u1eeb ch\u1ed1i li\u00ean t\u1ee5c. Bet th\u1ee7 n\u00ean ch\u1ee7 \u0111\u1ed9ng ki\u1ec3m tra kho \u1ee9ng d\u1ee5ng v\u00e0 t\u1ea3i v\u1ec1 phi\u00ean b\u1ea3n m\u1edbi nh\u1ea5t \u0111\u1ec3 t\u1eadn h\u01b0\u1edfng nh\u1eefng c\u1ea3i ti\u1ebfn v\u01b0\u1ee3t tr\u1ed9i v\u1ec1 t\u1ed1c \u0111\u1ed9 x\u1eed l\u00fd c\u0169ng nh\u01b0 c\u00e1c l\u1edbp t\u01b0\u1eddng l\u1eeda b\u1ea3o v\u1ec7 m\u1edbi.<\/p>\n<h2 style=\"text-align: justify;\"><strong>L\u1ee3i \u00edch v\u01b0\u1ee3t tr\u1ed9i khi \u0111\u0103ng nh\u1eadp FUN88 th\u01b0\u1eddng xuy\u00ean<\/strong><\/h2>\n<figure id=\"attachment_73\" aria-describedby=\"caption-attachment-73\" style=\"width: 800px\" class=\"wp-caption aligncenter\"><img loading=\"lazy\" decoding=\"async\" class=\"wp-image-73 size-full\" src=\"https:\/\/fun88dt.com\/wp-content\/uploads\/2026\/04\/tan-huong-gia-tri-tu-viec-truy-cap-deu-dan.webp\" alt=\"T\u1eadn h\u01b0\u1edfng gi\u00e1 tr\u1ecb t\u1eeb vi\u1ec7c truy c\u1eadp \u0111\u1ec1u \u0111\u1eb7n\" width=\"800\" height=\"400\" srcset=\"https:\/\/fun88dt.com\/wp-content\/uploads\/2026\/04\/tan-huong-gia-tri-tu-viec-truy-cap-deu-dan.webp 800w, https:\/\/fun88dt.com\/wp-content\/uploads\/2026\/04\/tan-huong-gia-tri-tu-viec-truy-cap-deu-dan-300x150.webp 300w, https:\/\/fun88dt.com\/wp-content\/uploads\/2026\/04\/tan-huong-gia-tri-tu-viec-truy-cap-deu-dan-768x384.webp 768w\" sizes=\"auto, (max-width: 800px) 100vw, 800px\" \/><figcaption id=\"caption-attachment-73\" class=\"wp-caption-text\">T\u1eadn h\u01b0\u1edfng gi\u00e1 tr\u1ecb t\u1eeb vi\u1ec7c truy c\u1eadp \u0111\u1ec1u \u0111\u1eb7n<\/figcaption><\/figure>\n<p style=\"text-align: justify;\">Thi\u1ebft l\u1eadp th\u00f3i quen <strong>\u0111\u0103ng nh\u1eadp FUN88<\/strong> \u0111\u1ec1u \u0111\u1eb7n m\u1ed7i ng\u00e0y kh\u00f4ng ch\u1ec9 gi\u00fap b\u1ea1n c\u1eadp nh\u1eadt nhanh ch\u00f3ng c\u00e1c bi\u1ebfn \u0111\u1ed9ng v\u1ec1 t\u1ef7 l\u1ec7 k\u00e8o m\u00e0 c\u00f2n mang l\u1ea1i c\u01a1 h\u1ed9i s\u1edf h\u1eefu nh\u1eefng ph\u1ea7n qu\u00e0 tri \u00e2n gi\u00e1 tr\u1ecb. D\u01b0\u1edbi \u0111\u00e2y l\u00e0 nh\u1eefng \u0111\u1eb7c quy\u1ec1n d\u00e0nh ri\u00eang cho nh\u1eefng h\u1ed9i vi\u00ean t\u00edch c\u1ef1c t\u01b0\u01a1ng t\u00e1c v\u1edbi h\u1ec7 th\u1ed1ng:<\/p>\n<ul style=\"text-align: justify;\">\n<li>Ng\u01b0\u1eddi ch\u01a1i s\u1ebd ngay l\u1eadp t\u1ee9c nh\u1eadn \u0111\u01b0\u1ee3c c\u00e1c th\u00f4ng b\u00e1o v\u1ec1 nh\u1eefng gi\u1ea3i \u0111\u1ea5u th\u1ec3 thao quy m\u00f4 to\u00e0n c\u1ea7u c\u00f9ng c\u00e1c b\u00e0i nh\u1eadn \u0111\u1ecbnh chuy\u00ean s\u00e2u t\u1eeb gi\u1edbi chuy\u00ean m\u00f4n.<\/li>\n<li>Tham gia v\u00e0o ch\u01b0\u01a1ng tr\u00ecnh t\u00edch l\u0169y \u0111i\u1ec3m th\u01b0\u1edfng trung th\u00e0nh \u0111\u1ec3 \u0111\u1ed5i l\u1ea5y nh\u1eefng hi\u1ec7n v\u1eadt c\u00f4ng ngh\u1ec7 \u0111\u1eaft ti\u1ec1n ho\u1eb7c c\u1ed9ng tr\u1ef1c ti\u1ebfp ti\u1ec1n m\u1eb7t v\u00e0o v\u00ed c\u00e1 c\u01b0\u1ee3c c\u1ee7a b\u1ea1n.<\/li>\n<li>Khi th\u1ef1c hi\u1ec7n <strong>\u0111\u0103ng nh\u1eadp FUN88<\/strong> th\u00e0nh c\u00f4ng, b\u1ea1n c\u00f3 quy\u1ec1n tham gia v\u00e0o c\u00e1c ph\u00f2ng chat c\u1ed9ng \u0111\u1ed3ng \u0111\u1ec3 giao l\u01b0u v\u00e0 h\u1ecdc h\u1ecfi b\u00ed k\u00edp soi c\u1ea7u t\u1eeb nh\u1eefng cao th\u1ee7 g\u1ea1o c\u1ed9i.<\/li>\n<li>C\u01a1 h\u1ed9i tr\u1ea3i nghi\u1ec7m s\u1edbm nh\u1ea5t c\u00e1c s\u1ea3n ph\u1ea9m gi\u1ea3i tr\u00ed v\u1eeba \u0111\u01b0\u1ee3c ra m\u1eaft v\u1edbi \u0111\u1ed3 h\u1ecda 3D s\u1eafc n\u00e9t \u0111i k\u00e8m h\u1ec7 th\u1ed1ng \u00e2m thanh v\u00f2m s\u1ed1ng \u0111\u1ed9ng nh\u01b0 t\u1ea1i c\u00e1c casino \u1edf Macau.<\/li>\n<li>To\u00e0n b\u1ed9 l\u1ecbch s\u1eed giao d\u1ecbch v\u00e0 th\u00f4ng tin c\u00e1 nh\u00e2n c\u1ee7a b\u1ea1n lu\u00f4n \u0111\u01b0\u1ee3c b\u1ea3o v\u1ec7 b\u1edfi c\u00f4ng ngh\u1ec7 m\u00e3 h\u00f3a \u0111a t\u1ea7ng hi\u1ec7n \u0111\u1ea1i nh\u1ea5t \u0111ang \u0111\u01b0\u1ee3c \u00e1p d\u1ee5ng t\u1ea1i <strong>FUN88<\/strong>.<\/li>\n<li>H\u01b0\u1edfng m\u1ee9c ho\u00e0n tr\u1ea3 kh\u00f4ng gi\u1edbi h\u1ea1n d\u1ef1a tr\u00ean t\u1ed5ng s\u1ed1 v\u1ed1n c\u01b0\u1ee3c h\u1ee3p l\u1ec7 h\u00e0ng tu\u1ea7n gi\u00fap h\u1ed9i vi\u00ean c\u00f3 th\u00eam ngu\u1ed3n t\u00e0i ch\u00ednh \u0111\u1ec3 duy tr\u00ec c\u00e1c chi\u1ebfn thu\u1eadt c\u00e1 \u0111\u1ed9 d\u00e0i h\u01a1i.<\/li>\n<\/ul>\n<h2 style=\"text-align: justify;\"><strong>K\u1ebft lu\u1eadn<\/strong><\/h2>\n<p style=\"text-align: justify;\"><strong>\u0110\u0103ng nh\u1eadp FUN88<\/strong> l\u00e0 b\u01b0\u1edbc \u0111\u1ec7m ho\u00e0n h\u1ea3o \u0111\u1ec3 c\u00e1c t\u00edn h\u1eefu \u0111am m\u00ea c\u00e1 c\u01b0\u1ee3c ti\u1ebfp c\u1eadn v\u1edbi m\u00f4i tr\u01b0\u1eddng gi\u1ea3i tr\u00ed chuy\u00ean nghi\u1ec7p, minh b\u1ea1ch v\u00e0 an to\u00e0n h\u00e0ng \u0111\u1ea7u khu v\u1ef1c. S\u1ef1 t\u1eadn t\u00e2m trong d\u1ecbch v\u1ee5 kh\u00e1ch h\u00e0ng k\u1ebft h\u1ee3p c\u00f9ng n\u1ec1n t\u1ea3ng c\u00f4ng ngh\u1ec7 \u01b0u vi\u1ec7t \u0111\u00e3 gi\u00fap th\u01b0\u01a1ng hi\u1ec7u <strong>FUN88<\/strong> x\u00e1c l\u1eadp v\u1ecb th\u1ebf v\u1eefng ch\u1eafc trong l\u00f2ng h\u00e0ng tri\u1ec7u th\u00e0nh vi\u00ean. H\u00e3y truy c\u1eadp ngay h\u00f4m nay \u0111\u1ec3 n\u1eafm b\u1eaft c\u01a1 h\u1ed9i \u0111\u1ed5i \u0111\u1eddi v\u00e0 nh\u1eadn v\u1ec1 nh\u1eefng ph\u1ea7n th\u01b0\u1edfng c\u00f3 gi\u00e1 tr\u1ecb c\u1ef1c kh\u1ee7ng d\u00e0nh cho ng\u01b0\u1eddi chi\u1ebfn th\u1eafng.<\/p>\n","protected":false},"excerpt":{"rendered":"<p>\u0110\u0103ng nh\u1eadp FUN88 tr\u1edf th\u00e0nh ch\u00eca kh\u00f3a v\u1ea1n n\u0103ng gi\u00fap ng\u01b0\u1eddi ch\u01a1i khai m\u1edf kho t\u00e0ng s\u1ea3n ph\u1ea9m c\u00e1 \u0111\u1ed9 \u0111a d\u1ea1ng \u0111i k\u00e8m t\u1ef7 l\u1ec7 ho\u00e0n tr\u1ea3 c\u1ef1c cao tr\u00ean th\u1ecb tr\u01b0\u1eddng. Vi\u1ec7c duy tr\u00ec t\u00ednh \u1ed5n \u0111\u1ecbnh c\u1ee7a h\u1ec7 th\u1ed1ng gi\u00fap m\u1ecdi thao t\u00e1c truy c\u1eadp di\u1ec5n ra tr\u01a1n tru nh\u1eb1m b\u1ea3o v\u1ec7 [&#8230;]\n","protected":false},"author":1,"featured_media":72,"parent":0,"menu_order":0,"comment_status":"closed","ping_status":"closed","template":"","meta":{"footnotes":""},"class_list":["post-97","page","type-page","status-publish","has-post-thumbnail","hentry"],"_links":{"self":[{"href":"https:\/\/fun88dt.com\/index.php\/wp-json\/wp\/v2\/pages\/97","targetHints":{"allow":["GET"]}}],"collection":[{"href":"https:\/\/fun88dt.com\/index.php\/wp-json\/wp\/v2\/pages"}],"about":[{"href":"https:\/\/fun88dt.com\/index.php\/wp-json\/wp\/v2\/types\/page"}],"author":[{"embeddable":true,"href":"https:\/\/fun88dt.com\/index.php\/wp-json\/wp\/v2\/users\/1"}],"replies":[{"embeddable":true,"href":"https:\/\/fun88dt.com\/index.php\/wp-json\/wp\/v2\/comments?post=97"}],"version-history":[{"count":1,"href":"https:\/\/fun88dt.com\/index.php\/wp-json\/wp\/v2\/pages\/97\/revisions"}],"predecessor-version":[{"id":117,"href":"https:\/\/fun88dt.com\/index.php\/wp-json\/wp\/v2\/pages\/97\/revisions\/117"}],"wp:featuredmedia":[{"embeddable":true,"href":"https:\/\/fun88dt.com\/index.php\/wp-json\/wp\/v2\/media\/72"}],"wp:attachment":[{"href":"https:\/\/fun88dt.com\/index.php\/wp-json\/wp\/v2\/media?parent=97"}],"curies":[{"name":"wp","href":"https:\/\/api.w.org\/{rel}","templated":true}]}}