{"id":98,"date":"2026-04-13T03:04:38","date_gmt":"2026-04-13T03:04:38","guid":{"rendered":"https:\/\/fun88dt.com\/index.php\/tai-app-fun88\/"},"modified":"2026-04-13T03:11:44","modified_gmt":"2026-04-13T03:11:44","slug":"tai-app-fun88","status":"publish","type":"page","link":"https:\/\/fun88dt.com\/index.php\/tai-app-fun88\/","title":{"rendered":"T\u1ea3i App FUN88 &#8211; Nhanh Ch\u00f3ng \u0110\u1ec3 Tham Gia C\u00e1 C\u01b0\u1ee3c An To\u00e0n"},"content":{"rendered":"<p style=\"text-align: justify;\"><a href=\"https:\/\/fun88dt.com\/tai-app-fun88\/\" target=\"_blank\" rel=\"noopener\"><strong>T\u1ea3i app FUN88<\/strong><\/a> kh\u1edfi \u0111\u1ea7u cho h\u00e0nh tr\u00ecnh kh\u00e1m ph\u00e1 kh\u00f4ng gian \u0111\u1eb7t c\u01b0\u1ee3c chuy\u00ean nghi\u1ec7p ngay tr\u00ean thi\u1ebft b\u1ecb c\u1ea7m tay c\u00e1 nh\u00e2n c\u1ee7a m\u1ed7i kh\u00e1ch h\u00e0ng v\u1edbi s\u1ef1 ti\u1ec7n l\u1ee3i v\u01b0\u1ee3t tr\u1ed9i. Vi\u1ec7c t\u00edch h\u1ee3p c\u00f4ng ngh\u1ec7 m\u00e3 h\u00f3a ti\u00ean ti\u1ebfn v\u00e0o \u1ee9ng d\u1ee5ng gi\u00fap m\u1ecdi thao t\u00e1c chuy\u1ec3n qu\u1ef9 hay tham gia s\u1ea3nh b\u00e0i \u0111\u1ec1u tr\u1edf n\u00ean m\u01b0\u1ee3t m\u00e0 v\u00e0 an to\u00e0n tuy\u1ec7t \u0111\u1ed1i. \u0110\u00e2y ch\u00ednh l\u00e0 gi\u1ea3i ph\u00e1p t\u1ed1i \u01b0u \u0111\u01b0\u1ee3c \u0111\u1ed9i ng\u0169 k\u1ef9 thu\u1eadt ph\u00e1t tri\u1ec3n nh\u1eb1m mang \u0111\u1ebfn s\u1ef1 h\u00e0i l\u00f2ng cao nh\u1ea5t cho c\u1ed9ng \u0111\u1ed3ng th\u00e0nh vi\u00ean t\u1ea1i <a href=\"https:\/\/fun88dt.com\/\" target=\"_blank\" rel=\"noopener\"><strong>FUN88.com<\/strong><\/a>.<\/p>\n<h2 style=\"text-align: justify;\"><strong>H\u01b0\u1edbng d\u1eabn chi ti\u1ebft c\u00e1c b\u01b0\u1edbc t\u1ea3i app FUN88 an to\u00e0n<\/strong><\/h2>\n<figure id=\"attachment_69\" aria-describedby=\"caption-attachment-69\" style=\"width: 800px\" class=\"wp-caption aligncenter\"><img loading=\"lazy\" decoding=\"async\" class=\"wp-image-69 size-full\" src=\"https:\/\/fun88dt.com\/wp-content\/uploads\/2026\/04\/quy-trinh-thuc-hien-tai-app-fun88-don-gian-nhat.webp\" alt=\"Quy tr\u00ecnh th\u1ef1c hi\u1ec7n t\u1ea3i app FUN88 \u0111\u01a1n gi\u1ea3n nh\u1ea5t\" width=\"800\" height=\"400\" srcset=\"https:\/\/fun88dt.com\/wp-content\/uploads\/2026\/04\/quy-trinh-thuc-hien-tai-app-fun88-don-gian-nhat.webp 800w, https:\/\/fun88dt.com\/wp-content\/uploads\/2026\/04\/quy-trinh-thuc-hien-tai-app-fun88-don-gian-nhat-300x150.webp 300w, https:\/\/fun88dt.com\/wp-content\/uploads\/2026\/04\/quy-trinh-thuc-hien-tai-app-fun88-don-gian-nhat-768x384.webp 768w\" sizes=\"auto, (max-width: 800px) 100vw, 800px\" \/><figcaption id=\"caption-attachment-69\" class=\"wp-caption-text\">Quy tr\u00ecnh th\u1ef1c hi\u1ec7n t\u1ea3i app FUN88 \u0111\u01a1n gi\u1ea3n nh\u1ea5t<\/figcaption><\/figure>\n<p style=\"text-align: justify;\">Vi\u1ec7c s\u1edf h\u1eefu b\u1ed9 c\u00e0i \u0111\u1eb7t ch\u00ednh th\u1ed1ng gi\u00fap ng\u01b0\u1eddi d\u00f9ng tr\u00e1nh kh\u1ecfi c\u00e1c r\u1ee7i ro li\u00ean quan \u0111\u1ebfn li\u00ean k\u1ebft gi\u1ea3 m\u1ea1o ho\u1eb7c ph\u1ea7n m\u1ec1m \u0111\u1ed9c h\u1ea1i x\u00e2m nh\u1eadp \u0111i\u1ec7n tho\u1ea1i. Khi b\u1eaft \u0111\u1ea7u qu\u00e1 tr\u00ecnh <strong>t\u1ea3i app FUN88<\/strong>, anh em c\u1ea7n \u0111\u1ea3m b\u1ea3o r\u1eb1ng dung l\u01b0\u1ee3ng b\u1ed9 nh\u1edb tr\u1ed1ng \u0111\u1ee7 \u0111\u1ec3 ch\u1ee9a t\u1ec7p d\u1eef li\u1ec7u v\u00e0 duy tr\u00ec k\u1ebft n\u1ed1i m\u1ea1ng \u1ed5n \u0111\u1ecbnh nh\u1ea5t.<\/p>\n<h3 style=\"text-align: justify;\"><strong>Ki\u1ec3m tra c\u1ea5u h\u00ecnh m\u00e1y<\/strong><\/h3>\n<p style=\"text-align: justify;\">Tr\u01b0\u1edbc khi ti\u1ebfn h\u00e0nh t\u1ea3i xu\u1ed1ng, ng\u01b0\u1eddi ch\u01a1i n\u00ean xem x\u00e9t phi\u00ean b\u1ea3n h\u1ec7 \u0111i\u1ec1u h\u00e0nh Android ho\u1eb7c iOS hi\u1ec7n t\u1ea1i c\u00f3 t\u01b0\u01a1ng th\u00edch v\u1edbi y\u00eau c\u1ea7u t\u1eeb nh\u00e0 ph\u00e1t h\u00e0nh hay kh\u00f4ng. C\u00e1c d\u00f2ng m\u00e1y \u0111\u1eddi m\u1edbi th\u01b0\u1eddng h\u1ed7 tr\u1ee3 t\u1ed1t h\u01a1n v\u1ec1 m\u1eb7t hi\u1ec3n th\u1ecb \u0111\u1ed3 h\u1ecda c\u0169ng nh\u01b0 t\u1ed1c \u0111\u1ed9 x\u1eed l\u00fd c\u00e1c l\u1ec7nh \u0111\u1eb7t c\u01b0\u1ee3c ph\u1ee9c t\u1ea1p.<\/p>\n<h3 style=\"text-align: justify;\"><strong>Truy c\u1eadp li\u00ean k\u1ebft chu\u1ea9n<\/strong><\/h3>\n<p style=\"text-align: justify;\">S\u1eed d\u1ee5ng tr\u00ecnh duy\u1ec7t web \u0111\u1ec3 t\u00ecm ki\u1ebfm \u0111\u01b0\u1eddng d\u1eabn ch\u00ednh th\u1ed1ng do nh\u00e0 c\u00e1i cung c\u1ea5p l\u00e0 b\u01b0\u1edbc \u0111i then ch\u1ed1t gi\u00fap b\u1ea3o v\u1ec7 t\u00e0i kho\u1ea3n c\u00e1 nh\u00e2n c\u1ee7a b\u1ea1n. Tr\u00e1nh xa c\u00e1c ngu\u1ed3n c\u1ea5p d\u1eef li\u1ec7u kh\u00f4ng r\u00f5 ngu\u1ed3n g\u1ed1c tr\u00ean m\u1ea1ng x\u00e3 h\u1ed9i \u0111\u1ec3 ng\u0103n ch\u1eb7n vi\u1ec7c b\u1ecb \u0111\u00e1nh c\u1eafp th\u00f4ng tin \u0111\u0103ng nh\u1eadp ho\u1eb7c r\u00f2 r\u1ec9 d\u1eef li\u1ec7u ng\u00e2n h\u00e0ng.<\/p>\n<h3 style=\"text-align: justify;\"><strong>C\u1ea5p quy\u1ec1n c\u00e0i \u0111\u1eb7t<\/strong><\/h3>\n<p style=\"text-align: justify;\">Sau khi t\u1ec7p tin \u0111\u00e3 n\u1eb1m trong m\u00e1y, b\u1ea1n c\u1ea7n v\u00e0o ph\u1ea7n c\u00e0i \u0111\u1eb7t b\u1ea3o m\u1eadt \u0111\u1ec3 cho ph\u00e9p \u1ee9ng d\u1ee5ng t\u1eeb ngu\u1ed3n kh\u00f4ng x\u00e1c \u0111\u1ecbnh \u0111\u01b0\u1ee3c ph\u00e9p v\u1eadn h\u00e0nh tr\u00ean h\u1ec7 \u0111i\u1ec1u h\u00e0nh. Thao t\u00e1c n\u00e0y ho\u00e0n to\u00e0n b\u00ecnh th\u01b0\u1eddng \u0111\u1ed1i v\u1edbi c\u00e1c ph\u1ea7n m\u1ec1m c\u00e1 c\u01b0\u1ee3c qu\u1ed1c t\u1ebf v\u00e0 s\u1ebd kh\u00f4ng g\u00e2y \u1ea3nh h\u01b0\u1edfng \u0111\u1ebfn t\u00ednh an to\u00e0n t\u1ed5ng th\u1ec3 c\u1ee7a thi\u1ebft b\u1ecb.<\/p>\n<h2 style=\"text-align: justify;\"><strong>Nh\u1eefng l\u1ee3i \u00edch v\u01b0\u1ee3t tr\u1ed9i khi th\u1ef1c hi\u1ec7n t\u1ea3i app FUN88<\/strong><\/h2>\n<figure id=\"attachment_68\" aria-describedby=\"caption-attachment-68\" style=\"width: 800px\" class=\"wp-caption aligncenter\"><img loading=\"lazy\" decoding=\"async\" class=\"wp-image-68 size-full\" src=\"https:\/\/fun88dt.com\/wp-content\/uploads\/2026\/04\/uu-diem-khi-so-huu-ung-dung-di-dong-nha-cai.webp\" alt=\"\u01afu \u0111i\u1ec3m khi s\u1edf h\u1eefu \u1ee9ng d\u1ee5ng di \u0111\u1ed9ng nh\u00e0 c\u00e1i\" width=\"800\" height=\"400\" srcset=\"https:\/\/fun88dt.com\/wp-content\/uploads\/2026\/04\/uu-diem-khi-so-huu-ung-dung-di-dong-nha-cai.webp 800w, https:\/\/fun88dt.com\/wp-content\/uploads\/2026\/04\/uu-diem-khi-so-huu-ung-dung-di-dong-nha-cai-300x150.webp 300w, https:\/\/fun88dt.com\/wp-content\/uploads\/2026\/04\/uu-diem-khi-so-huu-ung-dung-di-dong-nha-cai-768x384.webp 768w\" sizes=\"auto, (max-width: 800px) 100vw, 800px\" \/><figcaption id=\"caption-attachment-68\" class=\"wp-caption-text\">\u01afu \u0111i\u1ec3m khi s\u1edf h\u1eefu \u1ee9ng d\u1ee5ng di \u0111\u1ed9ng nh\u00e0 c\u00e1i<\/figcaption><\/figure>\n<p style=\"text-align: justify;\">S\u1ef1 kh\u00e1c bi\u1ec7t l\u1edbn nh\u1ea5t khi s\u1eed d\u1ee5ng ph\u1ea7n m\u1ec1m chuy\u00ean d\u1ee5ng ch\u00ednh l\u00e0 t\u1ed1c \u0111\u1ed9 ph\u1ea3n h\u1ed3i c\u00e1c k\u00e8o \u0111\u1ea5u tr\u1ef1c ti\u1ebfp di\u1ec5n ra v\u00f4 c\u00f9ng nhanh ch\u00f3ng v\u00e0 ch\u00ednh x\u00e1c. Vi\u1ec7c <strong>t\u1ea3i app FUN88<\/strong> c\u00f2n gi\u00fap ng\u01b0\u1eddi ch\u01a1i nh\u1eadn \u0111\u01b0\u1ee3c th\u00f4ng b\u00e1o v\u1ec1 c\u00e1c ch\u01b0\u01a1ng tr\u00ecnh \u01b0u \u0111\u00e3i m\u1edbi nh\u1ea5t ngay tr\u00ean m\u00e0n h\u00ecnh kh\u00f3a \u0111i\u1ec7n tho\u1ea1i m\u00e0 kh\u00f4ng c\u1ea7n \u0111\u0103ng nh\u1eadp.<\/p>\n<h3 style=\"text-align: justify;\"><strong>T\u1ed1i \u01b0u h\u00f3a dung l\u01b0\u1ee3ng<\/strong><\/h3>\n<p style=\"text-align: justify;\">\u1ee8ng d\u1ee5ng \u0111\u01b0\u1ee3c thi\u1ebft k\u1ebf v\u1edbi c\u1ea5u tr\u00fac tinh g\u1ecdn, kh\u00f4ng chi\u1ebfm qu\u00e1 nhi\u1ec1u t\u00e0i nguy\u00ean m\u00e1y nh\u01b0ng v\u1eabn \u0111\u1ea3m b\u1ea3o \u0111\u1ea7y \u0111\u1ee7 c\u00e1c t\u00ednh n\u0103ng n\u1ea1p r\u00fat v\u00e0 h\u1ed7 tr\u1ee3 tr\u1ef1c tuy\u1ebfn. \u0110i\u1ec1u n\u00e0y gi\u00fap thi\u1ebft b\u1ecb di \u0111\u1ed9ng ho\u1ea1t \u0111\u1ed9ng b\u1ec1n b\u1ec9, kh\u00f4ng b\u1ecb n\u00f3ng m\u00e1y hay ti\u00eau hao qu\u00e1 nhi\u1ec1u dung l\u01b0\u1ee3ng pin trong su\u1ed1t qu\u00e1 tr\u00ecnh c\u00e1 c\u01b0\u1ee3c k\u00e9o d\u00e0i.<\/p>\n<h3 style=\"text-align: justify;\"><strong>B\u1ea3o m\u1eadt \u0111a t\u1ea7ng<\/strong><\/h3>\n<p style=\"text-align: justify;\">H\u1ec7 th\u1ed1ng m\u00e3 h\u00f3a SSL 128 bit k\u1ebft h\u1ee3p c\u00f9ng t\u01b0\u1eddng l\u1eeda k\u00e9p t\u1ea1o n\u00ean m\u1ed9t l\u1edbp k\u00e9n b\u1ea3o v\u1ec7 v\u1eefng ch\u1eafc cho m\u1ecdi giao d\u1ecbch t\u00e0i ch\u00ednh c\u1ee7a kh\u00e1ch h\u00e0ng. Khi ng\u01b0\u1eddi ch\u01a1i ho\u00e0n t\u1ea5t vi\u1ec7c <strong>t\u1ea3i app FUN88<\/strong>, m\u1ecdi ho\u1ea1t \u0111\u1ed9ng c\u00e1 nh\u00e2n \u0111\u1ec1u \u0111\u01b0\u1ee3c \u1ea9n danh v\u00e0 b\u1ea3o v\u1ec7 nghi\u00eam ng\u1eb7t kh\u1ecfi s\u1ef1 nh\u00f2m ng\u00f3 c\u1ee7a c\u00e1c t\u1ed5 ch\u1ee9c b\u00ean th\u1ee9 ba.<\/p>\n<h3 style=\"text-align: justify;\"><strong>Th\u1ef1c hi\u1ec7n nhanh<\/strong><\/h3>\n<p style=\"text-align: justify;\">Ti\u1ebfn tr\u00ecnh t\u1ea3i xu\u1ed1ng v\u00e0 gi\u1ea3i n\u00e9n b\u1ed9 c\u00e0i \u0111\u01b0\u1ee3c t\u1ef1 \u0111\u1ed9ng h\u00f3a t\u1ed1i \u0111a, gi\u00fap ng\u01b0\u1eddi d\u00f9ng ti\u1ebft ki\u1ec7m th\u1eddi gian v\u00e0 c\u00f3 th\u1ec3 b\u1eaft \u0111\u1ea7u c\u00e1 c\u01b0\u1ee3c ch\u1ec9 sau v\u00e0i ph\u00fat ng\u1eafn ng\u1ee7i. S\u1ef1 \u0111\u1ed3ng b\u1ed9 h\u00f3a d\u1eef li\u1ec7u gi\u1eefa b\u1ea3n web v\u00e0 b\u1ea3n \u1ee9ng d\u1ee5ng di\u1ec5n ra t\u1ee9c th\u00ec, gi\u00fap s\u1ed1 d\u01b0 t\u00e0i kho\u1ea3n c\u1ee7a b\u1ea1n lu\u00f4n \u0111\u01b0\u1ee3c c\u1eadp nh\u1eadt ch\u00ednh x\u00e1c theo th\u1eddi gian th\u1ef1c.<\/p>\n<h3 style=\"text-align: justify;\"><strong>Tr\u1ea3i nghi\u1ec7m \u0111\u1ed3 h\u1ecda 4K<\/strong><\/h3>\n<p style=\"text-align: justify;\">S\u1ef1 \u0111\u1ea7u t\u01b0 v\u00e0o m\u1ea3ng h\u00ecnh \u1ea3nh mang l\u1ea1i c\u1ea3m gi\u00e1c ch\u00e2n th\u1ef1c nh\u01b0 \u0111ang ng\u1ed3i t\u1ea1i c\u00e1c s\u00f2ng b\u00e0i \u0111\u1eb3ng c\u1ea5p th\u1ebf gi\u1edbi v\u1edbi m\u00e0u s\u1eafc s\u1eafc n\u00e9t v\u00e0 \u00e2m thanh s\u1ed1ng \u0111\u1ed9ng. M\u1ecdi chi ti\u1ebft nh\u1ecf trong c\u00e1c tr\u00f2 ch\u01a1i n\u1ed5 h\u0169 hay baccarat \u0111\u1ec1u \u0111\u01b0\u1ee3c t\u00e1i hi\u1ec7n t\u1ec9 m\u1ec9, gi\u00fap n\u00e2ng t\u1ea7m c\u1ea3m x\u00fac cho ng\u01b0\u1eddi tham gia m\u1ed7i khi gi\u00e0nh chi\u1ebfn th\u1eafng.<\/p>\n<h2 style=\"text-align: justify;\"><strong>C\u00e1c l\u01b0u \u00fd c\u1ea7n thi\u1ebft \u0111\u1ec3 t\u1ea3i app FUN88 th\u00e0nh c\u00f4ng<\/strong><\/h2>\n<figure id=\"attachment_71\" aria-describedby=\"caption-attachment-71\" style=\"width: 800px\" class=\"wp-caption aligncenter\"><img loading=\"lazy\" decoding=\"async\" class=\"wp-image-71 size-full\" src=\"https:\/\/fun88dt.com\/wp-content\/uploads\/2026\/04\/nhung-dieu-can-biet-de-cai-dat-thuan-loi.webp\" alt=\"Nh\u1eefng \u0111i\u1ec1u c\u1ea7n bi\u1ebft \u0111\u1ec3 c\u00e0i \u0111\u1eb7t thu\u1eadn l\u1ee3i\" width=\"800\" height=\"400\" srcset=\"https:\/\/fun88dt.com\/wp-content\/uploads\/2026\/04\/nhung-dieu-can-biet-de-cai-dat-thuan-loi.webp 800w, https:\/\/fun88dt.com\/wp-content\/uploads\/2026\/04\/nhung-dieu-can-biet-de-cai-dat-thuan-loi-300x150.webp 300w, https:\/\/fun88dt.com\/wp-content\/uploads\/2026\/04\/nhung-dieu-can-biet-de-cai-dat-thuan-loi-768x384.webp 768w\" sizes=\"auto, (max-width: 800px) 100vw, 800px\" \/><figcaption id=\"caption-attachment-71\" class=\"wp-caption-text\">Nh\u1eefng \u0111i\u1ec1u c\u1ea7n bi\u1ebft \u0111\u1ec3 c\u00e0i \u0111\u1eb7t thu\u1eadn l\u1ee3i<\/figcaption><\/figure>\n<p style=\"text-align: justify;\">\u0110\u1ec3 qu\u00e1 tr\u00ecnh <strong>t\u1ea3i app FUN88 <\/strong>di\u1ec5n ra su\u00f4n s\u1ebb, ng\u01b0\u1eddi tham gia c\u1ea7n tu\u00e2n th\u1ee7 nghi\u00eam ng\u1eb7t c\u00e1c ch\u1ec9 d\u1eabn v\u1ec1 m\u1eb7t k\u1ef9 thu\u1eadt v\u00e0 kh\u00f4ng n\u00ean t\u1ef1 \u00fd thay \u0111\u1ed5i c\u1ea5u tr\u00fac t\u1ec7p tin. D\u01b0\u1edbi \u0111\u00e2y l\u00e0 b\u1ea3ng so s\u00e1nh th\u00f4ng s\u1ed1 k\u1ef9 thu\u1eadt gi\u1eefa c\u00e1c n\u1ec1n t\u1ea3ng \u0111\u1ec3 b\u1ea1n c\u00f3 c\u00e1i nh\u00ecn t\u1ed5ng quan nh\u1ea5t:<\/p>\n<p style=\"text-align: justify;\">Khi quy\u1ebft \u0111\u1ecbnh th\u1ef1c hi\u1ec7n vi\u1ec7c <strong>t\u1ea3i app FUN88<\/strong>, kh\u00e1ch h\u00e0ng n\u00ean l\u01b0u t\u00e2m \u0111\u1ebfn c\u00e1c kh\u00eda c\u1ea1nh li\u00ean quan \u0111\u1ebfn qu\u1ea3n l\u00fd t\u00e0i nguy\u00ean v\u00e0 k\u1ebft n\u1ed1i \u0111\u1ec3 \u0111\u1ea1t \u0111\u01b0\u1ee3c hi\u1ec7u qu\u1ea3 t\u1ed1t nh\u1ea5t:<\/p>\n<ul style=\"text-align: justify;\">\n<li>\u0110\u1ea3m b\u1ea3o r\u1eb1ng thi\u1ebft b\u1ecb di \u0111\u1ed9ng c\u1ee7a b\u1ea1n v\u1eabn c\u00f2n t\u1ed1i thi\u1ec3u 500MB kh\u00f4ng gian l\u01b0u tr\u1eef tr\u1ed1ng \u0111\u1ec3 ph\u1ea7n m\u1ec1m c\u00f3 th\u1ec3 t\u1ea1o c\u00e1c t\u1ec7p \u0111\u1ec7m trong qu\u00e1 tr\u00ecnh v\u1eadn h\u00e0nh m\u01b0\u1ee3t m\u00e0.<\/li>\n<li>Lu\u00f4n s\u1eed d\u1ee5ng m\u1ea1ng Wifi c\u00e1 nh\u00e2n ho\u1eb7c k\u1ebft n\u1ed1i 4G\/5G c\u00f3 \u0111\u01b0\u1eddng truy\u1ec1n \u1ed5n \u0111\u1ecbnh \u0111\u1ec3 tr\u00e1nh t\u00ecnh tr\u1ea1ng t\u1ec7p tin b\u1ecb l\u1ed7i trong l\u00fac \u0111ang t\u1ea3i xu\u1ed1ng gi\u1eefa ch\u1eebng.<\/li>\n<li>Th\u01b0\u1eddng xuy\u00ean c\u1eadp nh\u1eadt phi\u00ean b\u1ea3n m\u1edbi nh\u1ea5t t\u1eeb trang ch\u1ee7 c\u1ee7a nh\u00e0 c\u00e1i nh\u1eb1m v\u00e1 c\u00e1c l\u1ed7 h\u1ed5ng b\u1ea3o m\u1eadt v\u00e0 tr\u1ea3i nghi\u1ec7m th\u00eam nh\u1eefng t\u00ednh n\u0103ng gi\u1ea3i tr\u00ed m\u1edbi \u0111\u01b0\u1ee3c b\u1ed5 sung \u0111\u1ecbnh k\u1ef3.<\/li>\n<li>N\u1ebfu g\u1eb7p b\u1ea5t k\u1ef3 kh\u00f3 kh\u0103n n\u00e0o trong l\u00fac <strong>t\u1ea3i app FUN88<\/strong>, h\u00e3y li\u00ean h\u1ec7 ngay v\u1edbi \u0111\u1ed9i ng\u0169 ch\u0103m s\u00f3c kh\u00e1ch h\u00e0ng tr\u1ef1c tuy\u1ebfn \u0111\u1ec3 nh\u1eadn \u0111\u01b0\u1ee3c s\u1ef1 h\u1ed7 tr\u1ee3 k\u1ecbp th\u1eddi v\u00e0 ch\u00ednh x\u00e1c nh\u1ea5t.<\/li>\n<li>Ng\u01b0\u1eddi ch\u01a1i n\u00ean \u0111\u0103ng xu\u1ea5t t\u00e0i kho\u1ea3n tr\u00ean c\u00e1c thi\u1ebft b\u1ecb c\u00f4ng c\u1ed9ng tr\u01b0\u1edbc khi th\u1ef1c hi\u1ec7n \u0111\u0103ng nh\u1eadp v\u00e0o \u1ee9ng d\u1ee5ng tr\u00ean \u0111i\u1ec7n tho\u1ea1i c\u00e1 nh\u00e2n \u0111\u1ec3 t\u0103ng c\u01b0\u1eddng t\u00ednh an to\u00e0n cho s\u1ed1 d\u01b0 hi\u1ec7n c\u00f3.<\/li>\n<li>Vi\u1ec7c c\u00e0i \u0111\u1eb7t ph\u1ea7n m\u1ec1m di \u0111\u1ed9ng l\u00e0 ho\u00e0n to\u00e0n mi\u1ec5n ph\u00ed, do \u0111\u00f3 n\u1ebfu b\u1ea1n b\u1ecb y\u00eau c\u1ea7u tr\u1ea3 ti\u1ec1n th\u00ec h\u00e3y d\u1eebng l\u1ea1i ngay l\u1eadp t\u1ee9c v\u00ec \u0111\u00f3 ch\u1eafc ch\u1eafn l\u00e0 \u0111\u1ecba ch\u1ec9 l\u1eeba \u0111\u1ea3o.<\/li>\n<li>H\u1ec7 th\u1ed1ng m\u00e1y ch\u1ee7 c\u1ee7a nh\u00e0 c\u00e1i <strong>FUN88<\/strong> lu\u00f4n s\u1eb5n s\u00e0ng ti\u1ebfp nh\u1eadn h\u00e0ng tri\u1ec7u l\u01b0\u1ee3t truy c\u1eadp c\u00f9ng l\u00fac, v\u00ec th\u1ebf b\u1ea1n c\u00f3 th\u1ec3 an t\u00e2m v\u1ec1 \u0111\u1ed9 \u1ed5n \u0111\u1ecbnh c\u1ee7a \u0111\u01b0\u1eddng truy\u1ec1n d\u1eef li\u1ec7u.<\/li>\n<\/ul>\n<h2 style=\"text-align: justify;\"><strong>K\u1ebft lu\u1eadn<\/strong><\/h2>\n<p style=\"text-align: justify;\"><strong>t\u1ea3i app FUN88<\/strong> ch\u00ednh l\u00e0 b\u01b0\u1edbc ngo\u1eb7t quan tr\u1ecdng gi\u00fap b\u1ea1n l\u00e0m ch\u1ee7 m\u1ecdi cu\u1ed9c vui c\u00e1 c\u01b0\u1ee3c m\u1ed9t c\u00e1ch ch\u1ee7 \u0111\u1ed9ng v\u00e0 an to\u00e0n nh\u1ea5t tr\u00ean n\u1ec1n t\u1ea3ng di \u0111\u1ed9ng hi\u1ec7n \u0111\u1ea1i. S\u1edf h\u1eefu \u1ee9ng d\u1ee5ng trong tay \u0111\u1ed3ng ngh\u0129a v\u1edbi vi\u1ec7c b\u1ea1n \u0111ang n\u1eafm gi\u1eef ch\u00eca kh\u00f3a m\u1edf ra kho t\u00e0ng tr\u00f2 ch\u01a1i kh\u1ed5ng l\u1ed3 c\u00f9ng nh\u1eefng c\u01a1 h\u1ed9i l\u00e0m gi\u00e0u nhanh ch\u00f3ng t\u1eeb c\u00e1c gi\u1ea3i \u0111\u1ea5u th\u1ec3 thao h\u00e0ng \u0111\u1ea7u. H\u00e3y nhanh tay c\u00e0i \u0111\u1eb7t ph\u1ea7n m\u1ec1m c\u1ee7a <strong>FUN88<\/strong> ngay h\u00f4m nay \u0111\u1ec3 kh\u00f4ng b\u1ecf l\u1ee1 b\u1ea5t k\u1ef3 kho\u1ea3nh kh\u1eafc chi\u1ebfn th\u1eafng r\u1ef1c r\u1ee1 n\u00e0o!<\/p>\n","protected":false},"excerpt":{"rendered":"<p>T\u1ea3i app FUN88 kh\u1edfi \u0111\u1ea7u cho h\u00e0nh tr\u00ecnh kh\u00e1m ph\u00e1 kh\u00f4ng gian \u0111\u1eb7t c\u01b0\u1ee3c chuy\u00ean nghi\u1ec7p ngay tr\u00ean thi\u1ebft b\u1ecb c\u1ea7m tay c\u00e1 nh\u00e2n c\u1ee7a m\u1ed7i kh\u00e1ch h\u00e0ng v\u1edbi s\u1ef1 ti\u1ec7n l\u1ee3i v\u01b0\u1ee3t tr\u1ed9i. Vi\u1ec7c t\u00edch h\u1ee3p c\u00f4ng ngh\u1ec7 m\u00e3 h\u00f3a ti\u00ean ti\u1ebfn v\u00e0o \u1ee9ng d\u1ee5ng gi\u00fap m\u1ecdi thao t\u00e1c chuy\u1ec3n qu\u1ef9 hay tham gia [&#8230;]\n","protected":false},"author":1,"featured_media":70,"parent":0,"menu_order":0,"comment_status":"closed","ping_status":"closed","template":"","meta":{"footnotes":""},"class_list":["post-98","page","type-page","status-publish","has-post-thumbnail","hentry"],"_links":{"self":[{"href":"https:\/\/fun88dt.com\/index.php\/wp-json\/wp\/v2\/pages\/98","targetHints":{"allow":["GET"]}}],"collection":[{"href":"https:\/\/fun88dt.com\/index.php\/wp-json\/wp\/v2\/pages"}],"about":[{"href":"https:\/\/fun88dt.com\/index.php\/wp-json\/wp\/v2\/types\/page"}],"author":[{"embeddable":true,"href":"https:\/\/fun88dt.com\/index.php\/wp-json\/wp\/v2\/users\/1"}],"replies":[{"embeddable":true,"href":"https:\/\/fun88dt.com\/index.php\/wp-json\/wp\/v2\/comments?post=98"}],"version-history":[{"count":1,"href":"https:\/\/fun88dt.com\/index.php\/wp-json\/wp\/v2\/pages\/98\/revisions"}],"predecessor-version":[{"id":122,"href":"https:\/\/fun88dt.com\/index.php\/wp-json\/wp\/v2\/pages\/98\/revisions\/122"}],"wp:featuredmedia":[{"embeddable":true,"href":"https:\/\/fun88dt.com\/index.php\/wp-json\/wp\/v2\/media\/70"}],"wp:attachment":[{"href":"https:\/\/fun88dt.com\/index.php\/wp-json\/wp\/v2\/media?parent=98"}],"curies":[{"name":"wp","href":"https:\/\/api.w.org\/{rel}","templated":true}]}}