{"id":99,"date":"2026-04-13T03:04:52","date_gmt":"2026-04-13T03:04:52","guid":{"rendered":"https:\/\/fun88dt.com\/index.php\/nap-tien-fun88\/"},"modified":"2026-04-13T03:10:55","modified_gmt":"2026-04-13T03:10:55","slug":"nap-tien-fun88","status":"publish","type":"page","link":"https:\/\/fun88dt.com\/index.php\/nap-tien-fun88\/","title":{"rendered":"N\u1ea1p Ti\u1ec1n FUN88 &#8211; Nh\u1eadn Ng\u00e0n \u01afu \u0110\u00e3i H\u1ea5p D\u1eabn Nh\u1ea5t 2026"},"content":{"rendered":"<p style=\"text-align: justify;\"><a href=\"https:\/\/fun88dt.com\/nap-tien-fun88\/\" target=\"_blank\" rel=\"noopener\"><strong>N\u1ea1p ti\u1ec1n FUN88<\/strong><\/a> hi\u1ec7n nay \u0111\u01b0\u1ee3c xem l\u00e0 thao t\u00e1c quan tr\u1ecdng nh\u1ea5t \u0111\u1ec3 c\u00e1c game th\u1ee7 b\u1eaft \u0111\u1ea7u h\u00e0nh tr\u00ecnh chinh ph\u1ee5c nh\u1eefng gi\u1ea3i th\u01b0\u1edfng gi\u00e1 tr\u1ecb t\u1ea1i s\u00e2n ch\u01a1i n\u00e0y. Vi\u1ec7c chuy\u1ec3n v\u1ed1n v\u00e0o t\u00e0i kho\u1ea3n kh\u00f4ng ch\u1ec9 \u0111\u01a1n thu\u1ea7n l\u00e0 n\u1ea1p ti\u1ec1n m\u00e0 c\u00f2n l\u00e0 c\u00e1ch th\u1ee9c k\u00edch ho\u1ea1t c\u00e1c ch\u01b0\u01a1ng tr\u00ecnh khuy\u1ebfn m\u00e3i v\u00f4 c\u00f9ng h\u1ea5p d\u1eabn \u0111ang ch\u1edd \u0111\u1ee3i. Anh em c\u1ea7n n\u1eafm v\u1eefng quy tr\u00ecnh \u0111\u1ec3 \u0111\u1ea3m b\u1ea3o giao d\u1ecbch di\u1ec5n ra thu\u1eadn l\u1ee3i t\u1ea1i <a href=\"https:\/\/fun88dt.com\/\" target=\"_blank\" rel=\"noopener\"><strong>fun88 com<\/strong><\/a>.<\/p>\n<h2 style=\"text-align: justify;\"><strong>Nh\u1eefng ph\u01b0\u01a1ng th\u1ee9c n\u1ea1p ti\u1ec1n FUN88 an to\u00e0n v\u00e0 ph\u1ed5 bi\u1ebfn<\/strong><\/h2>\n<figure id=\"attachment_66\" aria-describedby=\"caption-attachment-66\" style=\"width: 800px\" class=\"wp-caption aligncenter\"><img loading=\"lazy\" decoding=\"async\" class=\"wp-image-66 size-full\" src=\"https:\/\/fun88dt.com\/wp-content\/uploads\/2026\/04\/can-nam-ro-cac-cach-thuc-nap-tien-fun88-thuan-tien.webp\" alt=\"C\u1ea7n n\u1eafm r\u00f5 c\u00e1c c\u00e1ch th\u1ee9c n\u1ea1p ti\u1ec1n FUN88 thu\u1eadn ti\u1ec7n\" width=\"800\" height=\"400\" srcset=\"https:\/\/fun88dt.com\/wp-content\/uploads\/2026\/04\/can-nam-ro-cac-cach-thuc-nap-tien-fun88-thuan-tien.webp 800w, https:\/\/fun88dt.com\/wp-content\/uploads\/2026\/04\/can-nam-ro-cac-cach-thuc-nap-tien-fun88-thuan-tien-300x150.webp 300w, https:\/\/fun88dt.com\/wp-content\/uploads\/2026\/04\/can-nam-ro-cac-cach-thuc-nap-tien-fun88-thuan-tien-768x384.webp 768w\" sizes=\"auto, (max-width: 800px) 100vw, 800px\" \/><figcaption id=\"caption-attachment-66\" class=\"wp-caption-text\">C\u1ea7n n\u1eafm r\u00f5 c\u00e1c c\u00e1ch th\u1ee9c n\u1ea1p ti\u1ec1n FUN88 thu\u1eadn ti\u1ec7n<\/figcaption><\/figure>\n<p style=\"text-align: justify;\">Hi\u1ec7n nay, h\u1ec7 th\u1ed1ng c\u00e1 c\u01b0\u1ee3c n\u00e0y \u0111\u00e3 t\u00edch h\u1ee3p r\u1ea5t nhi\u1ec1u k\u00eanh giao d\u1ecbch hi\u1ec7n \u0111\u1ea1i nh\u1eb1m t\u1ed1i \u01b0u h\u00f3a tr\u1ea3i nghi\u1ec7m ng\u01b0\u1eddi d\u00f9ng. Vi\u1ec7c th\u1ef1c hi\u1ec7n <strong>n\u1ea1p ti\u1ec1n FUN88<\/strong> tr\u1edf n\u00ean linh ho\u1ea1t h\u01a1n bao gi\u1edd h\u1ebft khi ng\u01b0\u1eddi ch\u01a1i c\u00f3 th\u1ec3 l\u1ef1a ch\u1ecdn t\u1eeb chuy\u1ec3n kho\u1ea3n ng\u00e2n h\u00e0ng \u0111\u1ebfn v\u00ed \u0111i\u1ec7n t\u1eed. D\u01b0\u1edbi \u0111\u00e2y l\u00e0 b\u1ea3ng t\u1ed5ng h\u1ee3p c\u00e1c th\u00f4ng s\u1ed1 k\u1ef9 thu\u1eadt v\u00e0 gi\u1edbi h\u1ea1n giao d\u1ecbch c\u1ee5 th\u1ec3 m\u00e0 game th\u1ee7 c\u1ea7n l\u01b0u \u00fd \u0111\u1ec3 th\u1ef1c hi\u1ec7n m\u1ed9t c\u00e1ch ch\u00ednh x\u00e1c nh\u1ea5t:<\/p>\n<p style=\"text-align: justify;\">Vi\u1ec7c th\u1ea5u hi\u1ec3u c\u00e1c con s\u1ed1 v\u1ec1 th\u1eddi gian v\u00e0 h\u1ea1n m\u1ee9c s\u1ebd gi\u00fap b\u1ea1n ch\u1ee7 \u0111\u1ed9ng h\u01a1n trong m\u1ecdi t\u00ecnh hu\u1ed1ng t\u00e0i ch\u00ednh. H\u1ec7 th\u1ed1ng c\u1ee7a <strong>FUN88<\/strong> lu\u00f4n cam k\u1ebft t\u00ednh minh b\u1ea1ch v\u00e0 \u0111\u1ed9 ch\u00ednh x\u00e1c trong t\u1eebng l\u1ec7nh chuy\u1ec3n ti\u1ec1n c\u1ee7a h\u1ed9i vi\u00ean.<\/p>\n<h2 style=\"text-align: justify;\"><strong>\u01afu \u0111i\u1ec3m v\u01b0\u1ee3t tr\u1ed9i khi th\u1ef1c hi\u1ec7n n\u1ea1p ti\u1ec1n FUN88 hi\u1ec7n nay<\/strong><\/h2>\n<figure id=\"attachment_64\" aria-describedby=\"caption-attachment-64\" style=\"width: 800px\" class=\"wp-caption aligncenter\"><img loading=\"lazy\" decoding=\"async\" class=\"wp-image-64 size-full\" src=\"https:\/\/fun88dt.com\/wp-content\/uploads\/2026\/04\/loi-ich-noi-bat-khi-giao-dich-tai-chinh-tai-day.webp\" alt=\"L\u1ee3i \u00edch n\u1ed5i b\u1eadt khi giao d\u1ecbch t\u00e0i ch\u00ednh t\u1ea1i \u0111\u00e2y\" width=\"800\" height=\"400\" srcset=\"https:\/\/fun88dt.com\/wp-content\/uploads\/2026\/04\/loi-ich-noi-bat-khi-giao-dich-tai-chinh-tai-day.webp 800w, https:\/\/fun88dt.com\/wp-content\/uploads\/2026\/04\/loi-ich-noi-bat-khi-giao-dich-tai-chinh-tai-day-300x150.webp 300w, https:\/\/fun88dt.com\/wp-content\/uploads\/2026\/04\/loi-ich-noi-bat-khi-giao-dich-tai-chinh-tai-day-768x384.webp 768w\" sizes=\"auto, (max-width: 800px) 100vw, 800px\" \/><figcaption id=\"caption-attachment-64\" class=\"wp-caption-text\">L\u1ee3i \u00edch n\u1ed5i b\u1eadt khi giao d\u1ecbch t\u00e0i ch\u00ednh t\u1ea1i \u0111\u00e2y<\/figcaption><\/figure>\n<p style=\"text-align: justify;\">H\u1ec7 th\u1ed1ng giao d\u1ecbch t\u1ea1i \u0111\u00e2y \u0111\u01b0\u1ee3c thi\u1ebft k\u1ebf \u0111\u1ec3 mang l\u1ea1i s\u1ef1 ti\u1ec7n nghi v\u00e0 an to\u00e0n tuy\u1ec7t \u0111\u1ed1i cho m\u1ecdi kh\u00e1ch h\u00e0ng. Th\u01b0\u01a1ng hi\u1ec7u <strong>FUN88<\/strong> lu\u00f4n ch\u00fa tr\u1ecdng \u0111\u1ea7u t\u01b0 v\u00e0o n\u1ec1n t\u1ea3ng c\u00f4ng ngh\u1ec7 t\u00e0i ch\u00ednh \u0111\u1ec3 b\u1ea3o v\u1ec7 quy\u1ec1n l\u1ee3i ng\u01b0\u1eddi d\u00f9ng m\u1ed9t c\u00e1ch t\u1ed1i \u01b0u.<\/p>\n<ul style=\"text-align: justify;\">\n<li>T\u1ed1c \u0111\u1ed9 x\u1eed l\u00fd d\u1eef li\u1ec7u \u0111\u01b0\u1ee3c c\u1ea3i ti\u1ebfn v\u01b0\u1ee3t b\u1eadc gi\u00fap gi\u1ea3m thi\u1ec3u th\u1eddi gian ch\u1edd \u0111\u1ee3i c\u1ee7a ng\u01b0\u1eddi ch\u01a1i xu\u1ed1ng m\u1ee9c th\u1ea5p nh\u1ea5t.<\/li>\n<li>H\u1ec7 th\u1ed1ng m\u00e3 h\u00f3a \u0111a t\u1ea7ng gi\u00fap b\u1ea3o m\u1eadt th\u00f4ng tin c\u00e1 nh\u00e2n v\u00e0 l\u1ecbch s\u1eed giao d\u1ecbch kh\u1ecfi m\u1ecdi s\u1ef1 x\u00e2m nh\u1eadp t\u1eeb b\u00ean ngo\u00e0i.<\/li>\n<li>\u0110\u1ed9i ng\u0169 chuy\u00ean vi\u00ean k\u1ef9 thu\u1eadt lu\u00f4n s\u1eb5n s\u00e0ng h\u1ed7 tr\u1ee3 tr\u1ef1c tuy\u1ebfn 24\/7 \u0111\u1ec3 gi\u1ea3i quy\u1ebft m\u1ecdi s\u1ef1 c\u1ed1 ph\u00e1t sinh khi th\u1ef1c hi\u1ec7n <strong>n\u1ea1p ti\u1ec1n FUN88<\/strong>.<\/li>\n<li>S\u1ef1 \u0111a d\u1ea1ng trong c\u00e1c k\u00eanh li\u00ean k\u1ebft ng\u00e2n h\u00e0ng n\u1ed9i \u0111\u1ecba gi\u00fap ng\u01b0\u1eddi ch\u01a1i c\u00f3 nhi\u1ec1u s\u1ef1 l\u1ef1a ch\u1ecdn ph\u00f9 h\u1ee3p v\u1edbi \u0111i\u1ec1u ki\u1ec7n c\u00e1 nh\u00e2n.<\/li>\n<li>C\u00e1c ch\u01b0\u01a1ng tr\u00ecnh ho\u00e0n ti\u1ec1n v\u00e0 t\u1eb7ng th\u01b0\u1edfng n\u1ea1p \u0111\u1ea7u lu\u00f4n \u0111\u01b0\u1ee3c c\u1eadp nh\u1eadt li\u00ean t\u1ee5c \u0111\u1ec3 gia t\u0103ng s\u1ed1 v\u1ed1n kh\u1edfi nghi\u1ec7p cho t\u00e2n th\u1ee7.<\/li>\n<li>Giao di\u1ec7n thao t\u00e1c \u0111\u01b0\u1ee3c t\u1ed1i gi\u1ea3n h\u00f3a t\u1ed1i \u0111a gi\u00fap ngay c\u1ea3 nh\u1eefng ng\u01b0\u1eddi m\u1edbi b\u1eaft \u0111\u1ea7u c\u0169ng c\u00f3 th\u1ec3 th\u1ef1c hi\u1ec7n th\u00e0nh c\u00f4ng ngay l\u1ea7n \u0111\u1ea7u.<\/li>\n<\/ul>\n<h2 style=\"text-align: justify;\"><strong>Quy tr\u00ecnh chu\u1ea9n \u0111\u1ec3 n\u1ea1p ti\u1ec1n FUN88 nhanh ch\u00f3ng nh\u1ea5t<\/strong><\/h2>\n<figure id=\"attachment_67\" aria-describedby=\"caption-attachment-67\" style=\"width: 800px\" class=\"wp-caption aligncenter\"><img loading=\"lazy\" decoding=\"async\" class=\"wp-image-67 size-full\" src=\"https:\/\/fun88dt.com\/wp-content\/uploads\/2026\/04\/thuc-hien-cac-buoc-chuyen-von-vao-tai-khoan-ca-cuoc.webp\" alt=\"Th\u1ef1c hi\u1ec7n c\u00e1c b\u01b0\u1edbc chuy\u1ec3n v\u1ed1n v\u00e0o t\u00e0i kho\u1ea3n c\u00e1 c\u01b0\u1ee3c\" width=\"800\" height=\"400\" srcset=\"https:\/\/fun88dt.com\/wp-content\/uploads\/2026\/04\/thuc-hien-cac-buoc-chuyen-von-vao-tai-khoan-ca-cuoc.webp 800w, https:\/\/fun88dt.com\/wp-content\/uploads\/2026\/04\/thuc-hien-cac-buoc-chuyen-von-vao-tai-khoan-ca-cuoc-300x150.webp 300w, https:\/\/fun88dt.com\/wp-content\/uploads\/2026\/04\/thuc-hien-cac-buoc-chuyen-von-vao-tai-khoan-ca-cuoc-768x384.webp 768w\" sizes=\"auto, (max-width: 800px) 100vw, 800px\" \/><figcaption id=\"caption-attachment-67\" class=\"wp-caption-text\">Th\u1ef1c hi\u1ec7n c\u00e1c b\u01b0\u1edbc chuy\u1ec3n v\u1ed1n v\u00e0o t\u00e0i kho\u1ea3n c\u00e1 c\u01b0\u1ee3c<\/figcaption><\/figure>\n<p style=\"text-align: justify;\">\u0110\u1ec3 b\u1eaft \u0111\u1ea7u qu\u00e1 tr\u00ecnh n\u00e0y, ng\u01b0\u1eddi ch\u01a1i c\u1ea7n truy c\u1eadp v\u00e0o giao di\u1ec7n ch\u00ednh th\u1ee9c v\u00e0 th\u1ef1c hi\u1ec7n theo c\u00e1c ch\u1ec9 d\u1eabn logic t\u1eeb h\u1ec7 th\u1ed1ng. Vi\u1ec7c tu\u00e2n th\u1ee7 \u0111\u00fang c\u00e1c b\u01b0\u1edbc k\u1ef9 thu\u1eadt <strong>n\u1ea1p ti\u1ec1n FUN88 <\/strong>s\u1ebd gi\u00fap d\u00f2ng ti\u1ec1n c\u1ee7a b\u1ea1n \u0111\u01b0\u1ee3c c\u1eadp nh\u1eadt v\u00e0o v\u00ed game ch\u1ec9 trong t\u00edch t\u1eafc.<\/p>\n<h3 style=\"text-align: justify;\"><strong>\u0110\u0103ng nh\u1eadp v\u00e0 ch\u1ecdn m\u1ee5c g\u1eedi ti\u1ec1n<\/strong><\/h3>\n<p style=\"text-align: justify;\">Ng\u01b0\u1eddi ch\u01a1i ti\u1ebfn h\u00e0nh truy c\u1eadp v\u00e0o t\u00e0i kho\u1ea3n c\u00e1 nh\u00e2n \u0111\u00e3 \u0111\u0103ng k\u00fd tr\u00ean h\u1ec7 th\u1ed1ng c\u1ee7a nh\u00e0 c\u00e1i. Sau \u0111\u00f3, h\u00e3y quan s\u00e1t g\u00f3c tr\u00ean m\u00e0n h\u00ecnh \u0111\u1ec3 t\u00ecm ki\u1ebfm thanh c\u00f4ng c\u1ee5 d\u1eabn \u0111\u1ebfn m\u1ee5c qu\u1ea3n l\u00fd t\u00e0i ch\u00ednh.<\/p>\n<h3 style=\"text-align: justify;\"><strong>L\u1ef1a ch\u1ecdn k\u00eanh ph\u00f9 h\u1ee3p<\/strong><\/h3>\n<p style=\"text-align: justify;\">T\u1ea1i \u0111\u00e2y, h\u1ec7 th\u1ed1ng s\u1ebd hi\u1ec3n th\u1ecb m\u1ed9t danh s\u00e1ch c\u00e1c c\u1ed5ng thanh to\u00e1n \u0111ang ho\u1ea1t \u0111\u1ed9ng \u1ed5n \u0111\u1ecbnh nh\u1ea5t. B\u1ea1n n\u00ean \u01b0u ti\u00ean l\u1ef1a ch\u1ecdn nh\u1eefng ph\u01b0\u01a1ng th\u1ee9c m\u00e0 m\u00ecnh th\u01b0\u1eddng xuy\u00ean s\u1eed d\u1ee5ng \u0111\u1ec3 \u0111\u1ea3m b\u1ea3o t\u00ednh x\u00e1c th\u1ef1c th\u00f4ng tin.<\/p>\n<h3 style=\"text-align: justify;\"><strong>Ho\u00e0n t\u1ea5t th\u00f4ng tin n\u1ea1p ti\u1ec1n FUN88<\/strong><\/h3>\n<p style=\"text-align: justify;\">Ng\u01b0\u1eddi ch\u01a1i c\u1ea7n \u0111i\u1ec1n ch\u00ednh x\u00e1c s\u1ed1 ti\u1ec1n mu\u1ed1n n\u1ea1p v\u00e0 c\u00e1c th\u00f4ng tin \u0111\u1ecbnh danh theo y\u00eau c\u1ea7u c\u1ee7a t\u1eebng bi\u1ec3u m\u1eabu. Vi\u1ec7c ki\u1ec3m tra k\u1ef9 l\u01b0\u1ee1ng c\u00e1c k\u00fd t\u1ef1 v\u00e0 con s\u1ed1 tr\u01b0\u1edbc khi x\u00e1c nh\u1eadn s\u1ebd ng\u0103n ch\u1eb7n tri\u1ec7t \u0111\u1ec3 m\u1ecdi sai s\u00f3t \u0111\u00e1ng ti\u1ebfc.<\/p>\n<h3 style=\"text-align: justify;\"><strong>X\u00e1c nh\u1eadn giao d\u1ecbch<\/strong><\/h3>\n<p style=\"text-align: justify;\">Sau khi g\u1eedi l\u1ec7nh \u0111i, b\u1ea1n c\u1ea7n gi\u1eef l\u1ea1i h\u00f3a \u0111\u01a1n ho\u1eb7c \u1ea3nh ch\u1ee5p m\u00e0n h\u00ecnh giao d\u1ecbch \u0111\u1ec3 \u0111\u1ed1i chi\u1ebfu khi c\u1ea7n thi\u1ebft. Qu\u00e1 tr\u00ecnh ki\u1ec3m so\u00e1t v\u00e0 c\u1eadp nh\u1eadt s\u1ed1 d\u01b0 c\u1ee7a <strong>n\u1ea1p ti\u1ec1n FUN88<\/strong> s\u1ebd di\u1ec5n ra ho\u00e0n to\u00e0n t\u1ef1 \u0111\u1ed9ng b\u1edfi h\u1ec7 th\u1ed1ng m\u00e1y ch\u1ee7.<\/p>\n<p style=\"text-align: justify;\">B\u00ean c\u1ea1nh \u0111\u00f3, vi\u1ec7c duy tr\u00ec m\u1ed9t k\u1ebft n\u1ed1i m\u1ea1ng \u1ed5n \u0111\u1ecbnh trong su\u1ed1t qu\u00e1 tr\u00ecnh thao t\u00e1c l\u00e0 v\u00f4 c\u00f9ng c\u1ea7n thi\u1ebft \u0111\u1ec3 l\u1ec7nh g\u1eedi kh\u00f4ng b\u1ecb gi\u00e1n \u0111o\u1ea1n gi\u1eefa ch\u1eebng. M\u1ecdi th\u1eafc m\u1eafc v\u1ec1 t\u00ecnh tr\u1ea1ng l\u1ec7nh n\u1ea1p, ng\u01b0\u1eddi ch\u01a1i c\u00f3 th\u1ec3 li\u00ean h\u1ec7 ngay v\u1edbi b\u1ed9 ph\u1eadn ch\u0103m s\u00f3c kh\u00e1ch h\u00e0ng \u0111\u1ec3 \u0111\u01b0\u1ee3c gi\u1ea3i \u0111\u00e1p c\u1ee5 th\u1ec3.<\/p>\n<p style=\"text-align: justify;\">C\u00e1c con s\u1ed1 th\u1ed1ng k\u00ea cho th\u1ea5y h\u01a1n 98% giao d\u1ecbch <strong>n\u1ea1p ti\u1ec1n FUN88<\/strong> \u0111\u01b0\u1ee3c ho\u00e0n th\u00e0nh ch\u1ec9 trong v\u00f2ng ch\u01b0a \u0111\u1ea7y 5 ph\u00fat k\u1ec3 t\u1eeb l\u00fac x\u00e1c nh\u1eadn. \u0110\u00e2y l\u00e0 minh ch\u1ee9ng r\u00f5 n\u00e9t cho s\u1ef1 chuy\u00ean nghi\u1ec7p v\u00e0 uy t\u00edn m\u00e0 nh\u00e0 c\u00e1i \u0111\u00e3 d\u00e0y c\u00f4ng x\u00e2y d\u1ef1ng su\u1ed1t nhi\u1ec1u n\u0103m qua.<\/p>\n<h2 style=\"text-align: justify;\"><strong>K\u1ebft lu\u1eadn<\/strong><\/h2>\n<p style=\"text-align: justify;\"><strong>N\u1ea1p ti\u1ec1n FUN88<\/strong> l\u00e0 b\u01b0\u1edbc \u0111\u1ec7m ho\u00e0n h\u1ea3o \u0111\u1ec3 b\u1ea1n ch\u1ea1m tay v\u00e0o nh\u1eefng gi\u1ea5c m\u01a1 chinh ph\u1ee5c gi\u1ea3i th\u01b0\u1edfng l\u1edbn trong th\u1ebf gi\u1edbi c\u00e1 c\u01b0\u1ee3c tr\u1ef1c tuy\u1ebfn. Vi\u1ec7c l\u1ef1a ch\u1ecdn m\u1ed9t k\u00eanh giao d\u1ecbch th\u00f4ng minh v\u00e0 n\u1eafm ch\u1eafc c\u00e1c quy t\u1eafc b\u1ea3o m\u1eadt s\u1ebd gi\u00fap h\u00e0nh tr\u00ecnh c\u1ee7a anh em lu\u00f4n su\u00f4n s\u1ebb t\u1ea1i <strong>FUN88<\/strong>. H\u00e3y th\u1ef1c hi\u1ec7n l\u1ec7nh g\u1eedi ti\u1ec1n ngay b\u00e2y gi\u1edd \u0111\u1ec3 nh\u1eadn v\u1ec1 nh\u1eefng \u0111\u1eb7c quy\u1ec1n \u01b0u \u0111\u00e3i c\u00f3 m\u1ed9t kh\u00f4ng hai d\u00e0nh ri\u00eang cho h\u1ed9i vi\u00ean t\u00edch c\u1ef1c!<\/p>\n","protected":false},"excerpt":{"rendered":"<p>N\u1ea1p ti\u1ec1n FUN88 hi\u1ec7n nay \u0111\u01b0\u1ee3c xem l\u00e0 thao t\u00e1c quan tr\u1ecdng nh\u1ea5t \u0111\u1ec3 c\u00e1c game th\u1ee7 b\u1eaft \u0111\u1ea7u h\u00e0nh tr\u00ecnh chinh ph\u1ee5c nh\u1eefng gi\u1ea3i th\u01b0\u1edfng gi\u00e1 tr\u1ecb t\u1ea1i s\u00e2n ch\u01a1i n\u00e0y. Vi\u1ec7c chuy\u1ec3n v\u1ed1n v\u00e0o t\u00e0i kho\u1ea3n kh\u00f4ng ch\u1ec9 \u0111\u01a1n thu\u1ea7n l\u00e0 n\u1ea1p ti\u1ec1n m\u00e0 c\u00f2n l\u00e0 c\u00e1ch th\u1ee9c k\u00edch ho\u1ea1t c\u00e1c ch\u01b0\u01a1ng tr\u00ecnh [&#8230;]\n","protected":false},"author":1,"featured_media":62,"parent":0,"menu_order":0,"comment_status":"closed","ping_status":"closed","template":"","meta":{"footnotes":""},"class_list":["post-99","page","type-page","status-publish","has-post-thumbnail","hentry"],"_links":{"self":[{"href":"https:\/\/fun88dt.com\/index.php\/wp-json\/wp\/v2\/pages\/99","targetHints":{"allow":["GET"]}}],"collection":[{"href":"https:\/\/fun88dt.com\/index.php\/wp-json\/wp\/v2\/pages"}],"about":[{"href":"https:\/\/fun88dt.com\/index.php\/wp-json\/wp\/v2\/types\/page"}],"author":[{"embeddable":true,"href":"https:\/\/fun88dt.com\/index.php\/wp-json\/wp\/v2\/users\/1"}],"replies":[{"embeddable":true,"href":"https:\/\/fun88dt.com\/index.php\/wp-json\/wp\/v2\/comments?post=99"}],"version-history":[{"count":1,"href":"https:\/\/fun88dt.com\/index.php\/wp-json\/wp\/v2\/pages\/99\/revisions"}],"predecessor-version":[{"id":119,"href":"https:\/\/fun88dt.com\/index.php\/wp-json\/wp\/v2\/pages\/99\/revisions\/119"}],"wp:featuredmedia":[{"embeddable":true,"href":"https:\/\/fun88dt.com\/index.php\/wp-json\/wp\/v2\/media\/62"}],"wp:attachment":[{"href":"https:\/\/fun88dt.com\/index.php\/wp-json\/wp\/v2\/media?parent=99"}],"curies":[{"name":"wp","href":"https:\/\/api.w.org\/{rel}","templated":true}]}}